{"id":110,"date":"2019-08-31T19:14:15","date_gmt":"2019-08-31T17:14:15","guid":{"rendered":"http:\/\/isabelle.geoderis.fr\/?page_id=110"},"modified":"2021-09-02T09:51:46","modified_gmt":"2021-09-02T07:51:46","slug":"lencadrement","status":"publish","type":"page","link":"https:\/\/karateclubmetz.fr\/?page_id=110","title":{"rendered":"L&rsquo;encadrement"},"content":{"rendered":"\t\t<div data-elementor-type=\"wp-page\" data-elementor-id=\"110\" class=\"elementor elementor-110\">\n\t\t\t\t\t\t<section class=\"elementor-section elementor-top-section elementor-element elementor-element-5045c917 elementor-section-boxed elementor-section-height-default elementor-section-height-default\" data-id=\"5045c917\" data-element_type=\"section\">\n\t\t\t\t\t\t<div class=\"elementor-container elementor-column-gap-default\">\n\t\t\t\t\t<div class=\"elementor-column elementor-col-100 elementor-top-column elementor-element elementor-element-b603b4e\" data-id=\"b603b4e\" data-element_type=\"column\">\n\t\t\t<div class=\"elementor-widget-wrap elementor-element-populated\">\n\t\t\t\t\t\t<div class=\"elementor-element elementor-element-776b1ca2 elementor-widget elementor-widget-text-editor\" data-id=\"776b1ca2\" data-element_type=\"widget\" data-widget_type=\"text-editor.default\">\n\t\t\t\t<div class=\"elementor-widget-container\">\n\t\t\t\t\t\t\t<p><!-- wp:quote {\"align\":\"center\",\"className\":\"is-style-default\"} --><\/p>\n<blockquote class=\"wp-block-quote has-text-align-center is-style-default\">\n<p>Ne m\u00e9nage pas tes efforts quand tu enseignes. Tu avances en m\u00eame temps que tes \u00e9l\u00e8ves. Ne sois pas impatient. Personne n\u2019apprends tout bien sur le coup. La pers\u00e9v\u00e9rance dans l\u2019enseignement est importante, tout comme la patience, la gentillesse, et l\u2019habilit\u00e9 de se mettre \u00e0 la place de l\u2019\u00e9l\u00e8ve<\/p>\n<p><cite> Gichin Funakoshi <\/cite><\/p>\n<\/blockquote>\n<p><!-- \/wp:quote --><\/p>\n<p><!-- wp:paragraph --><\/p>\n<p>Le Karat\u00e9 Club de Metz veille \u00e0 la qualit\u00e9 de son enseignement dans toutes ses sections. Les professeurs sont dipl\u00f4m\u00e9s et suivent des stages r\u00e9guli\u00e8rement. Ils sont \u00e9galement titulaires de l&rsquo;unit\u00e9 d&rsquo;enseignement <strong>\u00ab\u00a0<a href=\"http:\/\/www.interieur.gouv.fr\/sections\/a_l_interieur\/defense_et_securite_civiles\/formation\/nnfasc\/acs\/psc-1\/\" target=\"_blank\" rel=\"noreferrer noopener\">PSC 1<\/a>\u00ab\u00a0<\/strong> (Pr\u00e9vention et Secours Civiques de niveau 1, anciennement l&rsquo;A.F.P.S.).<\/p>\n<p><!-- \/wp:paragraph --><\/p>\n<p><!-- wp:media-text {\"mediaId\":111,\"mediaType\":\"image\",\"mediaWidth\":21,\"isStackedOnMobile\":false,\"className\":\"alignwide\"} --><\/p>\n<div class=\"wp-block-media-text alignwide\" style=\"grid-template-columns: 21% auto;\">\n<figure class=\"wp-block-media-text__media\"><img fetchpriority=\"high\" decoding=\"async\" width=\"274\" height=\"546\" class=\"wp-image-111\" src=\"http:\/\/karateclubmetz.fr\/wp-content\/uploads\/2019\/08\/kcm_joel_nunes.jpg\" alt=\"\" srcset=\"https:\/\/karateclubmetz.fr\/wp-content\/uploads\/2019\/08\/kcm_joel_nunes.jpg 274w, https:\/\/karateclubmetz.fr\/wp-content\/uploads\/2019\/08\/kcm_joel_nunes-151x300.jpg 151w\" sizes=\"(max-width: 274px) 100vw, 274px\" \/><\/figure>\n<div class=\"wp-block-media-text__content\">\n<p><!-- wp:paragraph {\"align\":\"center\",\"placeholder\":\"Contenu\u2026\",\"textColor\":\"vivid-red\"} --><\/p>\n<p class=\"has-text-align-center has-vivid-red-color has-text-color\"><strong>Jo\u00ebl NUNES<\/strong><br \/>Ceinture noire 7<sup>\u00e8me<\/sup> dan<br \/><strong>B.E.E.S. 1<\/strong><sup><strong>er<\/strong><\/sup><strong> Degr\u00e9<br \/>D.E.J.E.P.S<br \/>Instructeur f\u00e9d\u00e9ral<\/strong><\/p>\n<p><!-- \/wp:paragraph --><\/p>\n<\/div>\n<\/div>\n<p><!-- \/wp:media-text --><\/p>\n<p><!-- wp:media-text {\"mediaPosition\":\"right\",\"mediaId\":112,\"mediaType\":\"image\",\"mediaWidth\":21,\"isStackedOnMobile\":false,\"className\":\"alignwide\"} --><\/p>\n<div class=\"wp-block-media-text alignwide has-media-on-the-right\" style=\"grid-template-columns: auto 21%;\">\n<figure class=\"wp-block-media-text__media\"><\/figure>\n<div class=\"wp-block-media-text__content\">\n<p><!-- wp:paragraph {\"align\":\"center\",\"placeholder\":\"Contenu\u2026\"} --><\/p>\n<p class=\"has-text-align-center\"><strong>\u00a0<\/strong><\/p>\n<p><!-- \/wp:paragraph --><\/p>\n<\/div>\n<\/div>\n<p><!-- \/wp:media-text --><\/p>\n<p><!-- wp:media-text {\"mediaId\":113,\"mediaType\":\"image\",\"mediaWidth\":21,\"isStackedOnMobile\":false,\"className\":\"alignwide\"} --><\/p>\n<div class=\"wp-block-media-text alignwide\" style=\"grid-template-columns: 21% auto;\">\n<figure class=\"wp-block-media-text__media\"><img decoding=\"async\" width=\"226\" height=\"557\" class=\"wp-image-113\" src=\"http:\/\/karateclubmetz.fr\/wp-content\/uploads\/2019\/08\/kcm_landry_gerardin.jpg\" alt=\"\" srcset=\"https:\/\/karateclubmetz.fr\/wp-content\/uploads\/2019\/08\/kcm_landry_gerardin.jpg 226w, https:\/\/karateclubmetz.fr\/wp-content\/uploads\/2019\/08\/kcm_landry_gerardin-122x300.jpg 122w\" sizes=\"(max-width: 226px) 100vw, 226px\" \/><\/figure>\n<div class=\"wp-block-media-text__content\">\n<p><!-- wp:paragraph {\"align\":\"center\",\"placeholder\":\"Contenu\u2026\"} --><\/p>\n<p class=\"has-text-align-center\"><strong>Landry GERARDIN<\/strong><br \/>Ceinture noire 4<sup>\u00e8me<\/sup> dan<br \/><strong>Instructeur f\u00e9d\u00e9ral<\/strong><\/p>\n<p><!-- \/wp:paragraph --><\/p>\n<\/div>\n<\/div>\n<p><!-- \/wp:media-text --><\/p>\n<p><!-- wp:media-text {\"mediaPosition\":\"right\",\"mediaId\":115,\"mediaType\":\"image\",\"mediaWidth\":21,\"isStackedOnMobile\":false,\"className\":\"alignwide\"} --><\/p>\n<div class=\"wp-block-media-text alignwide has-media-on-the-right\" style=\"grid-template-columns: auto 21%;\">\n<figure class=\"wp-block-media-text__media\"><img decoding=\"async\" width=\"206\" height=\"574\" class=\"wp-image-115\" src=\"http:\/\/karateclubmetz.fr\/wp-content\/uploads\/2019\/08\/kcm_damien_lucas.jpg\" alt=\"\" srcset=\"https:\/\/karateclubmetz.fr\/wp-content\/uploads\/2019\/08\/kcm_damien_lucas.jpg 206w, https:\/\/karateclubmetz.fr\/wp-content\/uploads\/2019\/08\/kcm_damien_lucas-108x300.jpg 108w\" sizes=\"(max-width: 206px) 100vw, 206px\" \/><\/figure>\n<div class=\"wp-block-media-text__content\">\n<p><!-- wp:paragraph {\"align\":\"center\",\"placeholder\":\"Contenu\u2026\"} --><\/p>\n<p class=\"has-text-align-center\"><strong>Damien LUCAS<\/strong><br \/>Ceinture noire 4<sup>\u00e8me<\/sup> dan<br \/><strong>Instructeur f\u00e9d\u00e9ral<\/strong><\/p>\n<p><!-- \/wp:paragraph --><\/p>\n<\/div>\n<\/div>\n<p><!-- \/wp:media-text --><\/p>\n<p><!-- wp:media-text {\"mediaId\":253,\"mediaType\":\"image\",\"mediaWidth\":23,\"isStackedOnMobile\":false,\"className\":\"alignwide\"} --><\/p>\n<div class=\"wp-block-media-text alignwide\" style=\"grid-template-columns: 23% auto;\">\n<figure class=\"wp-block-media-text__media\"><img loading=\"lazy\" decoding=\"async\" width=\"447\" height=\"1024\" class=\"wp-image-253\" src=\"http:\/\/karateclubmetz.fr\/wp-content\/uploads\/2019\/09\/kcm_isabelle_vuidart-447x1024.jpg\" alt=\"\" srcset=\"https:\/\/karateclubmetz.fr\/wp-content\/uploads\/2019\/09\/kcm_isabelle_vuidart-447x1024.jpg 447w, https:\/\/karateclubmetz.fr\/wp-content\/uploads\/2019\/09\/kcm_isabelle_vuidart-131x300.jpg 131w, https:\/\/karateclubmetz.fr\/wp-content\/uploads\/2019\/09\/kcm_isabelle_vuidart-768x1760.jpg 768w, https:\/\/karateclubmetz.fr\/wp-content\/uploads\/2019\/09\/kcm_isabelle_vuidart-830x1902.jpg 830w, https:\/\/karateclubmetz.fr\/wp-content\/uploads\/2019\/09\/kcm_isabelle_vuidart-230x527.jpg 230w, https:\/\/karateclubmetz.fr\/wp-content\/uploads\/2019\/09\/kcm_isabelle_vuidart-350x802.jpg 350w, https:\/\/karateclubmetz.fr\/wp-content\/uploads\/2019\/09\/kcm_isabelle_vuidart-480x1100.jpg 480w, https:\/\/karateclubmetz.fr\/wp-content\/uploads\/2019\/09\/kcm_isabelle_vuidart.jpg 1424w\" sizes=\"(max-width: 447px) 100vw, 447px\" \/><\/figure>\n<div class=\"wp-block-media-text__content\">\n<p><!-- wp:paragraph {\"align\":\"center\",\"placeholder\":\"Contenu\u2026\"} --><\/p>\n<p class=\"has-text-align-center\"><strong>Isabelle Vuidart<\/strong><br \/>Ceinture noire 4<sup>\u00e8me<\/sup> dan<br \/><strong>Instructeur f\u00e9d\u00e9ral<\/strong><\/p>\n<p><!-- \/wp:paragraph --><\/p>\n<\/div>\n<\/div>\n<p><!-- \/wp:media-text --><\/p>\n<p><!-- wp:media-text {\"mediaPosition\":\"right\",\"mediaId\":120,\"mediaType\":\"image\",\"mediaWidth\":19,\"isStackedOnMobile\":false,\"className\":\"alignwide\"} --><\/p>\n<div class=\"wp-block-media-text alignwide has-media-on-the-right\" style=\"grid-template-columns: auto 19%;\">\n<figure class=\"wp-block-media-text__media\"><\/figure>\n<\/div>\n<div class=\"wp-block-media-text alignwide\" style=\"grid-template-columns: 18% auto;\">\n<p>\u00a0<\/p>\n<\/div>\n<p><!-- \/wp:media-text --><\/p>\n<p><!-- wp:paragraph --><\/p>\n<p><!-- \/wp:paragraph --><\/p>\t\t\t\t\t\t<\/div>\n\t\t\t\t<\/div>\n\t\t\t\t\t<\/div>\n\t\t<\/div>\n\t\t\t\t\t<\/div>\n\t\t<\/section>\n\t\t\t\t<section class=\"elementor-section elementor-top-section elementor-element elementor-element-3ce6f19 elementor-section-boxed elementor-section-height-default elementor-section-height-default\" data-id=\"3ce6f19\" data-element_type=\"section\">\n\t\t\t\t\t\t<div class=\"elementor-container elementor-column-gap-default\">\n\t\t\t\t\t<div class=\"elementor-column elementor-col-100 elementor-top-column elementor-element elementor-element-c21a502\" data-id=\"c21a502\" data-element_type=\"column\">\n\t\t\t<div class=\"elementor-widget-wrap elementor-element-populated\">\n\t\t\t\t\t\t<div class=\"elementor-element elementor-element-36c5a8a elementor-widget elementor-widget-text-editor\" data-id=\"36c5a8a\" data-element_type=\"widget\" data-widget_type=\"text-editor.default\">\n\t\t\t\t<div class=\"elementor-widget-container\">\n\t\t\t\t\t\t\t<p><strong>Mohamed Bergham<\/strong><br \/>Ceinture noire 4<sup>\u00e8re<\/sup> dan<br \/><br \/><\/p>\n<p>\u00a0<\/p>\t\t\t\t\t\t<\/div>\n\t\t\t\t<\/div>\n\t\t\t\t\t<\/div>\n\t\t<\/div>\n\t\t\t\t\t<\/div>\n\t\t<\/section>\n\t\t\t\t<section class=\"elementor-section elementor-top-section elementor-element elementor-element-89f568c elementor-section-boxed elementor-section-height-default elementor-section-height-default\" data-id=\"89f568c\" data-element_type=\"section\">\n\t\t\t\t\t\t<div class=\"elementor-container elementor-column-gap-default\">\n\t\t\t\t\t<div class=\"elementor-column elementor-col-100 elementor-top-column elementor-element elementor-element-200eb4c\" data-id=\"200eb4c\" data-element_type=\"column\">\n\t\t\t<div class=\"elementor-widget-wrap elementor-element-populated\">\n\t\t\t\t\t\t<div class=\"elementor-element elementor-element-30b33b9 elementor-widget elementor-widget-text-editor\" data-id=\"30b33b9\" data-element_type=\"widget\" data-widget_type=\"text-editor.default\">\n\t\t\t\t<div class=\"elementor-widget-container\">\n\t\t\t\t\t\t\t<p><strong>Aur\u00e9lie Escaro<\/strong><br \/>Ceinture noire 2<sup>\u00e8re<\/sup> dan<br \/><strong>Instructeur f\u00e9d\u00e9ral<\/strong><\/p>\t\t\t\t\t\t<\/div>\n\t\t\t\t<\/div>\n\t\t\t\t\t<\/div>\n\t\t<\/div>\n\t\t\t\t\t<\/div>\n\t\t<\/section>\n\t\t\t\t<section class=\"elementor-section elementor-top-section elementor-element elementor-element-41ecff0 elementor-section-boxed elementor-section-height-default elementor-section-height-default\" data-id=\"41ecff0\" data-element_type=\"section\">\n\t\t\t\t\t\t<div class=\"elementor-container elementor-column-gap-default\">\n\t\t\t\t\t<div class=\"elementor-column elementor-col-100 elementor-top-column elementor-element elementor-element-16e3ce7\" data-id=\"16e3ce7\" data-element_type=\"column\">\n\t\t\t<div class=\"elementor-widget-wrap elementor-element-populated\">\n\t\t\t\t\t\t<div class=\"elementor-element elementor-element-5ed3b1e elementor-widget elementor-widget-text-editor\" data-id=\"5ed3b1e\" data-element_type=\"widget\" data-widget_type=\"text-editor.default\">\n\t\t\t\t<div class=\"elementor-widget-container\">\n\t\t\t\t\t\t\t<p><strong>Fabrice Diedrich<\/strong><br \/>Ceinture noire 2<sup>\u00e8re<\/sup> dan<br \/><strong>Animateur f\u00e9d\u00e9ral<\/strong><\/p>\t\t\t\t\t\t<\/div>\n\t\t\t\t<\/div>\n\t\t\t\t\t<\/div>\n\t\t<\/div>\n\t\t\t\t\t<\/div>\n\t\t<\/section>\n\t\t\t\t<section class=\"elementor-section elementor-top-section elementor-element elementor-element-04c1f64 elementor-section-boxed elementor-section-height-default elementor-section-height-default\" data-id=\"04c1f64\" data-element_type=\"section\">\n\t\t\t\t\t\t<div class=\"elementor-container elementor-column-gap-default\">\n\t\t\t\t\t<div class=\"elementor-column elementor-col-100 elementor-top-column elementor-element elementor-element-c140dda\" data-id=\"c140dda\" data-element_type=\"column\">\n\t\t\t<div class=\"elementor-widget-wrap elementor-element-populated\">\n\t\t\t\t\t\t<div class=\"elementor-element elementor-element-97b7dbc elementor-widget elementor-widget-text-editor\" data-id=\"97b7dbc\" data-element_type=\"widget\" data-widget_type=\"text-editor.default\">\n\t\t\t\t<div class=\"elementor-widget-container\">\n\t\t\t\t\t\t\t<p><strong>St\u00e9fany Portolano<br \/><\/strong>Ceinture noire 1<sup>\u00e8re<\/sup> dan<strong><br \/>Animateur f\u00e9d\u00e9ral<\/strong><\/p>\t\t\t\t\t\t<\/div>\n\t\t\t\t<\/div>\n\t\t\t\t\t<\/div>\n\t\t<\/div>\n\t\t\t\t\t<\/div>\n\t\t<\/section>\n\t\t\t\t<\/div>\n\t\t","protected":false},"excerpt":{"rendered":"<p>Ne m\u00e9nage pas tes efforts quand tu enseignes. Tu avances en m\u00eame temps que tes \u00e9l\u00e8ves. Ne sois pas impatient. Personne n\u2019apprends [&hellip;]<\/p>\n","protected":false},"author":1,"featured_media":0,"parent":0,"menu_order":0,"comment_status":"closed","ping_status":"closed","template":"","meta":{"footnotes":""},"class_list":["post-110","page","type-page","status-publish","hentry"],"yoast_head":"<!-- This site is optimized with the Yoast SEO plugin v23.3 - https:\/\/yoast.com\/wordpress\/plugins\/seo\/ -->\n<title>L&#039;encadrement - Karat\u00e9 Club de Metz<\/title>\n<meta name=\"description\" content=\"Le Karat\u00e9 Club de Metz veille \u00e0 la qualit\u00e9 de son enseignement dans toutes ses sections. Les professeurs sont dipl\u00f4m\u00e9s et suivent des stages r\u00e9guli\u00e8rement.\" \/>\n<meta name=\"robots\" content=\"index, follow, max-snippet:-1, max-image-preview:large, max-video-preview:-1\" \/>\n<link rel=\"canonical\" href=\"https:\/\/karateclubmetz.fr\/?page_id=110\" \/>\n<meta property=\"og:locale\" content=\"fr_FR\" \/>\n<meta property=\"og:type\" content=\"article\" \/>\n<meta property=\"og:title\" content=\"L&#039;encadrement - Karat\u00e9 Club de Metz\" \/>\n<meta property=\"og:description\" content=\"Le Karat\u00e9 Club de Metz veille \u00e0 la qualit\u00e9 de son enseignement dans toutes ses sections. Les professeurs sont dipl\u00f4m\u00e9s et suivent des stages r\u00e9guli\u00e8rement.\" \/>\n<meta property=\"og:url\" content=\"https:\/\/karateclubmetz.fr\/?page_id=110\" \/>\n<meta property=\"og:site_name\" content=\"Karat\u00e9 Club de Metz\" \/>\n<meta property=\"article:publisher\" content=\"http:\/\/www.facebook.com\/group.php?gid=107459822611766\" \/>\n<meta property=\"article:modified_time\" content=\"2021-09-02T07:51:46+00:00\" \/>\n<meta property=\"og:image\" content=\"http:\/\/karateclubmetz.fr\/wp-content\/uploads\/2019\/08\/kcm_joel_nunes.jpg\" \/>\n<meta name=\"twitter:card\" content=\"summary_large_image\" \/>\n<meta name=\"twitter:label1\" content=\"Dur\u00e9e de lecture estim\u00e9e\" \/>\n\t<meta name=\"twitter:data1\" content=\"1 minute\" \/>\n<script type=\"application\/ld+json\" class=\"yoast-schema-graph\">{\"@context\":\"https:\/\/schema.org\",\"@graph\":[{\"@type\":\"WebPage\",\"@id\":\"https:\/\/karateclubmetz.fr\/?page_id=110\",\"url\":\"https:\/\/karateclubmetz.fr\/?page_id=110\",\"name\":\"L'encadrement - Karat\u00e9 Club de Metz\",\"isPartOf\":{\"@id\":\"https:\/\/karateclubmetz.fr\/#website\"},\"primaryImageOfPage\":{\"@id\":\"https:\/\/karateclubmetz.fr\/?page_id=110#primaryimage\"},\"image\":{\"@id\":\"https:\/\/karateclubmetz.fr\/?page_id=110#primaryimage\"},\"thumbnailUrl\":\"http:\/\/karateclubmetz.fr\/wp-content\/uploads\/2019\/08\/kcm_joel_nunes.jpg\",\"datePublished\":\"2019-08-31T17:14:15+00:00\",\"dateModified\":\"2021-09-02T07:51:46+00:00\",\"description\":\"Le Karat\u00e9 Club de Metz veille \u00e0 la qualit\u00e9 de son enseignement dans toutes ses sections. Les professeurs sont dipl\u00f4m\u00e9s et suivent des stages r\u00e9guli\u00e8rement.\",\"breadcrumb\":{\"@id\":\"https:\/\/karateclubmetz.fr\/?page_id=110#breadcrumb\"},\"inLanguage\":\"fr-FR\",\"potentialAction\":[{\"@type\":\"ReadAction\",\"target\":[\"https:\/\/karateclubmetz.fr\/?page_id=110\"]}]},{\"@type\":\"ImageObject\",\"inLanguage\":\"fr-FR\",\"@id\":\"https:\/\/karateclubmetz.fr\/?page_id=110#primaryimage\",\"url\":\"https:\/\/karateclubmetz.fr\/wp-content\/uploads\/2019\/08\/kcm_joel_nunes.jpg\",\"contentUrl\":\"https:\/\/karateclubmetz.fr\/wp-content\/uploads\/2019\/08\/kcm_joel_nunes.jpg\",\"width\":274,\"height\":546},{\"@type\":\"BreadcrumbList\",\"@id\":\"https:\/\/karateclubmetz.fr\/?page_id=110#breadcrumb\",\"itemListElement\":[{\"@type\":\"ListItem\",\"position\":1,\"name\":\"Accueil\",\"item\":\"https:\/\/karateclubmetz.fr\/\"},{\"@type\":\"ListItem\",\"position\":2,\"name\":\"L&rsquo;encadrement\"}]},{\"@type\":\"WebSite\",\"@id\":\"https:\/\/karateclubmetz.fr\/#website\",\"url\":\"https:\/\/karateclubmetz.fr\/\",\"name\":\"Karat\u00e9 Club de Metz\",\"description\":\"Le Karat\u00e9 est dans tout ce que vous faites, L\u00e0 est la beaut\u00e9 du travail\",\"publisher\":{\"@id\":\"https:\/\/karateclubmetz.fr\/#organization\"},\"potentialAction\":[{\"@type\":\"SearchAction\",\"target\":{\"@type\":\"EntryPoint\",\"urlTemplate\":\"https:\/\/karateclubmetz.fr\/?s={search_term_string}\"},\"query-input\":\"required name=search_term_string\"}],\"inLanguage\":\"fr-FR\"},{\"@type\":\"Organization\",\"@id\":\"https:\/\/karateclubmetz.fr\/#organization\",\"name\":\"Karat\u00e9 Club de Metz\",\"url\":\"https:\/\/karateclubmetz.fr\/\",\"logo\":{\"@type\":\"ImageObject\",\"inLanguage\":\"fr-FR\",\"@id\":\"https:\/\/karateclubmetz.fr\/#\/schema\/logo\/image\/\",\"url\":\"https:\/\/karateclubmetz.fr\/wp-content\/uploads\/2019\/09\/logo_kcm.jpg\",\"contentUrl\":\"https:\/\/karateclubmetz.fr\/wp-content\/uploads\/2019\/09\/logo_kcm.jpg\",\"width\":157,\"height\":157,\"caption\":\"Karat\u00e9 Club de Metz\"},\"image\":{\"@id\":\"https:\/\/karateclubmetz.fr\/#\/schema\/logo\/image\/\"},\"sameAs\":[\"http:\/\/www.facebook.com\/group.php?gid=107459822611766\",\"https:\/\/instagram.com\/karate_club_de_metz?igshid=181ca0zciwjvq\",\"https:\/\/www.youtube.com\/watch?v=nm26u2MIRwY\"]}]}<\/script>\n<!-- \/ Yoast SEO plugin. -->","yoast_head_json":{"title":"L'encadrement - Karat\u00e9 Club de Metz","description":"Le Karat\u00e9 Club de Metz veille \u00e0 la qualit\u00e9 de son enseignement dans toutes ses sections. Les professeurs sont dipl\u00f4m\u00e9s et suivent des stages r\u00e9guli\u00e8rement.","robots":{"index":"index","follow":"follow","max-snippet":"max-snippet:-1","max-image-preview":"max-image-preview:large","max-video-preview":"max-video-preview:-1"},"canonical":"https:\/\/karateclubmetz.fr\/?page_id=110","og_locale":"fr_FR","og_type":"article","og_title":"L'encadrement - Karat\u00e9 Club de Metz","og_description":"Le Karat\u00e9 Club de Metz veille \u00e0 la qualit\u00e9 de son enseignement dans toutes ses sections. Les professeurs sont dipl\u00f4m\u00e9s et suivent des stages r\u00e9guli\u00e8rement.","og_url":"https:\/\/karateclubmetz.fr\/?page_id=110","og_site_name":"Karat\u00e9 Club de Metz","article_publisher":"http:\/\/www.facebook.com\/group.php?gid=107459822611766","article_modified_time":"2021-09-02T07:51:46+00:00","og_image":[{"url":"http:\/\/karateclubmetz.fr\/wp-content\/uploads\/2019\/08\/kcm_joel_nunes.jpg"}],"twitter_card":"summary_large_image","twitter_misc":{"Dur\u00e9e de lecture estim\u00e9e":"1 minute"},"schema":{"@context":"https:\/\/schema.org","@graph":[{"@type":"WebPage","@id":"https:\/\/karateclubmetz.fr\/?page_id=110","url":"https:\/\/karateclubmetz.fr\/?page_id=110","name":"L'encadrement - Karat\u00e9 Club de Metz","isPartOf":{"@id":"https:\/\/karateclubmetz.fr\/#website"},"primaryImageOfPage":{"@id":"https:\/\/karateclubmetz.fr\/?page_id=110#primaryimage"},"image":{"@id":"https:\/\/karateclubmetz.fr\/?page_id=110#primaryimage"},"thumbnailUrl":"http:\/\/karateclubmetz.fr\/wp-content\/uploads\/2019\/08\/kcm_joel_nunes.jpg","datePublished":"2019-08-31T17:14:15+00:00","dateModified":"2021-09-02T07:51:46+00:00","description":"Le Karat\u00e9 Club de Metz veille \u00e0 la qualit\u00e9 de son enseignement dans toutes ses sections. Les professeurs sont dipl\u00f4m\u00e9s et suivent des stages r\u00e9guli\u00e8rement.","breadcrumb":{"@id":"https:\/\/karateclubmetz.fr\/?page_id=110#breadcrumb"},"inLanguage":"fr-FR","potentialAction":[{"@type":"ReadAction","target":["https:\/\/karateclubmetz.fr\/?page_id=110"]}]},{"@type":"ImageObject","inLanguage":"fr-FR","@id":"https:\/\/karateclubmetz.fr\/?page_id=110#primaryimage","url":"https:\/\/karateclubmetz.fr\/wp-content\/uploads\/2019\/08\/kcm_joel_nunes.jpg","contentUrl":"https:\/\/karateclubmetz.fr\/wp-content\/uploads\/2019\/08\/kcm_joel_nunes.jpg","width":274,"height":546},{"@type":"BreadcrumbList","@id":"https:\/\/karateclubmetz.fr\/?page_id=110#breadcrumb","itemListElement":[{"@type":"ListItem","position":1,"name":"Accueil","item":"https:\/\/karateclubmetz.fr\/"},{"@type":"ListItem","position":2,"name":"L&rsquo;encadrement"}]},{"@type":"WebSite","@id":"https:\/\/karateclubmetz.fr\/#website","url":"https:\/\/karateclubmetz.fr\/","name":"Karat\u00e9 Club de Metz","description":"Le Karat\u00e9 est dans tout ce que vous faites, L\u00e0 est la beaut\u00e9 du travail","publisher":{"@id":"https:\/\/karateclubmetz.fr\/#organization"},"potentialAction":[{"@type":"SearchAction","target":{"@type":"EntryPoint","urlTemplate":"https:\/\/karateclubmetz.fr\/?s={search_term_string}"},"query-input":"required name=search_term_string"}],"inLanguage":"fr-FR"},{"@type":"Organization","@id":"https:\/\/karateclubmetz.fr\/#organization","name":"Karat\u00e9 Club de Metz","url":"https:\/\/karateclubmetz.fr\/","logo":{"@type":"ImageObject","inLanguage":"fr-FR","@id":"https:\/\/karateclubmetz.fr\/#\/schema\/logo\/image\/","url":"https:\/\/karateclubmetz.fr\/wp-content\/uploads\/2019\/09\/logo_kcm.jpg","contentUrl":"https:\/\/karateclubmetz.fr\/wp-content\/uploads\/2019\/09\/logo_kcm.jpg","width":157,"height":157,"caption":"Karat\u00e9 Club de Metz"},"image":{"@id":"https:\/\/karateclubmetz.fr\/#\/schema\/logo\/image\/"},"sameAs":["http:\/\/www.facebook.com\/group.php?gid=107459822611766","https:\/\/instagram.com\/karate_club_de_metz?igshid=181ca0zciwjvq","https:\/\/www.youtube.com\/watch?v=nm26u2MIRwY"]}]}},"_links":{"self":[{"href":"https:\/\/karateclubmetz.fr\/index.php?rest_route=\/wp\/v2\/pages\/110"}],"collection":[{"href":"https:\/\/karateclubmetz.fr\/index.php?rest_route=\/wp\/v2\/pages"}],"about":[{"href":"https:\/\/karateclubmetz.fr\/index.php?rest_route=\/wp\/v2\/types\/page"}],"author":[{"embeddable":true,"href":"https:\/\/karateclubmetz.fr\/index.php?rest_route=\/wp\/v2\/users\/1"}],"replies":[{"embeddable":true,"href":"https:\/\/karateclubmetz.fr\/index.php?rest_route=%2Fwp%2Fv2%2Fcomments&post=110"}],"version-history":[{"count":10,"href":"https:\/\/karateclubmetz.fr\/index.php?rest_route=\/wp\/v2\/pages\/110\/revisions"}],"predecessor-version":[{"id":1024,"href":"https:\/\/karateclubmetz.fr\/index.php?rest_route=\/wp\/v2\/pages\/110\/revisions\/1024"}],"wp:attachment":[{"href":"https:\/\/karateclubmetz.fr\/index.php?rest_route=%2Fwp%2Fv2%2Fmedia&parent=110"}],"curies":[{"name":"wp","href":"https:\/\/api.w.org\/{rel}","templated":true}]}}