{"id":124,"date":"2019-08-31T19:48:19","date_gmt":"2019-08-31T17:48:19","guid":{"rendered":"http:\/\/isabelle.geoderis.fr\/?page_id=124"},"modified":"2022-08-17T22:15:25","modified_gmt":"2022-08-17T20:15:25","slug":"le-club","status":"publish","type":"page","link":"https:\/\/karateclubmetz.fr\/?page_id=124","title":{"rendered":"Le Club"},"content":{"rendered":"\n<p>Apr\u00e8s avoir fait partie pendant plusieurs ann\u00e9es d&rsquo;une association regroupant diverses activit\u00e9s, notre section Karat\u00e9, modeste mais ambitieuse, d\u00e9cida de voler de ses propres ailes. C&rsquo;est ainsi que naquit le 31 juillet 1998 l&rsquo;association :\u00a0Karat\u00e9\u00a0Club de\u00a0Metz. Affili\u00e9e \u00e0 la F.F.Karat\u00e9 depuis le 17 septembre 1998, nous pratiquons, en son sein, le\u00a0style <strong>Shotokan<\/strong>. <\/p>\n\n\n\n<figure class=\"wp-block-gallery alignright has-nested-images columns-default is-cropped wp-block-gallery-1 is-layout-flex wp-block-gallery-is-layout-flex\">\n<figure class=\"wp-block-image\"><img fetchpriority=\"high\" decoding=\"async\" width=\"720\" height=\"540\" data-id=\"45\" src=\"http:\/\/karateclubmetz.fr\/wp-content\/uploads\/2019\/08\/groupe-karate-1.jpg\" alt=\"\" class=\"wp-image-45\" srcset=\"https:\/\/karateclubmetz.fr\/wp-content\/uploads\/2019\/08\/groupe-karate-1.jpg 720w, https:\/\/karateclubmetz.fr\/wp-content\/uploads\/2019\/08\/groupe-karate-1-300x225.jpg 300w\" sizes=\"(max-width: 720px) 100vw, 720px\" \/><\/figure>\n<\/figure>\n\n\n\n<p> \u00a0Le Karat\u00e9 Club de Metz, dirig\u00e9 par Jo\u00ebl NUNES -7\u00e8me Dan- et ses suppl\u00e9ants, est fier du travail accompli par ses \u00e9l\u00e8ves. Au sein de cette association, dont chaque membre, comp\u00e9titeur ou non, fait partie int\u00e9grante, vous trouverez non seulement un travail technique de qualit\u00e9, un apprentissage des valeurs des arts martiaux, mais aussi une ambiance conviviale.<br><\/p>\n\n\n\n<p><\/p>\n\n\n\n<p>Les cours ont lieux sur trois sites : le gymnase du Dauphin\u00e9 \u00e0 Borny, le centre socio-culturel de Magny et les Ar\u00e8nes<\/p>\n","protected":false},"excerpt":{"rendered":"<p>Apr\u00e8s avoir fait partie pendant plusieurs ann\u00e9es d&rsquo;une association regroupant diverses activit\u00e9s, notre section Karat\u00e9, modeste mais ambitieuse, d\u00e9cida de voler de [&hellip;]<\/p>\n","protected":false},"author":1,"featured_media":0,"parent":0,"menu_order":0,"comment_status":"closed","ping_status":"closed","template":"","meta":{"footnotes":""},"class_list":["post-124","page","type-page","status-publish","hentry"],"yoast_head":"<!-- This site is optimized with the Yoast SEO plugin v23.3 - https:\/\/yoast.com\/wordpress\/plugins\/seo\/ -->\n<title>Le Club - Karat\u00e9 Club de Metz<\/title>\n<meta name=\"robots\" content=\"index, follow, max-snippet:-1, max-image-preview:large, max-video-preview:-1\" \/>\n<link rel=\"canonical\" href=\"https:\/\/karateclubmetz.fr\/?page_id=124\" \/>\n<meta property=\"og:locale\" content=\"fr_FR\" \/>\n<meta property=\"og:type\" content=\"article\" \/>\n<meta property=\"og:title\" content=\"Le Club - Karat\u00e9 Club de Metz\" \/>\n<meta property=\"og:description\" content=\"Apr\u00e8s avoir fait partie pendant plusieurs ann\u00e9es d&rsquo;une association regroupant diverses activit\u00e9s, notre section Karat\u00e9, modeste mais ambitieuse, d\u00e9cida de voler de [&hellip;]\" \/>\n<meta property=\"og:url\" content=\"https:\/\/karateclubmetz.fr\/?page_id=124\" \/>\n<meta property=\"og:site_name\" content=\"Karat\u00e9 Club de Metz\" \/>\n<meta property=\"article:publisher\" content=\"http:\/\/www.facebook.com\/group.php?gid=107459822611766\" \/>\n<meta property=\"article:modified_time\" content=\"2022-08-17T20:15:25+00:00\" \/>\n<meta property=\"og:image\" content=\"http:\/\/karateclubmetz.fr\/wp-content\/uploads\/2019\/08\/groupe-karate-1.jpg\" \/>\n<meta name=\"twitter:card\" content=\"summary_large_image\" \/>\n<meta name=\"twitter:label1\" content=\"Dur\u00e9e de lecture estim\u00e9e\" \/>\n\t<meta name=\"twitter:data1\" content=\"1 minute\" \/>\n<script type=\"application\/ld+json\" class=\"yoast-schema-graph\">{\"@context\":\"https:\/\/schema.org\",\"@graph\":[{\"@type\":\"WebPage\",\"@id\":\"https:\/\/karateclubmetz.fr\/?page_id=124\",\"url\":\"https:\/\/karateclubmetz.fr\/?page_id=124\",\"name\":\"Le Club - Karat\u00e9 Club de Metz\",\"isPartOf\":{\"@id\":\"https:\/\/karateclubmetz.fr\/#website\"},\"primaryImageOfPage\":{\"@id\":\"https:\/\/karateclubmetz.fr\/?page_id=124#primaryimage\"},\"image\":{\"@id\":\"https:\/\/karateclubmetz.fr\/?page_id=124#primaryimage\"},\"thumbnailUrl\":\"http:\/\/karateclubmetz.fr\/wp-content\/uploads\/2019\/08\/groupe-karate-1.jpg\",\"datePublished\":\"2019-08-31T17:48:19+00:00\",\"dateModified\":\"2022-08-17T20:15:25+00:00\",\"breadcrumb\":{\"@id\":\"https:\/\/karateclubmetz.fr\/?page_id=124#breadcrumb\"},\"inLanguage\":\"fr-FR\",\"potentialAction\":[{\"@type\":\"ReadAction\",\"target\":[\"https:\/\/karateclubmetz.fr\/?page_id=124\"]}]},{\"@type\":\"ImageObject\",\"inLanguage\":\"fr-FR\",\"@id\":\"https:\/\/karateclubmetz.fr\/?page_id=124#primaryimage\",\"url\":\"https:\/\/karateclubmetz.fr\/wp-content\/uploads\/2019\/08\/groupe-karate-1.jpg\",\"contentUrl\":\"https:\/\/karateclubmetz.fr\/wp-content\/uploads\/2019\/08\/groupe-karate-1.jpg\",\"width\":720,\"height\":540},{\"@type\":\"BreadcrumbList\",\"@id\":\"https:\/\/karateclubmetz.fr\/?page_id=124#breadcrumb\",\"itemListElement\":[{\"@type\":\"ListItem\",\"position\":1,\"name\":\"Accueil\",\"item\":\"https:\/\/karateclubmetz.fr\/\"},{\"@type\":\"ListItem\",\"position\":2,\"name\":\"Le Club\"}]},{\"@type\":\"WebSite\",\"@id\":\"https:\/\/karateclubmetz.fr\/#website\",\"url\":\"https:\/\/karateclubmetz.fr\/\",\"name\":\"Karat\u00e9 Club de Metz\",\"description\":\"Le Karat\u00e9 est dans tout ce que vous faites, L\u00e0 est la beaut\u00e9 du travail\",\"publisher\":{\"@id\":\"https:\/\/karateclubmetz.fr\/#organization\"},\"potentialAction\":[{\"@type\":\"SearchAction\",\"target\":{\"@type\":\"EntryPoint\",\"urlTemplate\":\"https:\/\/karateclubmetz.fr\/?s={search_term_string}\"},\"query-input\":\"required name=search_term_string\"}],\"inLanguage\":\"fr-FR\"},{\"@type\":\"Organization\",\"@id\":\"https:\/\/karateclubmetz.fr\/#organization\",\"name\":\"Karat\u00e9 Club de Metz\",\"url\":\"https:\/\/karateclubmetz.fr\/\",\"logo\":{\"@type\":\"ImageObject\",\"inLanguage\":\"fr-FR\",\"@id\":\"https:\/\/karateclubmetz.fr\/#\/schema\/logo\/image\/\",\"url\":\"https:\/\/karateclubmetz.fr\/wp-content\/uploads\/2019\/09\/logo_kcm.jpg\",\"contentUrl\":\"https:\/\/karateclubmetz.fr\/wp-content\/uploads\/2019\/09\/logo_kcm.jpg\",\"width\":157,\"height\":157,\"caption\":\"Karat\u00e9 Club de Metz\"},\"image\":{\"@id\":\"https:\/\/karateclubmetz.fr\/#\/schema\/logo\/image\/\"},\"sameAs\":[\"http:\/\/www.facebook.com\/group.php?gid=107459822611766\",\"https:\/\/instagram.com\/karate_club_de_metz?igshid=181ca0zciwjvq\",\"https:\/\/www.youtube.com\/watch?v=nm26u2MIRwY\"]}]}<\/script>\n<!-- \/ Yoast SEO plugin. -->","yoast_head_json":{"title":"Le Club - Karat\u00e9 Club de Metz","robots":{"index":"index","follow":"follow","max-snippet":"max-snippet:-1","max-image-preview":"max-image-preview:large","max-video-preview":"max-video-preview:-1"},"canonical":"https:\/\/karateclubmetz.fr\/?page_id=124","og_locale":"fr_FR","og_type":"article","og_title":"Le Club - Karat\u00e9 Club de Metz","og_description":"Apr\u00e8s avoir fait partie pendant plusieurs ann\u00e9es d&rsquo;une association regroupant diverses activit\u00e9s, notre section Karat\u00e9, modeste mais ambitieuse, d\u00e9cida de voler de [&hellip;]","og_url":"https:\/\/karateclubmetz.fr\/?page_id=124","og_site_name":"Karat\u00e9 Club de Metz","article_publisher":"http:\/\/www.facebook.com\/group.php?gid=107459822611766","article_modified_time":"2022-08-17T20:15:25+00:00","og_image":[{"url":"http:\/\/karateclubmetz.fr\/wp-content\/uploads\/2019\/08\/groupe-karate-1.jpg"}],"twitter_card":"summary_large_image","twitter_misc":{"Dur\u00e9e de lecture estim\u00e9e":"1 minute"},"schema":{"@context":"https:\/\/schema.org","@graph":[{"@type":"WebPage","@id":"https:\/\/karateclubmetz.fr\/?page_id=124","url":"https:\/\/karateclubmetz.fr\/?page_id=124","name":"Le Club - Karat\u00e9 Club de Metz","isPartOf":{"@id":"https:\/\/karateclubmetz.fr\/#website"},"primaryImageOfPage":{"@id":"https:\/\/karateclubmetz.fr\/?page_id=124#primaryimage"},"image":{"@id":"https:\/\/karateclubmetz.fr\/?page_id=124#primaryimage"},"thumbnailUrl":"http:\/\/karateclubmetz.fr\/wp-content\/uploads\/2019\/08\/groupe-karate-1.jpg","datePublished":"2019-08-31T17:48:19+00:00","dateModified":"2022-08-17T20:15:25+00:00","breadcrumb":{"@id":"https:\/\/karateclubmetz.fr\/?page_id=124#breadcrumb"},"inLanguage":"fr-FR","potentialAction":[{"@type":"ReadAction","target":["https:\/\/karateclubmetz.fr\/?page_id=124"]}]},{"@type":"ImageObject","inLanguage":"fr-FR","@id":"https:\/\/karateclubmetz.fr\/?page_id=124#primaryimage","url":"https:\/\/karateclubmetz.fr\/wp-content\/uploads\/2019\/08\/groupe-karate-1.jpg","contentUrl":"https:\/\/karateclubmetz.fr\/wp-content\/uploads\/2019\/08\/groupe-karate-1.jpg","width":720,"height":540},{"@type":"BreadcrumbList","@id":"https:\/\/karateclubmetz.fr\/?page_id=124#breadcrumb","itemListElement":[{"@type":"ListItem","position":1,"name":"Accueil","item":"https:\/\/karateclubmetz.fr\/"},{"@type":"ListItem","position":2,"name":"Le Club"}]},{"@type":"WebSite","@id":"https:\/\/karateclubmetz.fr\/#website","url":"https:\/\/karateclubmetz.fr\/","name":"Karat\u00e9 Club de Metz","description":"Le Karat\u00e9 est dans tout ce que vous faites, L\u00e0 est la beaut\u00e9 du travail","publisher":{"@id":"https:\/\/karateclubmetz.fr\/#organization"},"potentialAction":[{"@type":"SearchAction","target":{"@type":"EntryPoint","urlTemplate":"https:\/\/karateclubmetz.fr\/?s={search_term_string}"},"query-input":"required name=search_term_string"}],"inLanguage":"fr-FR"},{"@type":"Organization","@id":"https:\/\/karateclubmetz.fr\/#organization","name":"Karat\u00e9 Club de Metz","url":"https:\/\/karateclubmetz.fr\/","logo":{"@type":"ImageObject","inLanguage":"fr-FR","@id":"https:\/\/karateclubmetz.fr\/#\/schema\/logo\/image\/","url":"https:\/\/karateclubmetz.fr\/wp-content\/uploads\/2019\/09\/logo_kcm.jpg","contentUrl":"https:\/\/karateclubmetz.fr\/wp-content\/uploads\/2019\/09\/logo_kcm.jpg","width":157,"height":157,"caption":"Karat\u00e9 Club de Metz"},"image":{"@id":"https:\/\/karateclubmetz.fr\/#\/schema\/logo\/image\/"},"sameAs":["http:\/\/www.facebook.com\/group.php?gid=107459822611766","https:\/\/instagram.com\/karate_club_de_metz?igshid=181ca0zciwjvq","https:\/\/www.youtube.com\/watch?v=nm26u2MIRwY"]}]}},"_links":{"self":[{"href":"https:\/\/karateclubmetz.fr\/index.php?rest_route=\/wp\/v2\/pages\/124"}],"collection":[{"href":"https:\/\/karateclubmetz.fr\/index.php?rest_route=\/wp\/v2\/pages"}],"about":[{"href":"https:\/\/karateclubmetz.fr\/index.php?rest_route=\/wp\/v2\/types\/page"}],"author":[{"embeddable":true,"href":"https:\/\/karateclubmetz.fr\/index.php?rest_route=\/wp\/v2\/users\/1"}],"replies":[{"embeddable":true,"href":"https:\/\/karateclubmetz.fr\/index.php?rest_route=%2Fwp%2Fv2%2Fcomments&post=124"}],"version-history":[{"count":2,"href":"https:\/\/karateclubmetz.fr\/index.php?rest_route=\/wp\/v2\/pages\/124\/revisions"}],"predecessor-version":[{"id":1161,"href":"https:\/\/karateclubmetz.fr\/index.php?rest_route=\/wp\/v2\/pages\/124\/revisions\/1161"}],"wp:attachment":[{"href":"https:\/\/karateclubmetz.fr\/index.php?rest_route=%2Fwp%2Fv2%2Fmedia&parent=124"}],"curies":[{"name":"wp","href":"https:\/\/api.w.org\/{rel}","templated":true}]}}