{"id":138,"date":"2019-08-31T20:48:50","date_gmt":"2019-08-31T18:48:50","guid":{"rendered":"http:\/\/isabelle.geoderis.fr\/?page_id=138"},"modified":"2025-08-28T21:13:21","modified_gmt":"2025-08-28T19:13:21","slug":"tarifs-2019","status":"publish","type":"page","link":"https:\/\/karateclubmetz.fr\/?page_id=138","title":{"rendered":"Tarifs 2025-2026"},"content":{"rendered":"\n<p>Les tarifs comprennent la <strong>cotisation du Club<\/strong> et l&rsquo;assurance. Possibilit\u00e9 de payer en plusieurs fois.<\/p>\n\n\n\n\n<p><img loading=\"lazy\" decoding=\"async\" width=\"681\" height=\"579\" src=\"https:\/\/karateclubmetz.fr\/wp-content\/uploads\/2022\/08\/tarif-2022.jpg\" alt=\"\" loading=\"lazy\" srcset=\"https:\/\/karateclubmetz.fr\/wp-content\/uploads\/2022\/08\/tarif-2022.jpg 681w, https:\/\/karateclubmetz.fr\/wp-content\/uploads\/2022\/08\/tarif-2022-300x255.jpg 300w, https:\/\/karateclubmetz.fr\/wp-content\/uploads\/2022\/08\/tarif-2022-230x196.jpg 230w, https:\/\/karateclubmetz.fr\/wp-content\/uploads\/2022\/08\/tarif-2022-350x298.jpg 350w, https:\/\/karateclubmetz.fr\/wp-content\/uploads\/2022\/08\/tarif-2022-480x408.jpg 480w\" sizes=\"(max-width: 681px) 100vw, 681px\"><\/p>","protected":false},"excerpt":{"rendered":"<p>Les tarifs comprennent la cotisation du Club et l&rsquo;assurance. Possibilit\u00e9 de payer en plusieurs fois.<\/p>\n","protected":false},"author":1,"featured_media":0,"parent":0,"menu_order":0,"comment_status":"closed","ping_status":"closed","template":"","meta":{"footnotes":""},"class_list":["post-138","page","type-page","status-publish","hentry"],"yoast_head":"<!-- This site is optimized with the Yoast SEO plugin v23.3 - https:\/\/yoast.com\/wordpress\/plugins\/seo\/ -->\n<title>Tarifs 2025-2026 - Karat\u00e9 Club de Metz<\/title>\n<meta name=\"robots\" content=\"index, follow, max-snippet:-1, max-image-preview:large, max-video-preview:-1\" \/>\n<link rel=\"canonical\" href=\"https:\/\/karateclubmetz.fr\/?page_id=138\" \/>\n<meta property=\"og:locale\" content=\"fr_FR\" \/>\n<meta property=\"og:type\" content=\"article\" \/>\n<meta property=\"og:title\" content=\"Tarifs 2025-2026 - Karat\u00e9 Club de Metz\" \/>\n<meta property=\"og:description\" content=\"Les tarifs comprennent la cotisation du Club et l&rsquo;assurance. Possibilit\u00e9 de payer en plusieurs fois.\" \/>\n<meta property=\"og:url\" content=\"https:\/\/karateclubmetz.fr\/?page_id=138\" \/>\n<meta property=\"og:site_name\" content=\"Karat\u00e9 Club de Metz\" \/>\n<meta property=\"article:publisher\" content=\"http:\/\/www.facebook.com\/group.php?gid=107459822611766\" \/>\n<meta property=\"article:modified_time\" content=\"2025-08-28T19:13:21+00:00\" \/>\n<meta property=\"og:image\" content=\"https:\/\/karateclubmetz.fr\/wp-content\/uploads\/2022\/08\/tarif-2022.jpg\" \/>\n<meta name=\"twitter:card\" content=\"summary_large_image\" \/>\n<meta name=\"twitter:label1\" content=\"Dur\u00e9e de lecture estim\u00e9e\" \/>\n\t<meta name=\"twitter:data1\" content=\"1 minute\" \/>\n<script type=\"application\/ld+json\" class=\"yoast-schema-graph\">{\"@context\":\"https:\/\/schema.org\",\"@graph\":[{\"@type\":\"WebPage\",\"@id\":\"https:\/\/karateclubmetz.fr\/?page_id=138\",\"url\":\"https:\/\/karateclubmetz.fr\/?page_id=138\",\"name\":\"Tarifs 2025-2026 - Karat\u00e9 Club de Metz\",\"isPartOf\":{\"@id\":\"https:\/\/karateclubmetz.fr\/#website\"},\"primaryImageOfPage\":{\"@id\":\"https:\/\/karateclubmetz.fr\/?page_id=138#primaryimage\"},\"image\":{\"@id\":\"https:\/\/karateclubmetz.fr\/?page_id=138#primaryimage\"},\"thumbnailUrl\":\"https:\/\/karateclubmetz.fr\/wp-content\/uploads\/2022\/08\/tarif-2022.jpg\",\"datePublished\":\"2019-08-31T18:48:50+00:00\",\"dateModified\":\"2025-08-28T19:13:21+00:00\",\"breadcrumb\":{\"@id\":\"https:\/\/karateclubmetz.fr\/?page_id=138#breadcrumb\"},\"inLanguage\":\"fr-FR\",\"potentialAction\":[{\"@type\":\"ReadAction\",\"target\":[\"https:\/\/karateclubmetz.fr\/?page_id=138\"]}]},{\"@type\":\"ImageObject\",\"inLanguage\":\"fr-FR\",\"@id\":\"https:\/\/karateclubmetz.fr\/?page_id=138#primaryimage\",\"url\":\"https:\/\/karateclubmetz.fr\/wp-content\/uploads\/2022\/08\/tarif-2022.jpg\",\"contentUrl\":\"https:\/\/karateclubmetz.fr\/wp-content\/uploads\/2022\/08\/tarif-2022.jpg\",\"width\":681,\"height\":579},{\"@type\":\"BreadcrumbList\",\"@id\":\"https:\/\/karateclubmetz.fr\/?page_id=138#breadcrumb\",\"itemListElement\":[{\"@type\":\"ListItem\",\"position\":1,\"name\":\"Accueil\",\"item\":\"https:\/\/karateclubmetz.fr\/\"},{\"@type\":\"ListItem\",\"position\":2,\"name\":\"Tarifs 2025-2026\"}]},{\"@type\":\"WebSite\",\"@id\":\"https:\/\/karateclubmetz.fr\/#website\",\"url\":\"https:\/\/karateclubmetz.fr\/\",\"name\":\"Karat\u00e9 Club de Metz\",\"description\":\"Le Karat\u00e9 est dans tout ce que vous faites, L\u00e0 est la beaut\u00e9 du travail\",\"publisher\":{\"@id\":\"https:\/\/karateclubmetz.fr\/#organization\"},\"potentialAction\":[{\"@type\":\"SearchAction\",\"target\":{\"@type\":\"EntryPoint\",\"urlTemplate\":\"https:\/\/karateclubmetz.fr\/?s={search_term_string}\"},\"query-input\":\"required name=search_term_string\"}],\"inLanguage\":\"fr-FR\"},{\"@type\":\"Organization\",\"@id\":\"https:\/\/karateclubmetz.fr\/#organization\",\"name\":\"Karat\u00e9 Club de Metz\",\"url\":\"https:\/\/karateclubmetz.fr\/\",\"logo\":{\"@type\":\"ImageObject\",\"inLanguage\":\"fr-FR\",\"@id\":\"https:\/\/karateclubmetz.fr\/#\/schema\/logo\/image\/\",\"url\":\"https:\/\/karateclubmetz.fr\/wp-content\/uploads\/2019\/09\/logo_kcm.jpg\",\"contentUrl\":\"https:\/\/karateclubmetz.fr\/wp-content\/uploads\/2019\/09\/logo_kcm.jpg\",\"width\":157,\"height\":157,\"caption\":\"Karat\u00e9 Club de Metz\"},\"image\":{\"@id\":\"https:\/\/karateclubmetz.fr\/#\/schema\/logo\/image\/\"},\"sameAs\":[\"http:\/\/www.facebook.com\/group.php?gid=107459822611766\",\"https:\/\/instagram.com\/karate_club_de_metz?igshid=181ca0zciwjvq\",\"https:\/\/www.youtube.com\/watch?v=nm26u2MIRwY\"]}]}<\/script>\n<!-- \/ Yoast SEO plugin. -->","yoast_head_json":{"title":"Tarifs 2025-2026 - Karat\u00e9 Club de Metz","robots":{"index":"index","follow":"follow","max-snippet":"max-snippet:-1","max-image-preview":"max-image-preview:large","max-video-preview":"max-video-preview:-1"},"canonical":"https:\/\/karateclubmetz.fr\/?page_id=138","og_locale":"fr_FR","og_type":"article","og_title":"Tarifs 2025-2026 - Karat\u00e9 Club de Metz","og_description":"Les tarifs comprennent la cotisation du Club et l&rsquo;assurance. Possibilit\u00e9 de payer en plusieurs fois.","og_url":"https:\/\/karateclubmetz.fr\/?page_id=138","og_site_name":"Karat\u00e9 Club de Metz","article_publisher":"http:\/\/www.facebook.com\/group.php?gid=107459822611766","article_modified_time":"2025-08-28T19:13:21+00:00","og_image":[{"url":"https:\/\/karateclubmetz.fr\/wp-content\/uploads\/2022\/08\/tarif-2022.jpg"}],"twitter_card":"summary_large_image","twitter_misc":{"Dur\u00e9e de lecture estim\u00e9e":"1 minute"},"schema":{"@context":"https:\/\/schema.org","@graph":[{"@type":"WebPage","@id":"https:\/\/karateclubmetz.fr\/?page_id=138","url":"https:\/\/karateclubmetz.fr\/?page_id=138","name":"Tarifs 2025-2026 - Karat\u00e9 Club de Metz","isPartOf":{"@id":"https:\/\/karateclubmetz.fr\/#website"},"primaryImageOfPage":{"@id":"https:\/\/karateclubmetz.fr\/?page_id=138#primaryimage"},"image":{"@id":"https:\/\/karateclubmetz.fr\/?page_id=138#primaryimage"},"thumbnailUrl":"https:\/\/karateclubmetz.fr\/wp-content\/uploads\/2022\/08\/tarif-2022.jpg","datePublished":"2019-08-31T18:48:50+00:00","dateModified":"2025-08-28T19:13:21+00:00","breadcrumb":{"@id":"https:\/\/karateclubmetz.fr\/?page_id=138#breadcrumb"},"inLanguage":"fr-FR","potentialAction":[{"@type":"ReadAction","target":["https:\/\/karateclubmetz.fr\/?page_id=138"]}]},{"@type":"ImageObject","inLanguage":"fr-FR","@id":"https:\/\/karateclubmetz.fr\/?page_id=138#primaryimage","url":"https:\/\/karateclubmetz.fr\/wp-content\/uploads\/2022\/08\/tarif-2022.jpg","contentUrl":"https:\/\/karateclubmetz.fr\/wp-content\/uploads\/2022\/08\/tarif-2022.jpg","width":681,"height":579},{"@type":"BreadcrumbList","@id":"https:\/\/karateclubmetz.fr\/?page_id=138#breadcrumb","itemListElement":[{"@type":"ListItem","position":1,"name":"Accueil","item":"https:\/\/karateclubmetz.fr\/"},{"@type":"ListItem","position":2,"name":"Tarifs 2025-2026"}]},{"@type":"WebSite","@id":"https:\/\/karateclubmetz.fr\/#website","url":"https:\/\/karateclubmetz.fr\/","name":"Karat\u00e9 Club de Metz","description":"Le Karat\u00e9 est dans tout ce que vous faites, L\u00e0 est la beaut\u00e9 du travail","publisher":{"@id":"https:\/\/karateclubmetz.fr\/#organization"},"potentialAction":[{"@type":"SearchAction","target":{"@type":"EntryPoint","urlTemplate":"https:\/\/karateclubmetz.fr\/?s={search_term_string}"},"query-input":"required name=search_term_string"}],"inLanguage":"fr-FR"},{"@type":"Organization","@id":"https:\/\/karateclubmetz.fr\/#organization","name":"Karat\u00e9 Club de Metz","url":"https:\/\/karateclubmetz.fr\/","logo":{"@type":"ImageObject","inLanguage":"fr-FR","@id":"https:\/\/karateclubmetz.fr\/#\/schema\/logo\/image\/","url":"https:\/\/karateclubmetz.fr\/wp-content\/uploads\/2019\/09\/logo_kcm.jpg","contentUrl":"https:\/\/karateclubmetz.fr\/wp-content\/uploads\/2019\/09\/logo_kcm.jpg","width":157,"height":157,"caption":"Karat\u00e9 Club de Metz"},"image":{"@id":"https:\/\/karateclubmetz.fr\/#\/schema\/logo\/image\/"},"sameAs":["http:\/\/www.facebook.com\/group.php?gid=107459822611766","https:\/\/instagram.com\/karate_club_de_metz?igshid=181ca0zciwjvq","https:\/\/www.youtube.com\/watch?v=nm26u2MIRwY"]}]}},"_links":{"self":[{"href":"https:\/\/karateclubmetz.fr\/index.php?rest_route=\/wp\/v2\/pages\/138"}],"collection":[{"href":"https:\/\/karateclubmetz.fr\/index.php?rest_route=\/wp\/v2\/pages"}],"about":[{"href":"https:\/\/karateclubmetz.fr\/index.php?rest_route=\/wp\/v2\/types\/page"}],"author":[{"embeddable":true,"href":"https:\/\/karateclubmetz.fr\/index.php?rest_route=\/wp\/v2\/users\/1"}],"replies":[{"embeddable":true,"href":"https:\/\/karateclubmetz.fr\/index.php?rest_route=%2Fwp%2Fv2%2Fcomments&post=138"}],"version-history":[{"count":8,"href":"https:\/\/karateclubmetz.fr\/index.php?rest_route=\/wp\/v2\/pages\/138\/revisions"}],"predecessor-version":[{"id":1530,"href":"https:\/\/karateclubmetz.fr\/index.php?rest_route=\/wp\/v2\/pages\/138\/revisions\/1530"}],"wp:attachment":[{"href":"https:\/\/karateclubmetz.fr\/index.php?rest_route=%2Fwp%2Fv2%2Fmedia&parent=138"}],"curies":[{"name":"wp","href":"https:\/\/api.w.org\/{rel}","templated":true}]}}