{"id":157,"date":"2019-08-31T21:16:22","date_gmt":"2019-08-31T19:16:22","guid":{"rendered":"http:\/\/isabelle.geoderis.fr\/?page_id=157"},"modified":"2019-11-11T15:23:20","modified_gmt":"2019-11-11T14:23:20","slug":"competitions","status":"publish","type":"page","link":"https:\/\/karateclubmetz.fr\/?page_id=157","title":{"rendered":"R\u00e9sultats"},"content":{"rendered":"\t\t<div data-elementor-type=\"wp-page\" data-elementor-id=\"157\" class=\"elementor elementor-157\">\n\t\t\t\t\t\t<section class=\"elementor-section elementor-top-section elementor-element elementor-element-645f9edf elementor-section-boxed elementor-section-height-default elementor-section-height-default\" data-id=\"645f9edf\" data-element_type=\"section\">\n\t\t\t\t\t\t<div class=\"elementor-container elementor-column-gap-default\">\n\t\t\t\t\t<div class=\"elementor-column elementor-col-100 elementor-top-column elementor-element elementor-element-41b2d0c6\" data-id=\"41b2d0c6\" data-element_type=\"column\">\n\t\t\t<div class=\"elementor-widget-wrap elementor-element-populated\">\n\t\t\t\t\t\t<div class=\"elementor-element elementor-element-b769da3 elementor-widget elementor-widget-text-editor\" data-id=\"b769da3\" data-element_type=\"widget\" data-widget_type=\"text-editor.default\">\n\t\t\t\t<div class=\"elementor-widget-container\">\n\t\t\t\t\t\t\t<!-- wp:paragraph -->\n<p>Vous trouverez ici toutes les informations sur les comp\u00e9titions<\/p>\n<!-- \/wp:paragraph -->\t\t\t\t\t\t<\/div>\n\t\t\t\t<\/div>\n\t\t\t\t\t<\/div>\n\t\t<\/div>\n\t\t\t\t\t<\/div>\n\t\t<\/section>\n\t\t\t\t<section class=\"elementor-section elementor-top-section elementor-element elementor-element-9d2d69d elementor-section-boxed elementor-section-height-default elementor-section-height-default\" data-id=\"9d2d69d\" data-element_type=\"section\">\n\t\t\t\t\t\t<div class=\"elementor-container elementor-column-gap-default\">\n\t\t\t\t\t<div class=\"elementor-column elementor-col-100 elementor-top-column elementor-element elementor-element-46ffe21\" data-id=\"46ffe21\" data-element_type=\"column\">\n\t\t\t<div class=\"elementor-widget-wrap elementor-element-populated\">\n\t\t\t\t\t\t<div class=\"elementor-element elementor-element-b1a3a11 elementor-widget elementor-widget-heading\" data-id=\"b1a3a11\" data-element_type=\"widget\" data-widget_type=\"heading.default\">\n\t\t\t\t<div class=\"elementor-widget-container\">\n\t\t\t<h4 class=\"elementor-heading-title elementor-size-default\">Championnats de Moselle 2019<\/h4>\t\t<\/div>\n\t\t\t\t<\/div>\n\t\t\t\t\t<\/div>\n\t\t<\/div>\n\t\t\t\t\t<\/div>\n\t\t<\/section>\n\t\t\t\t<section class=\"elementor-section elementor-top-section elementor-element elementor-element-024df30 elementor-section-boxed elementor-section-height-default elementor-section-height-default\" data-id=\"024df30\" data-element_type=\"section\">\n\t\t\t\t\t\t<div class=\"elementor-container elementor-column-gap-default\">\n\t\t\t\t\t<div class=\"elementor-column elementor-col-100 elementor-top-column elementor-element elementor-element-6274f80\" data-id=\"6274f80\" data-element_type=\"column\">\n\t\t\t<div class=\"elementor-widget-wrap elementor-element-populated\">\n\t\t\t\t\t\t<div class=\"elementor-element elementor-element-e46e75c elementor-widget elementor-widget-text-editor\" data-id=\"e46e75c\" data-element_type=\"widget\" data-widget_type=\"text-editor.default\">\n\t\t\t\t<div class=\"elementor-widget-container\">\n\t\t\t\t\t\t\t<p>Les 2 et 3 novembre avaient lieu les championnats de Moselle Combat et Kata.<\/p>\n<p>16 comp\u00e9titeurs du Club \u00e9taient engag\u00e9s dans toutes les cat\u00e9gories d\u2019\u00e2ge. De bons r\u00e9sultats puisque 7 comp\u00e9titeurs reviennent avec une m\u00e9daille :<br \/>&#8211; ANCEL Chlo\u00e9 : kata 3 \u00e8me<br \/>&#8211; BARROYER Tristan : kata 2 \u00e8me <span class=\"text_exposed_show\"><br \/>&#8211; BOUDIA Amar : kata 2 \u00e8me<br \/>&#8211; DIETRICH Fabrice : combat 3 \u00e8me <br \/>&#8211; DINTINGER Lola : kata 2 \u00e8me<br \/>&#8211; ZAKIAT Mohammed Noor : kata 3 \u00e8me <br \/>&#8211; JULLIERE Adrien : combat 1er<\/span><\/p>\n<div class=\"text_exposed_show\">\n<p>Par ailleurs, Lola et Chlo\u00e9 ont particip\u00e9 \u00e0 leur premi\u00e8re comp\u00e9tition en tant que juge.<\/p>\n<p>Bravo \u00e0 tous les comp\u00e9titeurs pour votre engagement. Vous avez fi\u00e8rement repr\u00e9sent\u00e9 le club !<\/p>\n<\/div>\t\t\t\t\t\t<\/div>\n\t\t\t\t<\/div>\n\t\t\t\t\t<\/div>\n\t\t<\/div>\n\t\t\t\t\t<\/div>\n\t\t<\/section>\n\t\t\t\t<section class=\"elementor-section elementor-top-section elementor-element elementor-element-a7955a5 elementor-section-boxed elementor-section-height-default elementor-section-height-default\" data-id=\"a7955a5\" data-element_type=\"section\">\n\t\t\t\t\t\t<div class=\"elementor-container elementor-column-gap-default\">\n\t\t\t\t\t<div class=\"elementor-column elementor-col-100 elementor-top-column elementor-element elementor-element-47facf3\" data-id=\"47facf3\" data-element_type=\"column\">\n\t\t\t<div class=\"elementor-widget-wrap elementor-element-populated\">\n\t\t\t\t\t\t<div class=\"elementor-element elementor-element-724315a elementor-pagination-position-inside elementor-arrows-position-inside elementor-widget elementor-widget-image-carousel\" data-id=\"724315a\" data-element_type=\"widget\" data-settings=\"{&quot;image_spacing_custom&quot;:{&quot;unit&quot;:&quot;px&quot;,&quot;size&quot;:5,&quot;sizes&quot;:[]},&quot;navigation&quot;:&quot;both&quot;,&quot;autoplay&quot;:&quot;yes&quot;,&quot;pause_on_hover&quot;:&quot;yes&quot;,&quot;pause_on_interaction&quot;:&quot;yes&quot;,&quot;autoplay_speed&quot;:5000,&quot;infinite&quot;:&quot;yes&quot;,&quot;speed&quot;:500,&quot;image_spacing_custom_tablet&quot;:{&quot;unit&quot;:&quot;px&quot;,&quot;size&quot;:&quot;&quot;,&quot;sizes&quot;:[]},&quot;image_spacing_custom_mobile&quot;:{&quot;unit&quot;:&quot;px&quot;,&quot;size&quot;:&quot;&quot;,&quot;sizes&quot;:[]}}\" data-widget_type=\"image-carousel.default\">\n\t\t\t\t<div class=\"elementor-widget-container\">\n\t\t\t\t\t<div class=\"elementor-image-carousel-wrapper swiper\" dir=\"ltr\">\n\t\t\t<div class=\"elementor-image-carousel swiper-wrapper\" aria-live=\"off\">\n\t\t\t\t\t\t\t\t<div class=\"swiper-slide\" role=\"group\" aria-roledescription=\"slide\" aria-label=\"1 sur 23\"><figure class=\"swiper-slide-inner\"><img decoding=\"async\" class=\"swiper-slide-image\" src=\"https:\/\/karateclubmetz.fr\/wp-content\/uploads\/2019\/11\/75567356_2969277436445027_9000814437963137024_n.jpg\" alt=\"75567356_2969277436445027_9000814437963137024_n\" \/><\/figure><\/div><div class=\"swiper-slide\" role=\"group\" aria-roledescription=\"slide\" aria-label=\"2 sur 23\"><figure class=\"swiper-slide-inner\"><img decoding=\"async\" class=\"swiper-slide-image\" src=\"https:\/\/karateclubmetz.fr\/wp-content\/uploads\/2019\/11\/75462282_2969277406445030_8122223004336783360_n.jpg\" alt=\"75462282_2969277406445030_8122223004336783360_n\" \/><\/figure><\/div><div class=\"swiper-slide\" role=\"group\" aria-roledescription=\"slide\" aria-label=\"3 sur 23\"><figure class=\"swiper-slide-inner\"><img decoding=\"async\" class=\"swiper-slide-image\" src=\"https:\/\/karateclubmetz.fr\/wp-content\/uploads\/2019\/11\/75388384_2963670233672414_3618105644428558336_n.jpg\" alt=\"75388384_2963670233672414_3618105644428558336_n\" \/><\/figure><\/div><div class=\"swiper-slide\" role=\"group\" aria-roledescription=\"slide\" aria-label=\"4 sur 23\"><figure class=\"swiper-slide-inner\"><img decoding=\"async\" class=\"swiper-slide-image\" src=\"https:\/\/karateclubmetz.fr\/wp-content\/uploads\/2019\/11\/75380268_2963670370339067_5080788771767582720_n.jpg\" alt=\"75380268_2963670370339067_5080788771767582720_n\" \/><\/figure><\/div><div class=\"swiper-slide\" role=\"group\" aria-roledescription=\"slide\" aria-label=\"5 sur 23\"><figure class=\"swiper-slide-inner\"><img decoding=\"async\" class=\"swiper-slide-image\" src=\"https:\/\/karateclubmetz.fr\/wp-content\/uploads\/2019\/11\/75339674_2959970527375718_6779743504668033024_n.jpg\" alt=\"75339674_2959970527375718_6779743504668033024_n\" \/><\/figure><\/div><div class=\"swiper-slide\" role=\"group\" aria-roledescription=\"slide\" aria-label=\"6 sur 23\"><figure class=\"swiper-slide-inner\"><img decoding=\"async\" class=\"swiper-slide-image\" src=\"https:\/\/karateclubmetz.fr\/wp-content\/uploads\/2019\/11\/74632444_2462917987264612_4197269971270631424_o-1.jpg\" alt=\"74632444_2462917987264612_4197269971270631424_o\" \/><\/figure><\/div><div class=\"swiper-slide\" role=\"group\" aria-roledescription=\"slide\" aria-label=\"7 sur 23\"><figure class=\"swiper-slide-inner\"><img decoding=\"async\" class=\"swiper-slide-image\" src=\"https:\/\/karateclubmetz.fr\/wp-content\/uploads\/2019\/11\/74708933_2963670107005760_8702575362082603008_n-1.jpg\" alt=\"74708933_2963670107005760_8702575362082603008_n\" \/><\/figure><\/div><div class=\"swiper-slide\" role=\"group\" aria-roledescription=\"slide\" aria-label=\"8 sur 23\"><figure class=\"swiper-slide-inner\"><img decoding=\"async\" class=\"swiper-slide-image\" src=\"https:\/\/karateclubmetz.fr\/wp-content\/uploads\/2019\/11\/74942849_2969277479778356_3095869769065168896_n-1.jpg\" alt=\"74942849_2969277479778356_3095869769065168896_n\" \/><\/figure><\/div><div class=\"swiper-slide\" role=\"group\" aria-roledescription=\"slide\" aria-label=\"9 sur 23\"><figure class=\"swiper-slide-inner\"><img decoding=\"async\" class=\"swiper-slide-image\" src=\"https:\/\/karateclubmetz.fr\/wp-content\/uploads\/2019\/11\/75253034_2959969734042464_5128286591755747328_n.jpg\" alt=\"75253034_2959969734042464_5128286591755747328_n\" \/><\/figure><\/div><div class=\"swiper-slide\" role=\"group\" aria-roledescription=\"slide\" aria-label=\"10 sur 23\"><figure class=\"swiper-slide-inner\"><img decoding=\"async\" class=\"swiper-slide-image\" src=\"https:\/\/karateclubmetz.fr\/wp-content\/uploads\/2019\/11\/75298457_2959970390709065_7594549708966592512_n.jpg\" alt=\"75298457_2959970390709065_7594549708966592512_n\" \/><\/figure><\/div><div class=\"swiper-slide\" role=\"group\" aria-roledescription=\"slide\" aria-label=\"11 sur 23\"><figure class=\"swiper-slide-inner\"><img decoding=\"async\" class=\"swiper-slide-image\" src=\"https:\/\/karateclubmetz.fr\/wp-content\/uploads\/2019\/11\/74627126_2959970084042429_1321457958332137472_n.jpg\" alt=\"74627126_2959970084042429_1321457958332137472_n\" \/><\/figure><\/div><div class=\"swiper-slide\" role=\"group\" aria-roledescription=\"slide\" aria-label=\"12 sur 23\"><figure class=\"swiper-slide-inner\"><img decoding=\"async\" class=\"swiper-slide-image\" src=\"https:\/\/karateclubmetz.fr\/wp-content\/uploads\/2019\/11\/74613718_2959969634042474_4760451938825273344_n.jpg\" alt=\"74613718_2959969634042474_4760451938825273344_n\" \/><\/figure><\/div><div class=\"swiper-slide\" role=\"group\" aria-roledescription=\"slide\" aria-label=\"13 sur 23\"><figure class=\"swiper-slide-inner\"><img decoding=\"async\" class=\"swiper-slide-image\" src=\"https:\/\/karateclubmetz.fr\/wp-content\/uploads\/2019\/11\/74534321_2963670113672426_2228210251272814592_n.jpg\" alt=\"74534321_2963670113672426_2228210251272814592_n\" \/><\/figure><\/div><div class=\"swiper-slide\" role=\"group\" aria-roledescription=\"slide\" aria-label=\"14 sur 23\"><figure class=\"swiper-slide-inner\"><img decoding=\"async\" class=\"swiper-slide-image\" src=\"https:\/\/karateclubmetz.fr\/wp-content\/uploads\/2019\/11\/74479792_2959969544042483_6061568940633489408_n.jpg\" alt=\"74479792_2959969544042483_6061568940633489408_n\" \/><\/figure><\/div><div class=\"swiper-slide\" role=\"group\" aria-roledescription=\"slide\" aria-label=\"15 sur 23\"><figure class=\"swiper-slide-inner\"><img decoding=\"async\" class=\"swiper-slide-image\" src=\"https:\/\/karateclubmetz.fr\/wp-content\/uploads\/2019\/11\/74216801_2959970280709076_649228656622698496_n.jpg\" alt=\"74216801_2959970280709076_649228656622698496_n\" \/><\/figure><\/div><div class=\"swiper-slide\" role=\"group\" aria-roledescription=\"slide\" aria-label=\"16 sur 23\"><figure class=\"swiper-slide-inner\"><img decoding=\"async\" class=\"swiper-slide-image\" src=\"https:\/\/karateclubmetz.fr\/wp-content\/uploads\/2019\/11\/74216688_2959969550709149_8615104397434683392_n.jpg\" alt=\"74216688_2959969550709149_8615104397434683392_n\" \/><\/figure><\/div><div class=\"swiper-slide\" role=\"group\" aria-roledescription=\"slide\" aria-label=\"17 sur 23\"><figure class=\"swiper-slide-inner\"><img decoding=\"async\" class=\"swiper-slide-image\" src=\"https:\/\/karateclubmetz.fr\/wp-content\/uploads\/2019\/11\/73528641_2959969904042447_1566109178232045568_n.jpg\" alt=\"73528641_2959969904042447_1566109178232045568_n\" \/><\/figure><\/div><div class=\"swiper-slide\" role=\"group\" aria-roledescription=\"slide\" aria-label=\"18 sur 23\"><figure class=\"swiper-slide-inner\"><img decoding=\"async\" class=\"swiper-slide-image\" src=\"https:\/\/karateclubmetz.fr\/wp-content\/uploads\/2019\/11\/73498055_2959970027375768_6340906209041711104_n.jpg\" alt=\"73498055_2959970027375768_6340906209041711104_n\" \/><\/figure><\/div><div class=\"swiper-slide\" role=\"group\" aria-roledescription=\"slide\" aria-label=\"19 sur 23\"><figure class=\"swiper-slide-inner\"><img decoding=\"async\" class=\"swiper-slide-image\" src=\"https:\/\/karateclubmetz.fr\/wp-content\/uploads\/2019\/11\/73286382_2963670217005749_8181451896133779456_n.jpg\" alt=\"73286382_2963670217005749_8181451896133779456_n\" \/><\/figure><\/div><div class=\"swiper-slide\" role=\"group\" aria-roledescription=\"slide\" aria-label=\"20 sur 23\"><figure class=\"swiper-slide-inner\"><img decoding=\"async\" class=\"swiper-slide-image\" src=\"https:\/\/karateclubmetz.fr\/wp-content\/uploads\/2019\/11\/74632444_2462917987264612_4197269971270631424_o.jpg\" alt=\"74632444_2462917987264612_4197269971270631424_o\" \/><\/figure><\/div><div class=\"swiper-slide\" role=\"group\" aria-roledescription=\"slide\" aria-label=\"21 sur 23\"><figure class=\"swiper-slide-inner\"><img decoding=\"async\" class=\"swiper-slide-image\" src=\"https:\/\/karateclubmetz.fr\/wp-content\/uploads\/2019\/11\/74708933_2963670107005760_8702575362082603008_n.jpg\" alt=\"74708933_2963670107005760_8702575362082603008_n\" \/><\/figure><\/div><div class=\"swiper-slide\" role=\"group\" aria-roledescription=\"slide\" aria-label=\"22 sur 23\"><figure class=\"swiper-slide-inner\"><img decoding=\"async\" class=\"swiper-slide-image\" src=\"https:\/\/karateclubmetz.fr\/wp-content\/uploads\/2019\/11\/74942849_2969277479778356_3095869769065168896_n.jpg\" alt=\"74942849_2969277479778356_3095869769065168896_n\" \/><\/figure><\/div><div class=\"swiper-slide\" role=\"group\" aria-roledescription=\"slide\" aria-label=\"23 sur 23\"><figure class=\"swiper-slide-inner\"><img decoding=\"async\" class=\"swiper-slide-image\" src=\"https:\/\/karateclubmetz.fr\/wp-content\/uploads\/2019\/11\/73253070_2969277599778344_3105592299418025984_n.jpg\" alt=\"73253070_2969277599778344_3105592299418025984_n\" \/><\/figure><\/div>\t\t\t<\/div>\n\t\t\t\t\t\t\t\t\t\t\t\t<div class=\"elementor-swiper-button elementor-swiper-button-prev\" role=\"button\" tabindex=\"0\">\n\t\t\t\t\t\t<i aria-hidden=\"true\" class=\"eicon-chevron-left\"><\/i>\t\t\t\t\t<\/div>\n\t\t\t\t\t<div class=\"elementor-swiper-button elementor-swiper-button-next\" role=\"button\" tabindex=\"0\">\n\t\t\t\t\t\t<i aria-hidden=\"true\" class=\"eicon-chevron-right\"><\/i>\t\t\t\t\t<\/div>\n\t\t\t\t\n\t\t\t\t\t\t\t\t\t<div class=\"swiper-pagination\"><\/div>\n\t\t\t\t\t\t\t\t\t<\/div>\n\t\t\t\t<\/div>\n\t\t\t\t<\/div>\n\t\t\t\t\t<\/div>\n\t\t<\/div>\n\t\t\t\t\t<\/div>\n\t\t<\/section>\n\t\t\t\t<\/div>\n\t\t","protected":false},"excerpt":{"rendered":"<p>Vous trouverez ici toutes les informations sur les comp\u00e9titions Championnats de Moselle 2019 Les 2 et 3 novembre avaient lieu les championnats [&hellip;]<\/p>\n","protected":false},"author":1,"featured_media":0,"parent":0,"menu_order":0,"comment_status":"closed","ping_status":"closed","template":"","meta":{"footnotes":""},"class_list":["post-157","page","type-page","status-publish","hentry"],"yoast_head":"<!-- This site is optimized with the Yoast SEO plugin v23.3 - https:\/\/yoast.com\/wordpress\/plugins\/seo\/ -->\n<title>R\u00e9sultats - Karat\u00e9 Club de Metz<\/title>\n<meta name=\"robots\" content=\"index, follow, max-snippet:-1, max-image-preview:large, max-video-preview:-1\" \/>\n<link rel=\"canonical\" href=\"https:\/\/karateclubmetz.fr\/?page_id=157\" \/>\n<meta property=\"og:locale\" content=\"fr_FR\" \/>\n<meta property=\"og:type\" content=\"article\" \/>\n<meta property=\"og:title\" content=\"R\u00e9sultats - Karat\u00e9 Club de Metz\" \/>\n<meta property=\"og:description\" content=\"Vous trouverez ici toutes les informations sur les comp\u00e9titions Championnats de Moselle 2019 Les 2 et 3 novembre avaient lieu les championnats [&hellip;]\" \/>\n<meta property=\"og:url\" content=\"https:\/\/karateclubmetz.fr\/?page_id=157\" \/>\n<meta property=\"og:site_name\" content=\"Karat\u00e9 Club de Metz\" \/>\n<meta property=\"article:publisher\" content=\"http:\/\/www.facebook.com\/group.php?gid=107459822611766\" \/>\n<meta property=\"article:modified_time\" content=\"2019-11-11T14:23:20+00:00\" \/>\n<meta property=\"og:image\" content=\"http:\/\/karateclubmetz.fr\/wp-content\/uploads\/2019\/11\/75567356_2969277436445027_9000814437963137024_n.jpg\" \/>\n<meta name=\"twitter:card\" content=\"summary_large_image\" \/>\n<meta name=\"twitter:label1\" content=\"Dur\u00e9e de lecture estim\u00e9e\" \/>\n\t<meta name=\"twitter:data1\" content=\"1 minute\" \/>\n<script type=\"application\/ld+json\" class=\"yoast-schema-graph\">{\"@context\":\"https:\/\/schema.org\",\"@graph\":[{\"@type\":\"WebPage\",\"@id\":\"https:\/\/karateclubmetz.fr\/?page_id=157\",\"url\":\"https:\/\/karateclubmetz.fr\/?page_id=157\",\"name\":\"R\u00e9sultats - Karat\u00e9 Club de Metz\",\"isPartOf\":{\"@id\":\"https:\/\/karateclubmetz.fr\/#website\"},\"primaryImageOfPage\":{\"@id\":\"https:\/\/karateclubmetz.fr\/?page_id=157#primaryimage\"},\"image\":{\"@id\":\"https:\/\/karateclubmetz.fr\/?page_id=157#primaryimage\"},\"thumbnailUrl\":\"http:\/\/karateclubmetz.fr\/wp-content\/uploads\/2019\/11\/75567356_2969277436445027_9000814437963137024_n.jpg\",\"datePublished\":\"2019-08-31T19:16:22+00:00\",\"dateModified\":\"2019-11-11T14:23:20+00:00\",\"breadcrumb\":{\"@id\":\"https:\/\/karateclubmetz.fr\/?page_id=157#breadcrumb\"},\"inLanguage\":\"fr-FR\",\"potentialAction\":[{\"@type\":\"ReadAction\",\"target\":[\"https:\/\/karateclubmetz.fr\/?page_id=157\"]}]},{\"@type\":\"ImageObject\",\"inLanguage\":\"fr-FR\",\"@id\":\"https:\/\/karateclubmetz.fr\/?page_id=157#primaryimage\",\"url\":\"http:\/\/karateclubmetz.fr\/wp-content\/uploads\/2019\/11\/75567356_2969277436445027_9000814437963137024_n.jpg\",\"contentUrl\":\"http:\/\/karateclubmetz.fr\/wp-content\/uploads\/2019\/11\/75567356_2969277436445027_9000814437963137024_n.jpg\"},{\"@type\":\"BreadcrumbList\",\"@id\":\"https:\/\/karateclubmetz.fr\/?page_id=157#breadcrumb\",\"itemListElement\":[{\"@type\":\"ListItem\",\"position\":1,\"name\":\"Accueil\",\"item\":\"https:\/\/karateclubmetz.fr\/\"},{\"@type\":\"ListItem\",\"position\":2,\"name\":\"R\u00e9sultats\"}]},{\"@type\":\"WebSite\",\"@id\":\"https:\/\/karateclubmetz.fr\/#website\",\"url\":\"https:\/\/karateclubmetz.fr\/\",\"name\":\"Karat\u00e9 Club de Metz\",\"description\":\"Le Karat\u00e9 est dans tout ce que vous faites, L\u00e0 est la beaut\u00e9 du travail\",\"publisher\":{\"@id\":\"https:\/\/karateclubmetz.fr\/#organization\"},\"potentialAction\":[{\"@type\":\"SearchAction\",\"target\":{\"@type\":\"EntryPoint\",\"urlTemplate\":\"https:\/\/karateclubmetz.fr\/?s={search_term_string}\"},\"query-input\":\"required name=search_term_string\"}],\"inLanguage\":\"fr-FR\"},{\"@type\":\"Organization\",\"@id\":\"https:\/\/karateclubmetz.fr\/#organization\",\"name\":\"Karat\u00e9 Club de Metz\",\"url\":\"https:\/\/karateclubmetz.fr\/\",\"logo\":{\"@type\":\"ImageObject\",\"inLanguage\":\"fr-FR\",\"@id\":\"https:\/\/karateclubmetz.fr\/#\/schema\/logo\/image\/\",\"url\":\"https:\/\/karateclubmetz.fr\/wp-content\/uploads\/2019\/09\/logo_kcm.jpg\",\"contentUrl\":\"https:\/\/karateclubmetz.fr\/wp-content\/uploads\/2019\/09\/logo_kcm.jpg\",\"width\":157,\"height\":157,\"caption\":\"Karat\u00e9 Club de Metz\"},\"image\":{\"@id\":\"https:\/\/karateclubmetz.fr\/#\/schema\/logo\/image\/\"},\"sameAs\":[\"http:\/\/www.facebook.com\/group.php?gid=107459822611766\",\"https:\/\/instagram.com\/karate_club_de_metz?igshid=181ca0zciwjvq\",\"https:\/\/www.youtube.com\/watch?v=nm26u2MIRwY\"]}]}<\/script>\n<!-- \/ Yoast SEO plugin. -->","yoast_head_json":{"title":"R\u00e9sultats - Karat\u00e9 Club de Metz","robots":{"index":"index","follow":"follow","max-snippet":"max-snippet:-1","max-image-preview":"max-image-preview:large","max-video-preview":"max-video-preview:-1"},"canonical":"https:\/\/karateclubmetz.fr\/?page_id=157","og_locale":"fr_FR","og_type":"article","og_title":"R\u00e9sultats - Karat\u00e9 Club de Metz","og_description":"Vous trouverez ici toutes les informations sur les comp\u00e9titions Championnats de Moselle 2019 Les 2 et 3 novembre avaient lieu les championnats [&hellip;]","og_url":"https:\/\/karateclubmetz.fr\/?page_id=157","og_site_name":"Karat\u00e9 Club de Metz","article_publisher":"http:\/\/www.facebook.com\/group.php?gid=107459822611766","article_modified_time":"2019-11-11T14:23:20+00:00","og_image":[{"url":"http:\/\/karateclubmetz.fr\/wp-content\/uploads\/2019\/11\/75567356_2969277436445027_9000814437963137024_n.jpg"}],"twitter_card":"summary_large_image","twitter_misc":{"Dur\u00e9e de lecture estim\u00e9e":"1 minute"},"schema":{"@context":"https:\/\/schema.org","@graph":[{"@type":"WebPage","@id":"https:\/\/karateclubmetz.fr\/?page_id=157","url":"https:\/\/karateclubmetz.fr\/?page_id=157","name":"R\u00e9sultats - Karat\u00e9 Club de Metz","isPartOf":{"@id":"https:\/\/karateclubmetz.fr\/#website"},"primaryImageOfPage":{"@id":"https:\/\/karateclubmetz.fr\/?page_id=157#primaryimage"},"image":{"@id":"https:\/\/karateclubmetz.fr\/?page_id=157#primaryimage"},"thumbnailUrl":"http:\/\/karateclubmetz.fr\/wp-content\/uploads\/2019\/11\/75567356_2969277436445027_9000814437963137024_n.jpg","datePublished":"2019-08-31T19:16:22+00:00","dateModified":"2019-11-11T14:23:20+00:00","breadcrumb":{"@id":"https:\/\/karateclubmetz.fr\/?page_id=157#breadcrumb"},"inLanguage":"fr-FR","potentialAction":[{"@type":"ReadAction","target":["https:\/\/karateclubmetz.fr\/?page_id=157"]}]},{"@type":"ImageObject","inLanguage":"fr-FR","@id":"https:\/\/karateclubmetz.fr\/?page_id=157#primaryimage","url":"http:\/\/karateclubmetz.fr\/wp-content\/uploads\/2019\/11\/75567356_2969277436445027_9000814437963137024_n.jpg","contentUrl":"http:\/\/karateclubmetz.fr\/wp-content\/uploads\/2019\/11\/75567356_2969277436445027_9000814437963137024_n.jpg"},{"@type":"BreadcrumbList","@id":"https:\/\/karateclubmetz.fr\/?page_id=157#breadcrumb","itemListElement":[{"@type":"ListItem","position":1,"name":"Accueil","item":"https:\/\/karateclubmetz.fr\/"},{"@type":"ListItem","position":2,"name":"R\u00e9sultats"}]},{"@type":"WebSite","@id":"https:\/\/karateclubmetz.fr\/#website","url":"https:\/\/karateclubmetz.fr\/","name":"Karat\u00e9 Club de Metz","description":"Le Karat\u00e9 est dans tout ce que vous faites, L\u00e0 est la beaut\u00e9 du travail","publisher":{"@id":"https:\/\/karateclubmetz.fr\/#organization"},"potentialAction":[{"@type":"SearchAction","target":{"@type":"EntryPoint","urlTemplate":"https:\/\/karateclubmetz.fr\/?s={search_term_string}"},"query-input":"required name=search_term_string"}],"inLanguage":"fr-FR"},{"@type":"Organization","@id":"https:\/\/karateclubmetz.fr\/#organization","name":"Karat\u00e9 Club de Metz","url":"https:\/\/karateclubmetz.fr\/","logo":{"@type":"ImageObject","inLanguage":"fr-FR","@id":"https:\/\/karateclubmetz.fr\/#\/schema\/logo\/image\/","url":"https:\/\/karateclubmetz.fr\/wp-content\/uploads\/2019\/09\/logo_kcm.jpg","contentUrl":"https:\/\/karateclubmetz.fr\/wp-content\/uploads\/2019\/09\/logo_kcm.jpg","width":157,"height":157,"caption":"Karat\u00e9 Club de Metz"},"image":{"@id":"https:\/\/karateclubmetz.fr\/#\/schema\/logo\/image\/"},"sameAs":["http:\/\/www.facebook.com\/group.php?gid=107459822611766","https:\/\/instagram.com\/karate_club_de_metz?igshid=181ca0zciwjvq","https:\/\/www.youtube.com\/watch?v=nm26u2MIRwY"]}]}},"_links":{"self":[{"href":"https:\/\/karateclubmetz.fr\/index.php?rest_route=\/wp\/v2\/pages\/157"}],"collection":[{"href":"https:\/\/karateclubmetz.fr\/index.php?rest_route=\/wp\/v2\/pages"}],"about":[{"href":"https:\/\/karateclubmetz.fr\/index.php?rest_route=\/wp\/v2\/types\/page"}],"author":[{"embeddable":true,"href":"https:\/\/karateclubmetz.fr\/index.php?rest_route=\/wp\/v2\/users\/1"}],"replies":[{"embeddable":true,"href":"https:\/\/karateclubmetz.fr\/index.php?rest_route=%2Fwp%2Fv2%2Fcomments&post=157"}],"version-history":[{"count":4,"href":"https:\/\/karateclubmetz.fr\/index.php?rest_route=\/wp\/v2\/pages\/157\/revisions"}],"predecessor-version":[{"id":463,"href":"https:\/\/karateclubmetz.fr\/index.php?rest_route=\/wp\/v2\/pages\/157\/revisions\/463"}],"wp:attachment":[{"href":"https:\/\/karateclubmetz.fr\/index.php?rest_route=%2Fwp%2Fv2%2Fmedia&parent=157"}],"curies":[{"name":"wp","href":"https:\/\/api.w.org\/{rel}","templated":true}]}}