{"id":179,"date":"2019-08-31T22:24:21","date_gmt":"2019-08-31T20:24:21","guid":{"rendered":"http:\/\/isabelle.geoderis.fr\/?page_id=179"},"modified":"2019-08-31T22:24:21","modified_gmt":"2019-08-31T20:24:21","slug":"news","status":"publish","type":"page","link":"https:\/\/karateclubmetz.fr\/?page_id=179","title":{"rendered":"News"},"content":{"rendered":"","protected":false},"excerpt":{"rendered":"","protected":false},"author":1,"featured_media":0,"parent":0,"menu_order":0,"comment_status":"closed","ping_status":"closed","template":"","meta":{"footnotes":""},"class_list":["post-179","page","type-page","status-publish","hentry"],"yoast_head":"<!-- This site is optimized with the Yoast SEO plugin v23.3 - https:\/\/yoast.com\/wordpress\/plugins\/seo\/ -->\n<title>News - Karat\u00e9 Club de Metz<\/title>\n<meta name=\"robots\" content=\"index, follow, max-snippet:-1, max-image-preview:large, max-video-preview:-1\" \/>\n<link rel=\"canonical\" href=\"https:\/\/karateclubmetz.fr\/?page_id=179\" \/>\n<meta property=\"og:locale\" content=\"fr_FR\" \/>\n<meta property=\"og:type\" content=\"article\" \/>\n<meta property=\"og:title\" content=\"News - Karat\u00e9 Club de Metz\" \/>\n<meta property=\"og:url\" content=\"https:\/\/karateclubmetz.fr\/?page_id=179\" \/>\n<meta property=\"og:site_name\" content=\"Karat\u00e9 Club de Metz\" \/>\n<meta property=\"article:publisher\" content=\"http:\/\/www.facebook.com\/group.php?gid=107459822611766\" \/>\n<meta name=\"twitter:card\" content=\"summary_large_image\" \/>\n<script type=\"application\/ld+json\" class=\"yoast-schema-graph\">{\"@context\":\"https:\/\/schema.org\",\"@graph\":[{\"@type\":[\"WebPage\",\"CollectionPage\"],\"@id\":\"https:\/\/karateclubmetz.fr\/?page_id=179\",\"url\":\"https:\/\/karateclubmetz.fr\/?page_id=179\",\"name\":\"News - Karat\u00e9 Club de Metz\",\"isPartOf\":{\"@id\":\"https:\/\/karateclubmetz.fr\/#website\"},\"datePublished\":\"2019-08-31T20:24:21+00:00\",\"dateModified\":\"2019-08-31T20:24:21+00:00\",\"breadcrumb\":{\"@id\":\"https:\/\/karateclubmetz.fr\/?page_id=179#breadcrumb\"},\"inLanguage\":\"fr-FR\"},{\"@type\":\"BreadcrumbList\",\"@id\":\"https:\/\/karateclubmetz.fr\/?page_id=179#breadcrumb\",\"itemListElement\":[{\"@type\":\"ListItem\",\"position\":1,\"name\":\"Accueil\",\"item\":\"https:\/\/karateclubmetz.fr\/\"},{\"@type\":\"ListItem\",\"position\":2,\"name\":\"News\"}]},{\"@type\":\"WebSite\",\"@id\":\"https:\/\/karateclubmetz.fr\/#website\",\"url\":\"https:\/\/karateclubmetz.fr\/\",\"name\":\"Karat\u00e9 Club de Metz\",\"description\":\"Le Karat\u00e9 est dans tout ce que vous faites, L\u00e0 est la beaut\u00e9 du travail\",\"publisher\":{\"@id\":\"https:\/\/karateclubmetz.fr\/#organization\"},\"potentialAction\":[{\"@type\":\"SearchAction\",\"target\":{\"@type\":\"EntryPoint\",\"urlTemplate\":\"https:\/\/karateclubmetz.fr\/?s={search_term_string}\"},\"query-input\":\"required name=search_term_string\"}],\"inLanguage\":\"fr-FR\"},{\"@type\":\"Organization\",\"@id\":\"https:\/\/karateclubmetz.fr\/#organization\",\"name\":\"Karat\u00e9 Club de Metz\",\"url\":\"https:\/\/karateclubmetz.fr\/\",\"logo\":{\"@type\":\"ImageObject\",\"inLanguage\":\"fr-FR\",\"@id\":\"https:\/\/karateclubmetz.fr\/#\/schema\/logo\/image\/\",\"url\":\"https:\/\/karateclubmetz.fr\/wp-content\/uploads\/2019\/09\/logo_kcm.jpg\",\"contentUrl\":\"https:\/\/karateclubmetz.fr\/wp-content\/uploads\/2019\/09\/logo_kcm.jpg\",\"width\":157,\"height\":157,\"caption\":\"Karat\u00e9 Club de Metz\"},\"image\":{\"@id\":\"https:\/\/karateclubmetz.fr\/#\/schema\/logo\/image\/\"},\"sameAs\":[\"http:\/\/www.facebook.com\/group.php?gid=107459822611766\",\"https:\/\/instagram.com\/karate_club_de_metz?igshid=181ca0zciwjvq\",\"https:\/\/www.youtube.com\/watch?v=nm26u2MIRwY\"]}]}<\/script>\n<!-- \/ Yoast SEO plugin. -->","yoast_head_json":{"title":"News - Karat\u00e9 Club de Metz","robots":{"index":"index","follow":"follow","max-snippet":"max-snippet:-1","max-image-preview":"max-image-preview:large","max-video-preview":"max-video-preview:-1"},"canonical":"https:\/\/karateclubmetz.fr\/?page_id=179","og_locale":"fr_FR","og_type":"article","og_title":"News - Karat\u00e9 Club de Metz","og_url":"https:\/\/karateclubmetz.fr\/?page_id=179","og_site_name":"Karat\u00e9 Club de Metz","article_publisher":"http:\/\/www.facebook.com\/group.php?gid=107459822611766","twitter_card":"summary_large_image","schema":{"@context":"https:\/\/schema.org","@graph":[{"@type":["WebPage","CollectionPage"],"@id":"https:\/\/karateclubmetz.fr\/?page_id=179","url":"https:\/\/karateclubmetz.fr\/?page_id=179","name":"News - Karat\u00e9 Club de Metz","isPartOf":{"@id":"https:\/\/karateclubmetz.fr\/#website"},"datePublished":"2019-08-31T20:24:21+00:00","dateModified":"2019-08-31T20:24:21+00:00","breadcrumb":{"@id":"https:\/\/karateclubmetz.fr\/?page_id=179#breadcrumb"},"inLanguage":"fr-FR"},{"@type":"BreadcrumbList","@id":"https:\/\/karateclubmetz.fr\/?page_id=179#breadcrumb","itemListElement":[{"@type":"ListItem","position":1,"name":"Accueil","item":"https:\/\/karateclubmetz.fr\/"},{"@type":"ListItem","position":2,"name":"News"}]},{"@type":"WebSite","@id":"https:\/\/karateclubmetz.fr\/#website","url":"https:\/\/karateclubmetz.fr\/","name":"Karat\u00e9 Club de Metz","description":"Le Karat\u00e9 est dans tout ce que vous faites, L\u00e0 est la beaut\u00e9 du travail","publisher":{"@id":"https:\/\/karateclubmetz.fr\/#organization"},"potentialAction":[{"@type":"SearchAction","target":{"@type":"EntryPoint","urlTemplate":"https:\/\/karateclubmetz.fr\/?s={search_term_string}"},"query-input":"required name=search_term_string"}],"inLanguage":"fr-FR"},{"@type":"Organization","@id":"https:\/\/karateclubmetz.fr\/#organization","name":"Karat\u00e9 Club de Metz","url":"https:\/\/karateclubmetz.fr\/","logo":{"@type":"ImageObject","inLanguage":"fr-FR","@id":"https:\/\/karateclubmetz.fr\/#\/schema\/logo\/image\/","url":"https:\/\/karateclubmetz.fr\/wp-content\/uploads\/2019\/09\/logo_kcm.jpg","contentUrl":"https:\/\/karateclubmetz.fr\/wp-content\/uploads\/2019\/09\/logo_kcm.jpg","width":157,"height":157,"caption":"Karat\u00e9 Club de Metz"},"image":{"@id":"https:\/\/karateclubmetz.fr\/#\/schema\/logo\/image\/"},"sameAs":["http:\/\/www.facebook.com\/group.php?gid=107459822611766","https:\/\/instagram.com\/karate_club_de_metz?igshid=181ca0zciwjvq","https:\/\/www.youtube.com\/watch?v=nm26u2MIRwY"]}]}},"_links":{"self":[{"href":"https:\/\/karateclubmetz.fr\/index.php?rest_route=\/wp\/v2\/pages\/179"}],"collection":[{"href":"https:\/\/karateclubmetz.fr\/index.php?rest_route=\/wp\/v2\/pages"}],"about":[{"href":"https:\/\/karateclubmetz.fr\/index.php?rest_route=\/wp\/v2\/types\/page"}],"author":[{"embeddable":true,"href":"https:\/\/karateclubmetz.fr\/index.php?rest_route=\/wp\/v2\/users\/1"}],"replies":[{"embeddable":true,"href":"https:\/\/karateclubmetz.fr\/index.php?rest_route=%2Fwp%2Fv2%2Fcomments&post=179"}],"version-history":[{"count":0,"href":"https:\/\/karateclubmetz.fr\/index.php?rest_route=\/wp\/v2\/pages\/179\/revisions"}],"wp:attachment":[{"href":"https:\/\/karateclubmetz.fr\/index.php?rest_route=%2Fwp%2Fv2%2Fmedia&parent=179"}],"curies":[{"name":"wp","href":"https:\/\/api.w.org\/{rel}","templated":true}]}}