{"id":334,"date":"2019-09-22T22:34:42","date_gmt":"2019-09-22T20:34:42","guid":{"rendered":"http:\/\/karateclubmetz.fr\/?page_id=334"},"modified":"2019-09-22T22:53:09","modified_gmt":"2019-09-22T20:53:09","slug":"elementor-334","status":"publish","type":"page","link":"https:\/\/karateclubmetz.fr\/?page_id=334","title":{"rendered":"Localisation"},"content":{"rendered":"\t\t<div data-elementor-type=\"wp-page\" data-elementor-id=\"334\" class=\"elementor elementor-334\">\n\t\t\t\t\t\t<section class=\"elementor-section elementor-top-section elementor-element elementor-element-0a75aa0 elementor-section-boxed elementor-section-height-default elementor-section-height-default\" data-id=\"0a75aa0\" data-element_type=\"section\">\n\t\t\t\t\t\t<div class=\"elementor-container elementor-column-gap-default\">\n\t\t\t\t\t<div class=\"elementor-column elementor-col-100 elementor-top-column elementor-element elementor-element-fecf4b3\" data-id=\"fecf4b3\" data-element_type=\"column\">\n\t\t\t<div class=\"elementor-widget-wrap elementor-element-populated\">\n\t\t\t\t\t\t<div class=\"elementor-element elementor-element-ec79791 elementor-widget elementor-widget-text-editor\" data-id=\"ec79791\" data-element_type=\"widget\" data-widget_type=\"text-editor.default\">\n\t\t\t\t<div class=\"elementor-widget-container\">\n\t\t\t\t\t\t\t<p>Le Karat\u00e9 Club de Metz dispense ses cours sur 3 sites : Magny, Borny et les Ar\u00e8nes<\/p>\t\t\t\t\t\t<\/div>\n\t\t\t\t<\/div>\n\t\t\t\t\t<\/div>\n\t\t<\/div>\n\t\t\t\t\t<\/div>\n\t\t<\/section>\n\t\t\t\t<section class=\"elementor-section elementor-top-section elementor-element elementor-element-958c600 elementor-section-boxed elementor-section-height-default elementor-section-height-default\" data-id=\"958c600\" data-element_type=\"section\">\n\t\t\t\t\t\t<div class=\"elementor-container elementor-column-gap-default\">\n\t\t\t\t\t<div class=\"elementor-column elementor-col-100 elementor-top-column elementor-element elementor-element-6bc8a6b\" data-id=\"6bc8a6b\" data-element_type=\"column\">\n\t\t\t<div class=\"elementor-widget-wrap elementor-element-populated\">\n\t\t\t\t\t\t<div class=\"elementor-element elementor-element-ae48c5f elementor-widget elementor-widget-heading\" data-id=\"ae48c5f\" data-element_type=\"widget\" data-widget_type=\"heading.default\">\n\t\t\t\t<div class=\"elementor-widget-container\">\n\t\t\t<h4 class=\"elementor-heading-title elementor-size-default\">COSEC du Dauphin\u00e9 (Borny)<\/h4>\t\t<\/div>\n\t\t\t\t<\/div>\n\t\t\t\t\t<\/div>\n\t\t<\/div>\n\t\t\t\t\t<\/div>\n\t\t<\/section>\n\t\t\t\t<section class=\"elementor-section elementor-top-section elementor-element elementor-element-8fa0d1f elementor-section-boxed elementor-section-height-default elementor-section-height-default\" data-id=\"8fa0d1f\" data-element_type=\"section\">\n\t\t\t\t\t\t<div class=\"elementor-container elementor-column-gap-default\">\n\t\t\t\t\t<div class=\"elementor-column elementor-col-100 elementor-top-column elementor-element elementor-element-5a316ea\" data-id=\"5a316ea\" data-element_type=\"column\">\n\t\t\t<div class=\"elementor-widget-wrap elementor-element-populated\">\n\t\t\t\t\t\t<div class=\"elementor-element elementor-element-cd266f3 elementor-widget elementor-widget-google_maps\" data-id=\"cd266f3\" data-element_type=\"widget\" data-widget_type=\"google_maps.default\">\n\t\t\t\t<div class=\"elementor-widget-container\">\n\t\t\t\t\t<div class=\"elementor-custom-embed\">\n\t\t\t<iframe loading=\"lazy\"\n\t\t\t\t\tsrc=\"https:\/\/maps.google.com\/maps?q=11%2C%20rue%20du%20Dauphin%C3%A9%2C%2057000%20Metz&#038;t=m&#038;z=13&#038;output=embed&#038;iwloc=near\"\n\t\t\t\t\ttitle=\"11, rue du Dauphin\u00e9, 57000 Metz\"\n\t\t\t\t\taria-label=\"11, rue du Dauphin\u00e9, 57000 Metz\"\n\t\t\t><\/iframe>\n\t\t<\/div>\n\t\t\t\t<\/div>\n\t\t\t\t<\/div>\n\t\t\t\t<div class=\"elementor-element elementor-element-cc8303b elementor-widget elementor-widget-spacer\" data-id=\"cc8303b\" data-element_type=\"widget\" data-widget_type=\"spacer.default\">\n\t\t\t\t<div class=\"elementor-widget-container\">\n\t\t\t\t\t<div class=\"elementor-spacer\">\n\t\t\t<div class=\"elementor-spacer-inner\"><\/div>\n\t\t<\/div>\n\t\t\t\t<\/div>\n\t\t\t\t<\/div>\n\t\t\t\t\t<\/div>\n\t\t<\/div>\n\t\t\t\t\t<\/div>\n\t\t<\/section>\n\t\t\t\t<section class=\"elementor-section elementor-top-section elementor-element elementor-element-6d45b13 elementor-section-boxed elementor-section-height-default elementor-section-height-default\" data-id=\"6d45b13\" data-element_type=\"section\">\n\t\t\t\t\t\t<div class=\"elementor-container elementor-column-gap-default\">\n\t\t\t\t\t<div class=\"elementor-column elementor-col-100 elementor-top-column elementor-element elementor-element-81b1d3c\" data-id=\"81b1d3c\" data-element_type=\"column\">\n\t\t\t<div class=\"elementor-widget-wrap elementor-element-populated\">\n\t\t\t\t\t\t<div class=\"elementor-element elementor-element-78fdf56 elementor-widget elementor-widget-heading\" data-id=\"78fdf56\" data-element_type=\"widget\" data-widget_type=\"heading.default\">\n\t\t\t\t<div class=\"elementor-widget-container\">\n\t\t\t<h4 class=\"elementor-heading-title elementor-size-default\">Centre socio-culturel de Magny<\/h4>\t\t<\/div>\n\t\t\t\t<\/div>\n\t\t\t\t\t<\/div>\n\t\t<\/div>\n\t\t\t\t\t<\/div>\n\t\t<\/section>\n\t\t\t\t<section class=\"elementor-section elementor-top-section elementor-element elementor-element-f88a7b6 elementor-section-boxed elementor-section-height-default elementor-section-height-default\" data-id=\"f88a7b6\" data-element_type=\"section\">\n\t\t\t\t\t\t<div class=\"elementor-container elementor-column-gap-default\">\n\t\t\t\t\t<div class=\"elementor-column elementor-col-100 elementor-top-column elementor-element elementor-element-5843b3e\" data-id=\"5843b3e\" data-element_type=\"column\">\n\t\t\t<div class=\"elementor-widget-wrap elementor-element-populated\">\n\t\t\t\t\t\t<div class=\"elementor-element elementor-element-1b61a53 elementor-widget elementor-widget-google_maps\" data-id=\"1b61a53\" data-element_type=\"widget\" data-widget_type=\"google_maps.default\">\n\t\t\t\t<div class=\"elementor-widget-container\">\n\t\t\t\t\t<div class=\"elementor-custom-embed\">\n\t\t\t<iframe loading=\"lazy\"\n\t\t\t\t\tsrc=\"https:\/\/maps.google.com\/maps?q=44%2C%20rue%20des%20Pr%C3%AAles%2057000%20METZ&#038;t=m&#038;z=12&#038;output=embed&#038;iwloc=near\"\n\t\t\t\t\ttitle=\"44, rue des Pr\u00eales 57000 METZ\"\n\t\t\t\t\taria-label=\"44, rue des Pr\u00eales 57000 METZ\"\n\t\t\t><\/iframe>\n\t\t<\/div>\n\t\t\t\t<\/div>\n\t\t\t\t<\/div>\n\t\t\t\t\t<\/div>\n\t\t<\/div>\n\t\t\t\t\t<\/div>\n\t\t<\/section>\n\t\t\t\t<section class=\"elementor-section elementor-top-section elementor-element elementor-element-7cd7694 elementor-section-boxed elementor-section-height-default elementor-section-height-default\" data-id=\"7cd7694\" data-element_type=\"section\">\n\t\t\t\t\t\t<div class=\"elementor-container elementor-column-gap-default\">\n\t\t\t\t\t<div class=\"elementor-column elementor-col-100 elementor-top-column elementor-element elementor-element-231b14b\" data-id=\"231b14b\" data-element_type=\"column\">\n\t\t\t<div class=\"elementor-widget-wrap elementor-element-populated\">\n\t\t\t\t\t\t<div class=\"elementor-element elementor-element-c8cbf8b elementor-widget elementor-widget-spacer\" data-id=\"c8cbf8b\" data-element_type=\"widget\" data-widget_type=\"spacer.default\">\n\t\t\t\t<div class=\"elementor-widget-container\">\n\t\t\t\t\t<div class=\"elementor-spacer\">\n\t\t\t<div class=\"elementor-spacer-inner\"><\/div>\n\t\t<\/div>\n\t\t\t\t<\/div>\n\t\t\t\t<\/div>\n\t\t\t\t\t<\/div>\n\t\t<\/div>\n\t\t\t\t\t<\/div>\n\t\t<\/section>\n\t\t\t\t<section class=\"elementor-section elementor-top-section elementor-element elementor-element-f27c24a elementor-section-boxed elementor-section-height-default elementor-section-height-default\" data-id=\"f27c24a\" data-element_type=\"section\">\n\t\t\t\t\t\t<div class=\"elementor-container elementor-column-gap-default\">\n\t\t\t\t\t<div class=\"elementor-column elementor-col-100 elementor-top-column elementor-element elementor-element-29e889f\" data-id=\"29e889f\" data-element_type=\"column\">\n\t\t\t<div class=\"elementor-widget-wrap elementor-element-populated\">\n\t\t\t\t\t\t<div class=\"elementor-element elementor-element-4f786b1 elementor-widget elementor-widget-heading\" data-id=\"4f786b1\" data-element_type=\"widget\" data-widget_type=\"heading.default\">\n\t\t\t\t<div class=\"elementor-widget-container\">\n\t\t\t<h4 class=\"elementor-heading-title elementor-size-default\">Les Ar\u00e8nes<\/h4>\t\t<\/div>\n\t\t\t\t<\/div>\n\t\t\t\t\t<\/div>\n\t\t<\/div>\n\t\t\t\t\t<\/div>\n\t\t<\/section>\n\t\t\t\t<section class=\"elementor-section elementor-top-section elementor-element elementor-element-3b41841 elementor-section-boxed elementor-section-height-default elementor-section-height-default\" data-id=\"3b41841\" data-element_type=\"section\">\n\t\t\t\t\t\t<div class=\"elementor-container elementor-column-gap-default\">\n\t\t\t\t\t<div class=\"elementor-column elementor-col-100 elementor-top-column elementor-element elementor-element-2c951fc\" data-id=\"2c951fc\" data-element_type=\"column\">\n\t\t\t<div class=\"elementor-widget-wrap elementor-element-populated\">\n\t\t\t\t\t\t<div class=\"elementor-element elementor-element-7be920b elementor-widget elementor-widget-google_maps\" data-id=\"7be920b\" data-element_type=\"widget\" data-widget_type=\"google_maps.default\">\n\t\t\t\t<div class=\"elementor-widget-container\">\n\t\t\t\t\t<div class=\"elementor-custom-embed\">\n\t\t\t<iframe loading=\"lazy\"\n\t\t\t\t\tsrc=\"https:\/\/maps.google.com\/maps?q=5%2C%20avenue%20Louis%20le%20D%C3%A9bonnaire%2057000%20METZ&#038;t=m&#038;z=10&#038;output=embed&#038;iwloc=near\"\n\t\t\t\t\ttitle=\"5, avenue Louis le D\u00e9bonnaire 57000 METZ\"\n\t\t\t\t\taria-label=\"5, avenue Louis le D\u00e9bonnaire 57000 METZ\"\n\t\t\t><\/iframe>\n\t\t<\/div>\n\t\t\t\t<\/div>\n\t\t\t\t<\/div>\n\t\t\t\t\t<\/div>\n\t\t<\/div>\n\t\t\t\t\t<\/div>\n\t\t<\/section>\n\t\t\t\t<\/div>\n\t\t","protected":false},"excerpt":{"rendered":"<p>Le Karat\u00e9 Club de Metz dispense ses cours sur 3 sites : Magny, Borny et les Ar\u00e8nes COSEC du Dauphin\u00e9 (Borny) Centre [&hellip;]<\/p>\n","protected":false},"author":1,"featured_media":0,"parent":0,"menu_order":0,"comment_status":"closed","ping_status":"closed","template":"","meta":{"footnotes":""},"class_list":["post-334","page","type-page","status-publish","hentry"],"yoast_head":"<!-- This site is optimized with the Yoast SEO plugin v23.3 - https:\/\/yoast.com\/wordpress\/plugins\/seo\/ -->\n<title>Localisation - Karat\u00e9 Club de Metz<\/title>\n<meta name=\"robots\" content=\"index, follow, max-snippet:-1, max-image-preview:large, max-video-preview:-1\" \/>\n<link rel=\"canonical\" href=\"https:\/\/karateclubmetz.fr\/?page_id=334\" \/>\n<meta property=\"og:locale\" content=\"fr_FR\" \/>\n<meta property=\"og:type\" content=\"article\" \/>\n<meta property=\"og:title\" content=\"Localisation - Karat\u00e9 Club de Metz\" \/>\n<meta property=\"og:description\" content=\"Le Karat\u00e9 Club de Metz dispense ses cours sur 3 sites : Magny, Borny et les Ar\u00e8nes COSEC du Dauphin\u00e9 (Borny) Centre [&hellip;]\" \/>\n<meta property=\"og:url\" content=\"https:\/\/karateclubmetz.fr\/?page_id=334\" \/>\n<meta property=\"og:site_name\" content=\"Karat\u00e9 Club de Metz\" \/>\n<meta property=\"article:publisher\" content=\"http:\/\/www.facebook.com\/group.php?gid=107459822611766\" \/>\n<meta property=\"article:modified_time\" content=\"2019-09-22T20:53:09+00:00\" \/>\n<meta name=\"twitter:card\" content=\"summary_large_image\" \/>\n<script type=\"application\/ld+json\" class=\"yoast-schema-graph\">{\"@context\":\"https:\/\/schema.org\",\"@graph\":[{\"@type\":\"WebPage\",\"@id\":\"https:\/\/karateclubmetz.fr\/?page_id=334\",\"url\":\"https:\/\/karateclubmetz.fr\/?page_id=334\",\"name\":\"Localisation - Karat\u00e9 Club de Metz\",\"isPartOf\":{\"@id\":\"https:\/\/karateclubmetz.fr\/#website\"},\"datePublished\":\"2019-09-22T20:34:42+00:00\",\"dateModified\":\"2019-09-22T20:53:09+00:00\",\"breadcrumb\":{\"@id\":\"https:\/\/karateclubmetz.fr\/?page_id=334#breadcrumb\"},\"inLanguage\":\"fr-FR\",\"potentialAction\":[{\"@type\":\"ReadAction\",\"target\":[\"https:\/\/karateclubmetz.fr\/?page_id=334\"]}]},{\"@type\":\"BreadcrumbList\",\"@id\":\"https:\/\/karateclubmetz.fr\/?page_id=334#breadcrumb\",\"itemListElement\":[{\"@type\":\"ListItem\",\"position\":1,\"name\":\"Accueil\",\"item\":\"https:\/\/karateclubmetz.fr\/\"},{\"@type\":\"ListItem\",\"position\":2,\"name\":\"Localisation\"}]},{\"@type\":\"WebSite\",\"@id\":\"https:\/\/karateclubmetz.fr\/#website\",\"url\":\"https:\/\/karateclubmetz.fr\/\",\"name\":\"Karat\u00e9 Club de Metz\",\"description\":\"Le Karat\u00e9 est dans tout ce que vous faites, L\u00e0 est la beaut\u00e9 du travail\",\"publisher\":{\"@id\":\"https:\/\/karateclubmetz.fr\/#organization\"},\"potentialAction\":[{\"@type\":\"SearchAction\",\"target\":{\"@type\":\"EntryPoint\",\"urlTemplate\":\"https:\/\/karateclubmetz.fr\/?s={search_term_string}\"},\"query-input\":\"required name=search_term_string\"}],\"inLanguage\":\"fr-FR\"},{\"@type\":\"Organization\",\"@id\":\"https:\/\/karateclubmetz.fr\/#organization\",\"name\":\"Karat\u00e9 Club de Metz\",\"url\":\"https:\/\/karateclubmetz.fr\/\",\"logo\":{\"@type\":\"ImageObject\",\"inLanguage\":\"fr-FR\",\"@id\":\"https:\/\/karateclubmetz.fr\/#\/schema\/logo\/image\/\",\"url\":\"https:\/\/karateclubmetz.fr\/wp-content\/uploads\/2019\/09\/logo_kcm.jpg\",\"contentUrl\":\"https:\/\/karateclubmetz.fr\/wp-content\/uploads\/2019\/09\/logo_kcm.jpg\",\"width\":157,\"height\":157,\"caption\":\"Karat\u00e9 Club de Metz\"},\"image\":{\"@id\":\"https:\/\/karateclubmetz.fr\/#\/schema\/logo\/image\/\"},\"sameAs\":[\"http:\/\/www.facebook.com\/group.php?gid=107459822611766\",\"https:\/\/instagram.com\/karate_club_de_metz?igshid=181ca0zciwjvq\",\"https:\/\/www.youtube.com\/watch?v=nm26u2MIRwY\"]}]}<\/script>\n<!-- \/ Yoast SEO plugin. -->","yoast_head_json":{"title":"Localisation - Karat\u00e9 Club de Metz","robots":{"index":"index","follow":"follow","max-snippet":"max-snippet:-1","max-image-preview":"max-image-preview:large","max-video-preview":"max-video-preview:-1"},"canonical":"https:\/\/karateclubmetz.fr\/?page_id=334","og_locale":"fr_FR","og_type":"article","og_title":"Localisation - Karat\u00e9 Club de Metz","og_description":"Le Karat\u00e9 Club de Metz dispense ses cours sur 3 sites : Magny, Borny et les Ar\u00e8nes COSEC du Dauphin\u00e9 (Borny) Centre [&hellip;]","og_url":"https:\/\/karateclubmetz.fr\/?page_id=334","og_site_name":"Karat\u00e9 Club de Metz","article_publisher":"http:\/\/www.facebook.com\/group.php?gid=107459822611766","article_modified_time":"2019-09-22T20:53:09+00:00","twitter_card":"summary_large_image","schema":{"@context":"https:\/\/schema.org","@graph":[{"@type":"WebPage","@id":"https:\/\/karateclubmetz.fr\/?page_id=334","url":"https:\/\/karateclubmetz.fr\/?page_id=334","name":"Localisation - Karat\u00e9 Club de Metz","isPartOf":{"@id":"https:\/\/karateclubmetz.fr\/#website"},"datePublished":"2019-09-22T20:34:42+00:00","dateModified":"2019-09-22T20:53:09+00:00","breadcrumb":{"@id":"https:\/\/karateclubmetz.fr\/?page_id=334#breadcrumb"},"inLanguage":"fr-FR","potentialAction":[{"@type":"ReadAction","target":["https:\/\/karateclubmetz.fr\/?page_id=334"]}]},{"@type":"BreadcrumbList","@id":"https:\/\/karateclubmetz.fr\/?page_id=334#breadcrumb","itemListElement":[{"@type":"ListItem","position":1,"name":"Accueil","item":"https:\/\/karateclubmetz.fr\/"},{"@type":"ListItem","position":2,"name":"Localisation"}]},{"@type":"WebSite","@id":"https:\/\/karateclubmetz.fr\/#website","url":"https:\/\/karateclubmetz.fr\/","name":"Karat\u00e9 Club de Metz","description":"Le Karat\u00e9 est dans tout ce que vous faites, L\u00e0 est la beaut\u00e9 du travail","publisher":{"@id":"https:\/\/karateclubmetz.fr\/#organization"},"potentialAction":[{"@type":"SearchAction","target":{"@type":"EntryPoint","urlTemplate":"https:\/\/karateclubmetz.fr\/?s={search_term_string}"},"query-input":"required name=search_term_string"}],"inLanguage":"fr-FR"},{"@type":"Organization","@id":"https:\/\/karateclubmetz.fr\/#organization","name":"Karat\u00e9 Club de Metz","url":"https:\/\/karateclubmetz.fr\/","logo":{"@type":"ImageObject","inLanguage":"fr-FR","@id":"https:\/\/karateclubmetz.fr\/#\/schema\/logo\/image\/","url":"https:\/\/karateclubmetz.fr\/wp-content\/uploads\/2019\/09\/logo_kcm.jpg","contentUrl":"https:\/\/karateclubmetz.fr\/wp-content\/uploads\/2019\/09\/logo_kcm.jpg","width":157,"height":157,"caption":"Karat\u00e9 Club de Metz"},"image":{"@id":"https:\/\/karateclubmetz.fr\/#\/schema\/logo\/image\/"},"sameAs":["http:\/\/www.facebook.com\/group.php?gid=107459822611766","https:\/\/instagram.com\/karate_club_de_metz?igshid=181ca0zciwjvq","https:\/\/www.youtube.com\/watch?v=nm26u2MIRwY"]}]}},"_links":{"self":[{"href":"https:\/\/karateclubmetz.fr\/index.php?rest_route=\/wp\/v2\/pages\/334"}],"collection":[{"href":"https:\/\/karateclubmetz.fr\/index.php?rest_route=\/wp\/v2\/pages"}],"about":[{"href":"https:\/\/karateclubmetz.fr\/index.php?rest_route=\/wp\/v2\/types\/page"}],"author":[{"embeddable":true,"href":"https:\/\/karateclubmetz.fr\/index.php?rest_route=\/wp\/v2\/users\/1"}],"replies":[{"embeddable":true,"href":"https:\/\/karateclubmetz.fr\/index.php?rest_route=%2Fwp%2Fv2%2Fcomments&post=334"}],"version-history":[{"count":6,"href":"https:\/\/karateclubmetz.fr\/index.php?rest_route=\/wp\/v2\/pages\/334\/revisions"}],"predecessor-version":[{"id":343,"href":"https:\/\/karateclubmetz.fr\/index.php?rest_route=\/wp\/v2\/pages\/334\/revisions\/343"}],"wp:attachment":[{"href":"https:\/\/karateclubmetz.fr\/index.php?rest_route=%2Fwp%2Fv2%2Fmedia&parent=334"}],"curies":[{"name":"wp","href":"https:\/\/api.w.org\/{rel}","templated":true}]}}