{"id":49,"date":"2019-08-31T12:47:58","date_gmt":"2019-08-31T10:47:58","guid":{"rendered":"http:\/\/isabelle.geoderis.fr\/?page_id=49"},"modified":"2019-09-15T23:39:04","modified_gmt":"2019-09-15T21:39:04","slug":"partenaires","status":"publish","type":"page","link":"https:\/\/karateclubmetz.fr\/?page_id=49","title":{"rendered":"Partenaires"},"content":{"rendered":"<h5><span style=\"color: #ff0000;\">Le Karat\u00e9 Club de Metz remercie pour leur confiance, leur soutien et leur cr\u00e9dit les organismes suivants :<\/span><\/h5>\n\n\n<div class=\"wp-block-media-text alignwide has-very-light-gray-background-color\" style=\"grid-template-columns:34% auto\"><figure class=\"wp-block-media-text__media\"><img fetchpriority=\"high\" decoding=\"async\" width=\"592\" height=\"99\" src=\"http:\/\/karateclubmetz.fr\/wp-content\/uploads\/2019\/08\/CDK.jpg\" alt=\"\" class=\"wp-image-83\" srcset=\"https:\/\/karateclubmetz.fr\/wp-content\/uploads\/2019\/08\/CDK.jpg 592w, https:\/\/karateclubmetz.fr\/wp-content\/uploads\/2019\/08\/CDK-300x50.jpg 300w\" sizes=\"(max-width: 592px) 100vw, 592px\" \/><\/figure><div class=\"wp-block-media-text__content\">\n<p><a href=\"http:\/\/sites.ffkarate.fr\/comitemoselle\/\" target=\"_blank\" rel=\"noreferrer noopener\" aria-label=\"Comit\u00e9 D\u00e9partemental de Moselle de karat\u00e9 (s\u2019ouvre dans un nouvel onglet)\">Comit\u00e9 D\u00e9partemental de Moselle de karat\u00e9<\/a><\/p>\n<\/div><\/div>\n\n\n\n<h4 class=\"wp-block-heading\"><\/h4>\n\n\n\n<div class=\"wp-block-media-text alignwide has-very-light-gray-background-color\" style=\"grid-template-columns:14% auto\"><figure class=\"wp-block-media-text__media\"><img decoding=\"async\" width=\"195\" height=\"215\" src=\"http:\/\/karateclubmetz.fr\/wp-content\/uploads\/2019\/08\/L_RVB_GRANDEST.png\" alt=\"\" class=\"wp-image-82\"\/><\/figure><div class=\"wp-block-media-text__content\">\n<p><a href=\"http:\/\/sites.ffkarate.fr\/grandest\/\" target=\"_blank\" rel=\"noreferrer noopener\" aria-label=\"Ligue R\u00e9gionale Grand Est de Karat\u00e9 (s\u2019ouvre dans un nouvel onglet)\">Ligue R\u00e9gionale Grand Est de Karat\u00e9<\/a><\/p>\n<\/div><\/div>\n\n\n\n<h4 class=\"wp-block-heading\"><\/h4>\n\n\n\n<div class=\"wp-block-media-text alignwide has-very-light-gray-background-color\"><figure class=\"wp-block-media-text__media\"><img decoding=\"async\" width=\"358\" height=\"100\" src=\"http:\/\/karateclubmetz.fr\/wp-content\/uploads\/2019\/08\/ffk.png\" alt=\"\" class=\"wp-image-68\" srcset=\"https:\/\/karateclubmetz.fr\/wp-content\/uploads\/2019\/08\/ffk.png 358w, https:\/\/karateclubmetz.fr\/wp-content\/uploads\/2019\/08\/ffk-300x84.png 300w\" sizes=\"(max-width: 358px) 100vw, 358px\" \/><\/figure><div class=\"wp-block-media-text__content\">\n<p> <a href=\"https:\/\/www.ffkarate.fr\/\" target=\"_blank\" rel=\"noreferrer noopener\" aria-label=\" (s\u2019ouvre dans un nouvel onglet)\">F\u00e9d\u00e9ration Fran\u00e7aise de Karat\u00e9 <\/a><\/p>\n<\/div><\/div>\n\n\n\n<h4 class=\"wp-block-heading\"><\/h4>\n\n\n\n<div class=\"wp-block-media-text alignwide has-very-light-gray-background-color\" style=\"grid-template-columns:20% auto\"><figure class=\"wp-block-media-text__media\"><img loading=\"lazy\" decoding=\"async\" width=\"162\" height=\"195\" src=\"http:\/\/karateclubmetz.fr\/wp-content\/uploads\/2019\/08\/logo_metz-2.jpg\" alt=\"\" class=\"wp-image-73\"\/><\/figure><div class=\"wp-block-media-text__content\">\n<p><a rel=\"noreferrer noopener\" aria-label=\"Ville de Metz (s\u2019ouvre dans un nouvel onglet)\" href=\"https:\/\/metz.fr\/\" target=\"_blank\">Ville de Metz<\/a><\/p>\n<\/div><\/div>\n\n\n\n<h4 class=\"wp-block-heading\"><\/h4>\n\n\n\n<div class=\"wp-block-media-text alignwide has-very-light-gray-background-color\"><figure class=\"wp-block-media-text__media\"><img loading=\"lazy\" decoding=\"async\" width=\"1024\" height=\"175\" src=\"http:\/\/karateclubmetz.fr\/wp-content\/uploads\/2019\/08\/jeunesse-et-sport-1024x175.jpg\" alt=\"\" class=\"wp-image-75\" srcset=\"https:\/\/karateclubmetz.fr\/wp-content\/uploads\/2019\/08\/jeunesse-et-sport-1024x175.jpg 1024w, https:\/\/karateclubmetz.fr\/wp-content\/uploads\/2019\/08\/jeunesse-et-sport-300x51.jpg 300w, https:\/\/karateclubmetz.fr\/wp-content\/uploads\/2019\/08\/jeunesse-et-sport-768x131.jpg 768w, https:\/\/karateclubmetz.fr\/wp-content\/uploads\/2019\/08\/jeunesse-et-sport.jpg 1061w\" sizes=\"(max-width: 1024px) 100vw, 1024px\" \/><\/figure><div class=\"wp-block-media-text__content\">\n<p><a href=\"http:\/\/grand-est.drdjscs.gouv.fr\/\" target=\"_blank\" rel=\"noreferrer noopener\" aria-label=\"Direction R\u00e9gionale et D\u00e9partementale de la Jeunesse, des Sports et de la Coh\u00e9sion Sociale (s\u2019ouvre dans un nouvel onglet)\">Direction R\u00e9gionale et D\u00e9partementale de la Jeunesse, des Sports et de la Coh\u00e9sion Sociale<\/a><\/p>\n<\/div><\/div>\n\n\n\n<h4 class=\"wp-block-heading\"><\/h4>\n\n\n\n<div class=\"wp-block-media-text alignwide has-very-light-gray-background-color\" style=\"grid-template-columns:38% auto\"><figure class=\"wp-block-media-text__media\"><img loading=\"lazy\" decoding=\"async\" width=\"552\" height=\"156\" src=\"http:\/\/karateclubmetz.fr\/wp-content\/uploads\/2019\/08\/logo_arenes_transp_0.gif\" alt=\"\" class=\"wp-image-77\"\/><\/figure><div class=\"wp-block-media-text__content\">\n<p><a href=\"https:\/\/www.arenes-de-metz.com\/\" target=\"_blank\" rel=\"noreferrer noopener\" aria-label=\"Les Ar\u00e8nes de Metz (s\u2019ouvre dans un nouvel onglet)\">Les Ar\u00e8nes de Metz<\/a><\/p>\n<\/div><\/div>\n\n\n\n<h4 class=\"wp-block-heading\"><\/h4>\n\n\n\n<div class=\"wp-block-media-text alignwide has-very-light-gray-background-color\" style=\"grid-template-columns:25% auto\"><figure class=\"wp-block-media-text__media\"><img loading=\"lazy\" decoding=\"async\" width=\"620\" height=\"611\" src=\"http:\/\/karateclubmetz.fr\/wp-content\/uploads\/2019\/08\/moulin-1.jpg\" alt=\"\" class=\"wp-image-80\" srcset=\"https:\/\/karateclubmetz.fr\/wp-content\/uploads\/2019\/08\/moulin-1.jpg 620w, https:\/\/karateclubmetz.fr\/wp-content\/uploads\/2019\/08\/moulin-1-300x296.jpg 300w\" sizes=\"(max-width: 620px) 100vw, 620px\" \/><\/figure><div class=\"wp-block-media-text__content\">\n<p><a href=\"https:\/\/www.likhom.com\/chambre_hotes\/Moulin-de-Landonvillers\/courcelles-chaussy\/france\" target=\"_blank\" rel=\"noreferrer noopener\" aria-label=\"Le moulin de Landonvillers (s\u2019ouvre dans un nouvel onglet)\">Le moulin de Landonvillers<\/a><\/p>\n<\/div><\/div>\n","protected":false},"excerpt":{"rendered":"<p>Le Karat\u00e9 Club de Metz remercie pour leur confiance, leur soutien et leur cr\u00e9dit les organismes suivants : Comit\u00e9 D\u00e9partemental de Moselle [&hellip;]<\/p>\n","protected":false},"author":1,"featured_media":0,"parent":0,"menu_order":0,"comment_status":"closed","ping_status":"closed","template":"","meta":{"footnotes":""},"class_list":["post-49","page","type-page","status-publish","hentry"],"yoast_head":"<!-- This site is optimized with the Yoast SEO plugin v23.3 - https:\/\/yoast.com\/wordpress\/plugins\/seo\/ -->\n<title>Partenaires - Karat\u00e9 Club de Metz<\/title>\n<meta name=\"robots\" content=\"index, follow, max-snippet:-1, max-image-preview:large, max-video-preview:-1\" \/>\n<link rel=\"canonical\" href=\"https:\/\/karateclubmetz.fr\/?page_id=49\" \/>\n<meta property=\"og:locale\" content=\"fr_FR\" \/>\n<meta property=\"og:type\" content=\"article\" \/>\n<meta property=\"og:title\" content=\"Partenaires - Karat\u00e9 Club de Metz\" \/>\n<meta property=\"og:description\" content=\"Le Karat\u00e9 Club de Metz remercie pour leur confiance, leur soutien et leur cr\u00e9dit les organismes suivants : Comit\u00e9 D\u00e9partemental de Moselle [&hellip;]\" \/>\n<meta property=\"og:url\" content=\"https:\/\/karateclubmetz.fr\/?page_id=49\" \/>\n<meta property=\"og:site_name\" content=\"Karat\u00e9 Club de Metz\" \/>\n<meta property=\"article:publisher\" content=\"http:\/\/www.facebook.com\/group.php?gid=107459822611766\" \/>\n<meta property=\"article:modified_time\" content=\"2019-09-15T21:39:04+00:00\" \/>\n<meta property=\"og:image\" content=\"http:\/\/karateclubmetz.fr\/wp-content\/uploads\/2019\/08\/CDK.jpg\" \/>\n<meta name=\"twitter:card\" content=\"summary_large_image\" \/>\n<script type=\"application\/ld+json\" class=\"yoast-schema-graph\">{\"@context\":\"https:\/\/schema.org\",\"@graph\":[{\"@type\":\"WebPage\",\"@id\":\"https:\/\/karateclubmetz.fr\/?page_id=49\",\"url\":\"https:\/\/karateclubmetz.fr\/?page_id=49\",\"name\":\"Partenaires - Karat\u00e9 Club de Metz\",\"isPartOf\":{\"@id\":\"https:\/\/karateclubmetz.fr\/#website\"},\"primaryImageOfPage\":{\"@id\":\"https:\/\/karateclubmetz.fr\/?page_id=49#primaryimage\"},\"image\":{\"@id\":\"https:\/\/karateclubmetz.fr\/?page_id=49#primaryimage\"},\"thumbnailUrl\":\"http:\/\/karateclubmetz.fr\/wp-content\/uploads\/2019\/08\/CDK.jpg\",\"datePublished\":\"2019-08-31T10:47:58+00:00\",\"dateModified\":\"2019-09-15T21:39:04+00:00\",\"breadcrumb\":{\"@id\":\"https:\/\/karateclubmetz.fr\/?page_id=49#breadcrumb\"},\"inLanguage\":\"fr-FR\",\"potentialAction\":[{\"@type\":\"ReadAction\",\"target\":[\"https:\/\/karateclubmetz.fr\/?page_id=49\"]}]},{\"@type\":\"ImageObject\",\"inLanguage\":\"fr-FR\",\"@id\":\"https:\/\/karateclubmetz.fr\/?page_id=49#primaryimage\",\"url\":\"http:\/\/karateclubmetz.fr\/wp-content\/uploads\/2019\/08\/CDK.jpg\",\"contentUrl\":\"http:\/\/karateclubmetz.fr\/wp-content\/uploads\/2019\/08\/CDK.jpg\"},{\"@type\":\"BreadcrumbList\",\"@id\":\"https:\/\/karateclubmetz.fr\/?page_id=49#breadcrumb\",\"itemListElement\":[{\"@type\":\"ListItem\",\"position\":1,\"name\":\"Accueil\",\"item\":\"https:\/\/karateclubmetz.fr\/\"},{\"@type\":\"ListItem\",\"position\":2,\"name\":\"Partenaires\"}]},{\"@type\":\"WebSite\",\"@id\":\"https:\/\/karateclubmetz.fr\/#website\",\"url\":\"https:\/\/karateclubmetz.fr\/\",\"name\":\"Karat\u00e9 Club de Metz\",\"description\":\"Le Karat\u00e9 est dans tout ce que vous faites, L\u00e0 est la beaut\u00e9 du travail\",\"publisher\":{\"@id\":\"https:\/\/karateclubmetz.fr\/#organization\"},\"potentialAction\":[{\"@type\":\"SearchAction\",\"target\":{\"@type\":\"EntryPoint\",\"urlTemplate\":\"https:\/\/karateclubmetz.fr\/?s={search_term_string}\"},\"query-input\":\"required name=search_term_string\"}],\"inLanguage\":\"fr-FR\"},{\"@type\":\"Organization\",\"@id\":\"https:\/\/karateclubmetz.fr\/#organization\",\"name\":\"Karat\u00e9 Club de Metz\",\"url\":\"https:\/\/karateclubmetz.fr\/\",\"logo\":{\"@type\":\"ImageObject\",\"inLanguage\":\"fr-FR\",\"@id\":\"https:\/\/karateclubmetz.fr\/#\/schema\/logo\/image\/\",\"url\":\"https:\/\/karateclubmetz.fr\/wp-content\/uploads\/2019\/09\/logo_kcm.jpg\",\"contentUrl\":\"https:\/\/karateclubmetz.fr\/wp-content\/uploads\/2019\/09\/logo_kcm.jpg\",\"width\":157,\"height\":157,\"caption\":\"Karat\u00e9 Club de Metz\"},\"image\":{\"@id\":\"https:\/\/karateclubmetz.fr\/#\/schema\/logo\/image\/\"},\"sameAs\":[\"http:\/\/www.facebook.com\/group.php?gid=107459822611766\",\"https:\/\/instagram.com\/karate_club_de_metz?igshid=181ca0zciwjvq\",\"https:\/\/www.youtube.com\/watch?v=nm26u2MIRwY\"]}]}<\/script>\n<!-- \/ Yoast SEO plugin. -->","yoast_head_json":{"title":"Partenaires - Karat\u00e9 Club de Metz","robots":{"index":"index","follow":"follow","max-snippet":"max-snippet:-1","max-image-preview":"max-image-preview:large","max-video-preview":"max-video-preview:-1"},"canonical":"https:\/\/karateclubmetz.fr\/?page_id=49","og_locale":"fr_FR","og_type":"article","og_title":"Partenaires - Karat\u00e9 Club de Metz","og_description":"Le Karat\u00e9 Club de Metz remercie pour leur confiance, leur soutien et leur cr\u00e9dit les organismes suivants : Comit\u00e9 D\u00e9partemental de Moselle [&hellip;]","og_url":"https:\/\/karateclubmetz.fr\/?page_id=49","og_site_name":"Karat\u00e9 Club de Metz","article_publisher":"http:\/\/www.facebook.com\/group.php?gid=107459822611766","article_modified_time":"2019-09-15T21:39:04+00:00","og_image":[{"url":"http:\/\/karateclubmetz.fr\/wp-content\/uploads\/2019\/08\/CDK.jpg"}],"twitter_card":"summary_large_image","schema":{"@context":"https:\/\/schema.org","@graph":[{"@type":"WebPage","@id":"https:\/\/karateclubmetz.fr\/?page_id=49","url":"https:\/\/karateclubmetz.fr\/?page_id=49","name":"Partenaires - Karat\u00e9 Club de Metz","isPartOf":{"@id":"https:\/\/karateclubmetz.fr\/#website"},"primaryImageOfPage":{"@id":"https:\/\/karateclubmetz.fr\/?page_id=49#primaryimage"},"image":{"@id":"https:\/\/karateclubmetz.fr\/?page_id=49#primaryimage"},"thumbnailUrl":"http:\/\/karateclubmetz.fr\/wp-content\/uploads\/2019\/08\/CDK.jpg","datePublished":"2019-08-31T10:47:58+00:00","dateModified":"2019-09-15T21:39:04+00:00","breadcrumb":{"@id":"https:\/\/karateclubmetz.fr\/?page_id=49#breadcrumb"},"inLanguage":"fr-FR","potentialAction":[{"@type":"ReadAction","target":["https:\/\/karateclubmetz.fr\/?page_id=49"]}]},{"@type":"ImageObject","inLanguage":"fr-FR","@id":"https:\/\/karateclubmetz.fr\/?page_id=49#primaryimage","url":"http:\/\/karateclubmetz.fr\/wp-content\/uploads\/2019\/08\/CDK.jpg","contentUrl":"http:\/\/karateclubmetz.fr\/wp-content\/uploads\/2019\/08\/CDK.jpg"},{"@type":"BreadcrumbList","@id":"https:\/\/karateclubmetz.fr\/?page_id=49#breadcrumb","itemListElement":[{"@type":"ListItem","position":1,"name":"Accueil","item":"https:\/\/karateclubmetz.fr\/"},{"@type":"ListItem","position":2,"name":"Partenaires"}]},{"@type":"WebSite","@id":"https:\/\/karateclubmetz.fr\/#website","url":"https:\/\/karateclubmetz.fr\/","name":"Karat\u00e9 Club de Metz","description":"Le Karat\u00e9 est dans tout ce que vous faites, L\u00e0 est la beaut\u00e9 du travail","publisher":{"@id":"https:\/\/karateclubmetz.fr\/#organization"},"potentialAction":[{"@type":"SearchAction","target":{"@type":"EntryPoint","urlTemplate":"https:\/\/karateclubmetz.fr\/?s={search_term_string}"},"query-input":"required name=search_term_string"}],"inLanguage":"fr-FR"},{"@type":"Organization","@id":"https:\/\/karateclubmetz.fr\/#organization","name":"Karat\u00e9 Club de Metz","url":"https:\/\/karateclubmetz.fr\/","logo":{"@type":"ImageObject","inLanguage":"fr-FR","@id":"https:\/\/karateclubmetz.fr\/#\/schema\/logo\/image\/","url":"https:\/\/karateclubmetz.fr\/wp-content\/uploads\/2019\/09\/logo_kcm.jpg","contentUrl":"https:\/\/karateclubmetz.fr\/wp-content\/uploads\/2019\/09\/logo_kcm.jpg","width":157,"height":157,"caption":"Karat\u00e9 Club de Metz"},"image":{"@id":"https:\/\/karateclubmetz.fr\/#\/schema\/logo\/image\/"},"sameAs":["http:\/\/www.facebook.com\/group.php?gid=107459822611766","https:\/\/instagram.com\/karate_club_de_metz?igshid=181ca0zciwjvq","https:\/\/www.youtube.com\/watch?v=nm26u2MIRwY"]}]}},"_links":{"self":[{"href":"https:\/\/karateclubmetz.fr\/index.php?rest_route=\/wp\/v2\/pages\/49"}],"collection":[{"href":"https:\/\/karateclubmetz.fr\/index.php?rest_route=\/wp\/v2\/pages"}],"about":[{"href":"https:\/\/karateclubmetz.fr\/index.php?rest_route=\/wp\/v2\/types\/page"}],"author":[{"embeddable":true,"href":"https:\/\/karateclubmetz.fr\/index.php?rest_route=\/wp\/v2\/users\/1"}],"replies":[{"embeddable":true,"href":"https:\/\/karateclubmetz.fr\/index.php?rest_route=%2Fwp%2Fv2%2Fcomments&post=49"}],"version-history":[{"count":4,"href":"https:\/\/karateclubmetz.fr\/index.php?rest_route=\/wp\/v2\/pages\/49\/revisions"}],"predecessor-version":[{"id":244,"href":"https:\/\/karateclubmetz.fr\/index.php?rest_route=\/wp\/v2\/pages\/49\/revisions\/244"}],"wp:attachment":[{"href":"https:\/\/karateclubmetz.fr\/index.php?rest_route=%2Fwp%2Fv2%2Fmedia&parent=49"}],"curies":[{"name":"wp","href":"https:\/\/api.w.org\/{rel}","templated":true}]}}