{"id":51,"date":"2019-08-31T12:50:53","date_gmt":"2019-08-31T10:50:53","guid":{"rendered":"http:\/\/isabelle.geoderis.fr\/?page_id=51"},"modified":"2025-11-27T15:54:13","modified_gmt":"2025-11-27T14:54:13","slug":"documents","status":"publish","type":"page","link":"https:\/\/karateclubmetz.fr\/?page_id=51","title":{"rendered":"Documents \u00e0 t\u00e9l\u00e9charger"},"content":{"rendered":"\t\t<div data-elementor-type=\"wp-page\" data-elementor-id=\"51\" class=\"elementor elementor-51\">\n\t\t\t\t\t\t<section class=\"elementor-section elementor-top-section elementor-element elementor-element-54a29dd9 elementor-section-boxed elementor-section-height-default elementor-section-height-default\" data-id=\"54a29dd9\" data-element_type=\"section\">\n\t\t\t\t\t\t<div class=\"elementor-container elementor-column-gap-default\">\n\t\t\t\t\t<div class=\"elementor-column elementor-col-100 elementor-top-column elementor-element elementor-element-112fabb\" data-id=\"112fabb\" data-element_type=\"column\">\n\t\t\t<div class=\"elementor-widget-wrap elementor-element-populated\">\n\t\t\t\t\t\t<div class=\"elementor-element elementor-element-7e5f774 elementor-widget elementor-widget-text-editor\" data-id=\"7e5f774\" data-element_type=\"widget\" data-widget_type=\"text-editor.default\">\n\t\t\t\t<div class=\"elementor-widget-container\">\n\t\t\t\t\t\t\t<h4><span style=\"color: #0000ff;\">Dossier d\u2019inscription<\/span><\/h4><h5>Pour t\u00e9l\u00e9charger le <span style=\"color: #993366;\"><strong>bulletin d&rsquo;adh\u00e9sion enfants<\/strong><\/span>, <a href=\"https:\/\/karateclubmetz.fr\/wp-content\/uploads\/2025\/08\/dossierinscription_enfant-2025-2026.pdf\" target=\"_blank\" rel=\"noopener noreferrer\">cliquez ici<\/a><\/h5><h5>Pour t\u00e9l\u00e9charger le <strong>bulletin d&rsquo;adh\u00e9sion ado \/ adultes<\/strong>, <a href=\"https:\/\/karateclubmetz.fr\/wp-content\/uploads\/2025\/08\/dossierinscription-adulte-2025-2026.pdf\" target=\"_blank\" rel=\"noopener noreferrer\">cliquez ici<\/a><\/h5><h4>\u00a0<\/h4><h4>\u00a0<\/h4><h4><span style=\"color: #0000ff;\">Achats d&rsquo;\u00e9quipement<\/span><\/h4><h5>Pour t\u00e9l\u00e9charger le bon de commande des <strong><span style=\"color: #993300;\">kimono combats \/ entrainement<\/span><\/strong>s, <a href=\"https:\/\/karateclubmetz.fr\/wp-content\/uploads\/2025\/08\/BondecommandeKCM2025.pdf\" target=\"_blank\" rel=\"noopener noreferrer\">cliquez ici<\/a><\/h5><h5>Pour t\u00e9l\u00e9charger le bon de commande des <span style=\"color: #993300;\"><strong>protections pieds-poing, pantalon de body karat\u00e9, ceintures, passeport<\/strong><\/span>&#8230;, <a href=\"https:\/\/karateclubmetz.fr\/wp-content\/uploads\/2025\/11\/Bondecommande-KCM-equipement_2025.pdf\" target=\"_blank\" rel=\"noopener noreferrer\">cliquez ici<\/a><\/h5>\t\t\t\t\t\t<\/div>\n\t\t\t\t<\/div>\n\t\t\t\t\t<\/div>\n\t\t<\/div>\n\t\t\t\t\t<\/div>\n\t\t<\/section>\n\t\t\t\t<\/div>\n\t\t","protected":false},"excerpt":{"rendered":"<p>Dossier d\u2019inscription Pour t\u00e9l\u00e9charger le bulletin d&rsquo;adh\u00e9sion enfants, cliquez ici Pour t\u00e9l\u00e9charger le bulletin d&rsquo;adh\u00e9sion ado \/ adultes, cliquez ici \u00a0 \u00a0 [&hellip;]<\/p>\n","protected":false},"author":1,"featured_media":0,"parent":0,"menu_order":0,"comment_status":"closed","ping_status":"closed","template":"","meta":{"footnotes":""},"class_list":["post-51","page","type-page","status-publish","hentry"],"yoast_head":"<!-- This site is optimized with the Yoast SEO plugin v23.3 - https:\/\/yoast.com\/wordpress\/plugins\/seo\/ -->\n<title>Documents \u00e0 t\u00e9l\u00e9charger - Karat\u00e9 Club de Metz<\/title>\n<meta name=\"robots\" content=\"index, follow, max-snippet:-1, max-image-preview:large, max-video-preview:-1\" \/>\n<link rel=\"canonical\" href=\"https:\/\/karateclubmetz.fr\/?page_id=51\" \/>\n<meta property=\"og:locale\" content=\"fr_FR\" \/>\n<meta property=\"og:type\" content=\"article\" \/>\n<meta property=\"og:title\" content=\"Documents \u00e0 t\u00e9l\u00e9charger - Karat\u00e9 Club de Metz\" \/>\n<meta property=\"og:description\" content=\"Dossier d\u2019inscription Pour t\u00e9l\u00e9charger le bulletin d&rsquo;adh\u00e9sion enfants, cliquez ici Pour t\u00e9l\u00e9charger le bulletin d&rsquo;adh\u00e9sion ado \/ adultes, cliquez ici \u00a0 \u00a0 [&hellip;]\" \/>\n<meta property=\"og:url\" content=\"https:\/\/karateclubmetz.fr\/?page_id=51\" \/>\n<meta property=\"og:site_name\" content=\"Karat\u00e9 Club de Metz\" \/>\n<meta property=\"article:publisher\" content=\"http:\/\/www.facebook.com\/group.php?gid=107459822611766\" \/>\n<meta property=\"article:modified_time\" content=\"2025-11-27T14:54:13+00:00\" \/>\n<meta name=\"twitter:card\" content=\"summary_large_image\" \/>\n<meta name=\"twitter:label1\" content=\"Dur\u00e9e de lecture estim\u00e9e\" \/>\n\t<meta name=\"twitter:data1\" content=\"1 minute\" \/>\n<script type=\"application\/ld+json\" class=\"yoast-schema-graph\">{\"@context\":\"https:\/\/schema.org\",\"@graph\":[{\"@type\":\"WebPage\",\"@id\":\"https:\/\/karateclubmetz.fr\/?page_id=51\",\"url\":\"https:\/\/karateclubmetz.fr\/?page_id=51\",\"name\":\"Documents \u00e0 t\u00e9l\u00e9charger - Karat\u00e9 Club de Metz\",\"isPartOf\":{\"@id\":\"https:\/\/karateclubmetz.fr\/#website\"},\"datePublished\":\"2019-08-31T10:50:53+00:00\",\"dateModified\":\"2025-11-27T14:54:13+00:00\",\"breadcrumb\":{\"@id\":\"https:\/\/karateclubmetz.fr\/?page_id=51#breadcrumb\"},\"inLanguage\":\"fr-FR\",\"potentialAction\":[{\"@type\":\"ReadAction\",\"target\":[\"https:\/\/karateclubmetz.fr\/?page_id=51\"]}]},{\"@type\":\"BreadcrumbList\",\"@id\":\"https:\/\/karateclubmetz.fr\/?page_id=51#breadcrumb\",\"itemListElement\":[{\"@type\":\"ListItem\",\"position\":1,\"name\":\"Accueil\",\"item\":\"https:\/\/karateclubmetz.fr\/\"},{\"@type\":\"ListItem\",\"position\":2,\"name\":\"Documents \u00e0 t\u00e9l\u00e9charger\"}]},{\"@type\":\"WebSite\",\"@id\":\"https:\/\/karateclubmetz.fr\/#website\",\"url\":\"https:\/\/karateclubmetz.fr\/\",\"name\":\"Karat\u00e9 Club de Metz\",\"description\":\"Le Karat\u00e9 est dans tout ce que vous faites, L\u00e0 est la beaut\u00e9 du travail\",\"publisher\":{\"@id\":\"https:\/\/karateclubmetz.fr\/#organization\"},\"potentialAction\":[{\"@type\":\"SearchAction\",\"target\":{\"@type\":\"EntryPoint\",\"urlTemplate\":\"https:\/\/karateclubmetz.fr\/?s={search_term_string}\"},\"query-input\":\"required name=search_term_string\"}],\"inLanguage\":\"fr-FR\"},{\"@type\":\"Organization\",\"@id\":\"https:\/\/karateclubmetz.fr\/#organization\",\"name\":\"Karat\u00e9 Club de Metz\",\"url\":\"https:\/\/karateclubmetz.fr\/\",\"logo\":{\"@type\":\"ImageObject\",\"inLanguage\":\"fr-FR\",\"@id\":\"https:\/\/karateclubmetz.fr\/#\/schema\/logo\/image\/\",\"url\":\"https:\/\/karateclubmetz.fr\/wp-content\/uploads\/2019\/09\/logo_kcm.jpg\",\"contentUrl\":\"https:\/\/karateclubmetz.fr\/wp-content\/uploads\/2019\/09\/logo_kcm.jpg\",\"width\":157,\"height\":157,\"caption\":\"Karat\u00e9 Club de Metz\"},\"image\":{\"@id\":\"https:\/\/karateclubmetz.fr\/#\/schema\/logo\/image\/\"},\"sameAs\":[\"http:\/\/www.facebook.com\/group.php?gid=107459822611766\",\"https:\/\/instagram.com\/karate_club_de_metz?igshid=181ca0zciwjvq\",\"https:\/\/www.youtube.com\/watch?v=nm26u2MIRwY\"]}]}<\/script>\n<!-- \/ Yoast SEO plugin. -->","yoast_head_json":{"title":"Documents \u00e0 t\u00e9l\u00e9charger - Karat\u00e9 Club de Metz","robots":{"index":"index","follow":"follow","max-snippet":"max-snippet:-1","max-image-preview":"max-image-preview:large","max-video-preview":"max-video-preview:-1"},"canonical":"https:\/\/karateclubmetz.fr\/?page_id=51","og_locale":"fr_FR","og_type":"article","og_title":"Documents \u00e0 t\u00e9l\u00e9charger - Karat\u00e9 Club de Metz","og_description":"Dossier d\u2019inscription Pour t\u00e9l\u00e9charger le bulletin d&rsquo;adh\u00e9sion enfants, cliquez ici Pour t\u00e9l\u00e9charger le bulletin d&rsquo;adh\u00e9sion ado \/ adultes, cliquez ici \u00a0 \u00a0 [&hellip;]","og_url":"https:\/\/karateclubmetz.fr\/?page_id=51","og_site_name":"Karat\u00e9 Club de Metz","article_publisher":"http:\/\/www.facebook.com\/group.php?gid=107459822611766","article_modified_time":"2025-11-27T14:54:13+00:00","twitter_card":"summary_large_image","twitter_misc":{"Dur\u00e9e de lecture estim\u00e9e":"1 minute"},"schema":{"@context":"https:\/\/schema.org","@graph":[{"@type":"WebPage","@id":"https:\/\/karateclubmetz.fr\/?page_id=51","url":"https:\/\/karateclubmetz.fr\/?page_id=51","name":"Documents \u00e0 t\u00e9l\u00e9charger - Karat\u00e9 Club de Metz","isPartOf":{"@id":"https:\/\/karateclubmetz.fr\/#website"},"datePublished":"2019-08-31T10:50:53+00:00","dateModified":"2025-11-27T14:54:13+00:00","breadcrumb":{"@id":"https:\/\/karateclubmetz.fr\/?page_id=51#breadcrumb"},"inLanguage":"fr-FR","potentialAction":[{"@type":"ReadAction","target":["https:\/\/karateclubmetz.fr\/?page_id=51"]}]},{"@type":"BreadcrumbList","@id":"https:\/\/karateclubmetz.fr\/?page_id=51#breadcrumb","itemListElement":[{"@type":"ListItem","position":1,"name":"Accueil","item":"https:\/\/karateclubmetz.fr\/"},{"@type":"ListItem","position":2,"name":"Documents \u00e0 t\u00e9l\u00e9charger"}]},{"@type":"WebSite","@id":"https:\/\/karateclubmetz.fr\/#website","url":"https:\/\/karateclubmetz.fr\/","name":"Karat\u00e9 Club de Metz","description":"Le Karat\u00e9 est dans tout ce que vous faites, L\u00e0 est la beaut\u00e9 du travail","publisher":{"@id":"https:\/\/karateclubmetz.fr\/#organization"},"potentialAction":[{"@type":"SearchAction","target":{"@type":"EntryPoint","urlTemplate":"https:\/\/karateclubmetz.fr\/?s={search_term_string}"},"query-input":"required name=search_term_string"}],"inLanguage":"fr-FR"},{"@type":"Organization","@id":"https:\/\/karateclubmetz.fr\/#organization","name":"Karat\u00e9 Club de Metz","url":"https:\/\/karateclubmetz.fr\/","logo":{"@type":"ImageObject","inLanguage":"fr-FR","@id":"https:\/\/karateclubmetz.fr\/#\/schema\/logo\/image\/","url":"https:\/\/karateclubmetz.fr\/wp-content\/uploads\/2019\/09\/logo_kcm.jpg","contentUrl":"https:\/\/karateclubmetz.fr\/wp-content\/uploads\/2019\/09\/logo_kcm.jpg","width":157,"height":157,"caption":"Karat\u00e9 Club de Metz"},"image":{"@id":"https:\/\/karateclubmetz.fr\/#\/schema\/logo\/image\/"},"sameAs":["http:\/\/www.facebook.com\/group.php?gid=107459822611766","https:\/\/instagram.com\/karate_club_de_metz?igshid=181ca0zciwjvq","https:\/\/www.youtube.com\/watch?v=nm26u2MIRwY"]}]}},"_links":{"self":[{"href":"https:\/\/karateclubmetz.fr\/index.php?rest_route=\/wp\/v2\/pages\/51"}],"collection":[{"href":"https:\/\/karateclubmetz.fr\/index.php?rest_route=\/wp\/v2\/pages"}],"about":[{"href":"https:\/\/karateclubmetz.fr\/index.php?rest_route=\/wp\/v2\/types\/page"}],"author":[{"embeddable":true,"href":"https:\/\/karateclubmetz.fr\/index.php?rest_route=\/wp\/v2\/users\/1"}],"replies":[{"embeddable":true,"href":"https:\/\/karateclubmetz.fr\/index.php?rest_route=%2Fwp%2Fv2%2Fcomments&post=51"}],"version-history":[{"count":44,"href":"https:\/\/karateclubmetz.fr\/index.php?rest_route=\/wp\/v2\/pages\/51\/revisions"}],"predecessor-version":[{"id":1599,"href":"https:\/\/karateclubmetz.fr\/index.php?rest_route=\/wp\/v2\/pages\/51\/revisions\/1599"}],"wp:attachment":[{"href":"https:\/\/karateclubmetz.fr\/index.php?rest_route=%2Fwp%2Fv2%2Fmedia&parent=51"}],"curies":[{"name":"wp","href":"https:\/\/api.w.org\/{rel}","templated":true}]}}