{"id":57,"date":"2019-08-31T15:50:10","date_gmt":"2019-08-31T13:50:10","guid":{"rendered":"http:\/\/isabelle.geoderis.fr\/?page_id=57"},"modified":"2025-09-08T11:44:44","modified_gmt":"2025-09-08T09:44:44","slug":"infos-pratiques","status":"publish","type":"page","link":"https:\/\/karateclubmetz.fr\/?page_id=57","title":{"rendered":"Horaires"},"content":{"rendered":"\t\t<div data-elementor-type=\"wp-page\" data-elementor-id=\"57\" class=\"elementor elementor-57\">\n\t\t\t\t\t\t<section class=\"elementor-section elementor-top-section elementor-element elementor-element-6709a545 elementor-section-boxed elementor-section-height-default elementor-section-height-default\" data-id=\"6709a545\" data-element_type=\"section\">\n\t\t\t\t\t\t<div class=\"elementor-container elementor-column-gap-default\">\n\t\t\t\t\t<div class=\"elementor-column elementor-col-100 elementor-top-column elementor-element elementor-element-58d405e4\" data-id=\"58d405e4\" data-element_type=\"column\">\n\t\t\t<div class=\"elementor-widget-wrap elementor-element-populated\">\n\t\t\t\t\t\t<div class=\"elementor-element elementor-element-3a82b4bd elementor-widget elementor-widget-text-editor\" data-id=\"3a82b4bd\" data-element_type=\"widget\" data-widget_type=\"text-editor.default\">\n\t\t\t\t<div class=\"elementor-widget-container\">\n\t\t\t\t\t\t\t<p><!-- wp:heading {\"level\":4} --><\/p>\n<h4>Karat\u00e9 Enfants<\/h4>\n<p><!-- \/wp:heading --><!-- wp:paragraph --><\/p>\n<p>Les cours de Karat\u00e9 Enfants ont lieu sur les sites de Magny, Borny et des Ar\u00e8nes.<\/p>\n<p><img fetchpriority=\"high\" decoding=\"async\" class=\"alignnone size-full wp-image-1548\" src=\"https:\/\/karateclubmetz.fr\/wp-content\/uploads\/2025\/08\/horaires_enfants_2025.png\" alt=\"\" width=\"2585\" height=\"1207\" srcset=\"https:\/\/karateclubmetz.fr\/wp-content\/uploads\/2025\/08\/horaires_enfants_2025.png 2585w, https:\/\/karateclubmetz.fr\/wp-content\/uploads\/2025\/08\/horaires_enfants_2025-300x140.png 300w, https:\/\/karateclubmetz.fr\/wp-content\/uploads\/2025\/08\/horaires_enfants_2025-1024x478.png 1024w, https:\/\/karateclubmetz.fr\/wp-content\/uploads\/2025\/08\/horaires_enfants_2025-768x359.png 768w, https:\/\/karateclubmetz.fr\/wp-content\/uploads\/2025\/08\/horaires_enfants_2025-1536x717.png 1536w, https:\/\/karateclubmetz.fr\/wp-content\/uploads\/2025\/08\/horaires_enfants_2025-2048x956.png 2048w, https:\/\/karateclubmetz.fr\/wp-content\/uploads\/2025\/08\/horaires_enfants_2025-1000x467.png 1000w, https:\/\/karateclubmetz.fr\/wp-content\/uploads\/2025\/08\/horaires_enfants_2025-230x107.png 230w, https:\/\/karateclubmetz.fr\/wp-content\/uploads\/2025\/08\/horaires_enfants_2025-350x163.png 350w, https:\/\/karateclubmetz.fr\/wp-content\/uploads\/2025\/08\/horaires_enfants_2025-480x224.png 480w\" sizes=\"(max-width: 2585px) 100vw, 2585px\" \/><\/p>\n<p><!-- \/wp:paragraph --><!-- wp:image {\"align\":\"center\",\"id\":641,\"sizeSlug\":\"large\"} --><\/p>\n<p><!-- \/wp:image --><!-- wp:heading {\"level\":4} --><\/p>\n<p><!-- \/wp:heading --><!-- wp:paragraph --><\/p>\n<h4>Baby karat\u00e9<\/h4>\n<p>Les cours de Baby Karat\u00e9 ont lieu sur les sites de Borny et des Ar\u00e8nes.<\/p>\n<p><!-- \/wp:paragraph --><!-- wp:image {\"id\":627,\"sizeSlug\":\"large\"} --><\/p>\n<figure class=\"wp-block-image size-large\"><img decoding=\"async\" width=\"690\" height=\"198\" class=\"wp-image-627\" src=\"https:\/\/karateclubmetz.fr\/wp-content\/uploads\/2020\/08\/horaires_baby.jpg\" alt=\"\" srcset=\"https:\/\/karateclubmetz.fr\/wp-content\/uploads\/2020\/08\/horaires_baby.jpg 690w, https:\/\/karateclubmetz.fr\/wp-content\/uploads\/2020\/08\/horaires_baby-300x86.jpg 300w, https:\/\/karateclubmetz.fr\/wp-content\/uploads\/2020\/08\/horaires_baby-230x66.jpg 230w, https:\/\/karateclubmetz.fr\/wp-content\/uploads\/2020\/08\/horaires_baby-350x100.jpg 350w, https:\/\/karateclubmetz.fr\/wp-content\/uploads\/2020\/08\/horaires_baby-480x138.jpg 480w\" sizes=\"(max-width: 690px) 100vw, 690px\" \/><\/figure>\n<p><!-- \/wp:image --><!-- wp:heading {\"level\":4} --><\/p>\n<h4><strong>Karat\u00e9 Adultes<\/strong><\/h4>\n<p><!-- \/wp:heading --><!-- wp:paragraph --><\/p>\n<p>Les cours de Karat\u00e9 Adultes ont lieu sur le site de Borny.<\/p>\n<p><img decoding=\"async\" class=\"alignnone size-full wp-image-1577\" src=\"https:\/\/karateclubmetz.fr\/wp-content\/uploads\/2025\/09\/horaires_adultes_2025.png\" alt=\"\" width=\"2845\" height=\"2113\" srcset=\"https:\/\/karateclubmetz.fr\/wp-content\/uploads\/2025\/09\/horaires_adultes_2025.png 2845w, https:\/\/karateclubmetz.fr\/wp-content\/uploads\/2025\/09\/horaires_adultes_2025-300x223.png 300w, https:\/\/karateclubmetz.fr\/wp-content\/uploads\/2025\/09\/horaires_adultes_2025-1024x761.png 1024w, https:\/\/karateclubmetz.fr\/wp-content\/uploads\/2025\/09\/horaires_adultes_2025-768x570.png 768w, https:\/\/karateclubmetz.fr\/wp-content\/uploads\/2025\/09\/horaires_adultes_2025-1536x1141.png 1536w, https:\/\/karateclubmetz.fr\/wp-content\/uploads\/2025\/09\/horaires_adultes_2025-2048x1521.png 2048w, https:\/\/karateclubmetz.fr\/wp-content\/uploads\/2025\/09\/horaires_adultes_2025-1000x743.png 1000w, https:\/\/karateclubmetz.fr\/wp-content\/uploads\/2025\/09\/horaires_adultes_2025-230x171.png 230w, https:\/\/karateclubmetz.fr\/wp-content\/uploads\/2025\/09\/horaires_adultes_2025-350x260.png 350w, https:\/\/karateclubmetz.fr\/wp-content\/uploads\/2025\/09\/horaires_adultes_2025-480x356.png 480w\" sizes=\"(max-width: 2845px) 100vw, 2845px\" \/><\/p>\n<p>\u00a0<\/p>\n<p><!-- \/wp:paragraph --><!-- wp:image {\"align\":\"center\",\"id\":643,\"sizeSlug\":\"large\"} --><\/p>\n<p><!-- \/wp:image --><!-- wp:heading {\"level\":4} --><\/p>\n<p><!-- \/wp:image --><!-- wp:heading {\"level\":4} --><\/p>\n<h4>Body Karat\u00e9<\/h4>\n<p><!-- \/wp:heading --><!-- wp:paragraph --><\/p>\n<p>Les cours de Body Karat\u00e9 ont lieu sur le site des Ar\u00e8nes.<\/p>\n<p><img loading=\"lazy\" decoding=\"async\" class=\"alignnone size-full wp-image-1552\" src=\"https:\/\/karateclubmetz.fr\/wp-content\/uploads\/2025\/08\/horaires_body_2025.png\" alt=\"\" width=\"1987\" height=\"914\" srcset=\"https:\/\/karateclubmetz.fr\/wp-content\/uploads\/2025\/08\/horaires_body_2025.png 1987w, https:\/\/karateclubmetz.fr\/wp-content\/uploads\/2025\/08\/horaires_body_2025-300x138.png 300w, https:\/\/karateclubmetz.fr\/wp-content\/uploads\/2025\/08\/horaires_body_2025-1024x471.png 1024w, https:\/\/karateclubmetz.fr\/wp-content\/uploads\/2025\/08\/horaires_body_2025-768x353.png 768w, https:\/\/karateclubmetz.fr\/wp-content\/uploads\/2025\/08\/horaires_body_2025-1536x707.png 1536w, https:\/\/karateclubmetz.fr\/wp-content\/uploads\/2025\/08\/horaires_body_2025-1000x460.png 1000w, https:\/\/karateclubmetz.fr\/wp-content\/uploads\/2025\/08\/horaires_body_2025-230x106.png 230w, https:\/\/karateclubmetz.fr\/wp-content\/uploads\/2025\/08\/horaires_body_2025-350x161.png 350w, https:\/\/karateclubmetz.fr\/wp-content\/uploads\/2025\/08\/horaires_body_2025-480x221.png 480w\" sizes=\"(max-width: 1987px) 100vw, 1987px\" \/><\/p>\n<p><!-- \/wp:paragraph --><!-- wp:image {\"align\":\"center\",\"id\":630,\"width\":396,\"height\":187,\"sizeSlug\":\"large\"} --><\/p>\n<div class=\"wp-block-image\">\u00a0<\/div>\n<p><!-- \/wp:image --><\/p>\t\t\t\t\t\t<\/div>\n\t\t\t\t<\/div>\n\t\t\t\t<div class=\"elementor-element elementor-element-bd3bdd2 elementor-widget elementor-widget-heading\" data-id=\"bd3bdd2\" data-element_type=\"widget\" data-widget_type=\"heading.default\">\n\t\t\t\t<div class=\"elementor-widget-container\">\n\t\t\t<h2 class=\"elementor-heading-title elementor-size-default\">Ajoutez votre titre ici<\/h2>\t\t<\/div>\n\t\t\t\t<\/div>\n\t\t\t\t\t<\/div>\n\t\t<\/div>\n\t\t\t\t\t<\/div>\n\t\t<\/section>\n\t\t\t\t<\/div>\n\t\t","protected":false},"excerpt":{"rendered":"<p>Karat\u00e9 Enfants Les cours de Karat\u00e9 Enfants ont lieu sur les sites de Magny, Borny et des Ar\u00e8nes. Baby karat\u00e9 Les cours [&hellip;]<\/p>\n","protected":false},"author":1,"featured_media":0,"parent":0,"menu_order":0,"comment_status":"closed","ping_status":"closed","template":"","meta":{"footnotes":""},"class_list":["post-57","page","type-page","status-publish","hentry"],"yoast_head":"<!-- This site is optimized with the Yoast SEO plugin v23.3 - https:\/\/yoast.com\/wordpress\/plugins\/seo\/ -->\n<title>Horaires - Karat\u00e9 Club de Metz<\/title>\n<meta name=\"robots\" content=\"index, follow, max-snippet:-1, max-image-preview:large, max-video-preview:-1\" \/>\n<link rel=\"canonical\" href=\"https:\/\/karateclubmetz.fr\/?page_id=57\" \/>\n<meta property=\"og:locale\" content=\"fr_FR\" \/>\n<meta property=\"og:type\" content=\"article\" \/>\n<meta property=\"og:title\" content=\"Horaires - Karat\u00e9 Club de Metz\" \/>\n<meta property=\"og:description\" content=\"Karat\u00e9 Enfants Les cours de Karat\u00e9 Enfants ont lieu sur les sites de Magny, Borny et des Ar\u00e8nes. Baby karat\u00e9 Les cours [&hellip;]\" \/>\n<meta property=\"og:url\" content=\"https:\/\/karateclubmetz.fr\/?page_id=57\" \/>\n<meta property=\"og:site_name\" content=\"Karat\u00e9 Club de Metz\" \/>\n<meta property=\"article:publisher\" content=\"http:\/\/www.facebook.com\/group.php?gid=107459822611766\" \/>\n<meta property=\"article:modified_time\" content=\"2025-09-08T09:44:44+00:00\" \/>\n<meta property=\"og:image\" content=\"https:\/\/karateclubmetz.fr\/wp-content\/uploads\/2025\/08\/horaires_enfants_2025.png\" \/>\n<meta name=\"twitter:card\" content=\"summary_large_image\" \/>\n<meta name=\"twitter:label1\" content=\"Dur\u00e9e de lecture estim\u00e9e\" \/>\n\t<meta name=\"twitter:data1\" content=\"2 minutes\" \/>\n<script type=\"application\/ld+json\" class=\"yoast-schema-graph\">{\"@context\":\"https:\/\/schema.org\",\"@graph\":[{\"@type\":\"WebPage\",\"@id\":\"https:\/\/karateclubmetz.fr\/?page_id=57\",\"url\":\"https:\/\/karateclubmetz.fr\/?page_id=57\",\"name\":\"Horaires - Karat\u00e9 Club de Metz\",\"isPartOf\":{\"@id\":\"https:\/\/karateclubmetz.fr\/#website\"},\"primaryImageOfPage\":{\"@id\":\"https:\/\/karateclubmetz.fr\/?page_id=57#primaryimage\"},\"image\":{\"@id\":\"https:\/\/karateclubmetz.fr\/?page_id=57#primaryimage\"},\"thumbnailUrl\":\"https:\/\/karateclubmetz.fr\/wp-content\/uploads\/2025\/08\/horaires_enfants_2025.png\",\"datePublished\":\"2019-08-31T13:50:10+00:00\",\"dateModified\":\"2025-09-08T09:44:44+00:00\",\"breadcrumb\":{\"@id\":\"https:\/\/karateclubmetz.fr\/?page_id=57#breadcrumb\"},\"inLanguage\":\"fr-FR\",\"potentialAction\":[{\"@type\":\"ReadAction\",\"target\":[\"https:\/\/karateclubmetz.fr\/?page_id=57\"]}]},{\"@type\":\"ImageObject\",\"inLanguage\":\"fr-FR\",\"@id\":\"https:\/\/karateclubmetz.fr\/?page_id=57#primaryimage\",\"url\":\"https:\/\/karateclubmetz.fr\/wp-content\/uploads\/2025\/08\/horaires_enfants_2025.png\",\"contentUrl\":\"https:\/\/karateclubmetz.fr\/wp-content\/uploads\/2025\/08\/horaires_enfants_2025.png\",\"width\":2585,\"height\":1207},{\"@type\":\"BreadcrumbList\",\"@id\":\"https:\/\/karateclubmetz.fr\/?page_id=57#breadcrumb\",\"itemListElement\":[{\"@type\":\"ListItem\",\"position\":1,\"name\":\"Accueil\",\"item\":\"https:\/\/karateclubmetz.fr\/\"},{\"@type\":\"ListItem\",\"position\":2,\"name\":\"Horaires\"}]},{\"@type\":\"WebSite\",\"@id\":\"https:\/\/karateclubmetz.fr\/#website\",\"url\":\"https:\/\/karateclubmetz.fr\/\",\"name\":\"Karat\u00e9 Club de Metz\",\"description\":\"Le Karat\u00e9 est dans tout ce que vous faites, L\u00e0 est la beaut\u00e9 du travail\",\"publisher\":{\"@id\":\"https:\/\/karateclubmetz.fr\/#organization\"},\"potentialAction\":[{\"@type\":\"SearchAction\",\"target\":{\"@type\":\"EntryPoint\",\"urlTemplate\":\"https:\/\/karateclubmetz.fr\/?s={search_term_string}\"},\"query-input\":\"required name=search_term_string\"}],\"inLanguage\":\"fr-FR\"},{\"@type\":\"Organization\",\"@id\":\"https:\/\/karateclubmetz.fr\/#organization\",\"name\":\"Karat\u00e9 Club de Metz\",\"url\":\"https:\/\/karateclubmetz.fr\/\",\"logo\":{\"@type\":\"ImageObject\",\"inLanguage\":\"fr-FR\",\"@id\":\"https:\/\/karateclubmetz.fr\/#\/schema\/logo\/image\/\",\"url\":\"https:\/\/karateclubmetz.fr\/wp-content\/uploads\/2019\/09\/logo_kcm.jpg\",\"contentUrl\":\"https:\/\/karateclubmetz.fr\/wp-content\/uploads\/2019\/09\/logo_kcm.jpg\",\"width\":157,\"height\":157,\"caption\":\"Karat\u00e9 Club de Metz\"},\"image\":{\"@id\":\"https:\/\/karateclubmetz.fr\/#\/schema\/logo\/image\/\"},\"sameAs\":[\"http:\/\/www.facebook.com\/group.php?gid=107459822611766\",\"https:\/\/instagram.com\/karate_club_de_metz?igshid=181ca0zciwjvq\",\"https:\/\/www.youtube.com\/watch?v=nm26u2MIRwY\"]}]}<\/script>\n<!-- \/ Yoast SEO plugin. -->","yoast_head_json":{"title":"Horaires - Karat\u00e9 Club de Metz","robots":{"index":"index","follow":"follow","max-snippet":"max-snippet:-1","max-image-preview":"max-image-preview:large","max-video-preview":"max-video-preview:-1"},"canonical":"https:\/\/karateclubmetz.fr\/?page_id=57","og_locale":"fr_FR","og_type":"article","og_title":"Horaires - Karat\u00e9 Club de Metz","og_description":"Karat\u00e9 Enfants Les cours de Karat\u00e9 Enfants ont lieu sur les sites de Magny, Borny et des Ar\u00e8nes. Baby karat\u00e9 Les cours [&hellip;]","og_url":"https:\/\/karateclubmetz.fr\/?page_id=57","og_site_name":"Karat\u00e9 Club de Metz","article_publisher":"http:\/\/www.facebook.com\/group.php?gid=107459822611766","article_modified_time":"2025-09-08T09:44:44+00:00","og_image":[{"url":"https:\/\/karateclubmetz.fr\/wp-content\/uploads\/2025\/08\/horaires_enfants_2025.png"}],"twitter_card":"summary_large_image","twitter_misc":{"Dur\u00e9e de lecture estim\u00e9e":"2 minutes"},"schema":{"@context":"https:\/\/schema.org","@graph":[{"@type":"WebPage","@id":"https:\/\/karateclubmetz.fr\/?page_id=57","url":"https:\/\/karateclubmetz.fr\/?page_id=57","name":"Horaires - Karat\u00e9 Club de Metz","isPartOf":{"@id":"https:\/\/karateclubmetz.fr\/#website"},"primaryImageOfPage":{"@id":"https:\/\/karateclubmetz.fr\/?page_id=57#primaryimage"},"image":{"@id":"https:\/\/karateclubmetz.fr\/?page_id=57#primaryimage"},"thumbnailUrl":"https:\/\/karateclubmetz.fr\/wp-content\/uploads\/2025\/08\/horaires_enfants_2025.png","datePublished":"2019-08-31T13:50:10+00:00","dateModified":"2025-09-08T09:44:44+00:00","breadcrumb":{"@id":"https:\/\/karateclubmetz.fr\/?page_id=57#breadcrumb"},"inLanguage":"fr-FR","potentialAction":[{"@type":"ReadAction","target":["https:\/\/karateclubmetz.fr\/?page_id=57"]}]},{"@type":"ImageObject","inLanguage":"fr-FR","@id":"https:\/\/karateclubmetz.fr\/?page_id=57#primaryimage","url":"https:\/\/karateclubmetz.fr\/wp-content\/uploads\/2025\/08\/horaires_enfants_2025.png","contentUrl":"https:\/\/karateclubmetz.fr\/wp-content\/uploads\/2025\/08\/horaires_enfants_2025.png","width":2585,"height":1207},{"@type":"BreadcrumbList","@id":"https:\/\/karateclubmetz.fr\/?page_id=57#breadcrumb","itemListElement":[{"@type":"ListItem","position":1,"name":"Accueil","item":"https:\/\/karateclubmetz.fr\/"},{"@type":"ListItem","position":2,"name":"Horaires"}]},{"@type":"WebSite","@id":"https:\/\/karateclubmetz.fr\/#website","url":"https:\/\/karateclubmetz.fr\/","name":"Karat\u00e9 Club de Metz","description":"Le Karat\u00e9 est dans tout ce que vous faites, L\u00e0 est la beaut\u00e9 du travail","publisher":{"@id":"https:\/\/karateclubmetz.fr\/#organization"},"potentialAction":[{"@type":"SearchAction","target":{"@type":"EntryPoint","urlTemplate":"https:\/\/karateclubmetz.fr\/?s={search_term_string}"},"query-input":"required name=search_term_string"}],"inLanguage":"fr-FR"},{"@type":"Organization","@id":"https:\/\/karateclubmetz.fr\/#organization","name":"Karat\u00e9 Club de Metz","url":"https:\/\/karateclubmetz.fr\/","logo":{"@type":"ImageObject","inLanguage":"fr-FR","@id":"https:\/\/karateclubmetz.fr\/#\/schema\/logo\/image\/","url":"https:\/\/karateclubmetz.fr\/wp-content\/uploads\/2019\/09\/logo_kcm.jpg","contentUrl":"https:\/\/karateclubmetz.fr\/wp-content\/uploads\/2019\/09\/logo_kcm.jpg","width":157,"height":157,"caption":"Karat\u00e9 Club de Metz"},"image":{"@id":"https:\/\/karateclubmetz.fr\/#\/schema\/logo\/image\/"},"sameAs":["http:\/\/www.facebook.com\/group.php?gid=107459822611766","https:\/\/instagram.com\/karate_club_de_metz?igshid=181ca0zciwjvq","https:\/\/www.youtube.com\/watch?v=nm26u2MIRwY"]}]}},"_links":{"self":[{"href":"https:\/\/karateclubmetz.fr\/index.php?rest_route=\/wp\/v2\/pages\/57"}],"collection":[{"href":"https:\/\/karateclubmetz.fr\/index.php?rest_route=\/wp\/v2\/pages"}],"about":[{"href":"https:\/\/karateclubmetz.fr\/index.php?rest_route=\/wp\/v2\/types\/page"}],"author":[{"embeddable":true,"href":"https:\/\/karateclubmetz.fr\/index.php?rest_route=\/wp\/v2\/users\/1"}],"replies":[{"embeddable":true,"href":"https:\/\/karateclubmetz.fr\/index.php?rest_route=%2Fwp%2Fv2%2Fcomments&post=57"}],"version-history":[{"count":39,"href":"https:\/\/karateclubmetz.fr\/index.php?rest_route=\/wp\/v2\/pages\/57\/revisions"}],"predecessor-version":[{"id":1580,"href":"https:\/\/karateclubmetz.fr\/index.php?rest_route=\/wp\/v2\/pages\/57\/revisions\/1580"}],"wp:attachment":[{"href":"https:\/\/karateclubmetz.fr\/index.php?rest_route=%2Fwp%2Fv2%2Fmedia&parent=57"}],"curies":[{"name":"wp","href":"https:\/\/api.w.org\/{rel}","templated":true}]}}