{"id":9,"date":"2019-08-30T09:42:49","date_gmt":"2019-08-30T07:42:49","guid":{"rendered":"http:\/\/isabelle.geoderis.fr\/?page_id=9"},"modified":"2026-04-13T20:46:11","modified_gmt":"2026-04-13T18:46:11","slug":"karate-club-metz","status":"publish","type":"page","link":"https:\/\/karateclubmetz.fr\/","title":{"rendered":"Bienvenue sur le site du Karat\u00e9 Club de Metz"},"content":{"rendered":"\t\t<div data-elementor-type=\"wp-page\" data-elementor-id=\"9\" class=\"elementor elementor-9\">\n\t\t\t\t\t\t<section class=\"elementor-section elementor-top-section elementor-element elementor-element-2472842 elementor-section-boxed elementor-section-height-default elementor-section-height-default\" data-id=\"2472842\" data-element_type=\"section\">\n\t\t\t\t\t\t<div class=\"elementor-container elementor-column-gap-default\">\n\t\t\t\t\t<div class=\"elementor-column elementor-col-100 elementor-top-column elementor-element elementor-element-8f101a6\" data-id=\"8f101a6\" data-element_type=\"column\">\n\t\t\t<div class=\"elementor-widget-wrap elementor-element-populated\">\n\t\t\t\t\t\t<div class=\"elementor-element elementor-element-f616dc2 elementor-position-top elementor-widget elementor-widget-image-box\" data-id=\"f616dc2\" data-element_type=\"widget\" data-widget_type=\"image-box.default\">\n\t\t\t\t<div class=\"elementor-widget-container\">\n\t\t\t<div class=\"elementor-image-box-wrapper\"><figure class=\"elementor-image-box-img\"><img fetchpriority=\"high\" decoding=\"async\" width=\"476\" height=\"404\" src=\"https:\/\/karateclubmetz.fr\/wp-content\/uploads\/2022\/11\/dragon_kcm.png\" class=\"attachment-full size-full wp-image-1216\" alt=\"\" srcset=\"https:\/\/karateclubmetz.fr\/wp-content\/uploads\/2022\/11\/dragon_kcm.png 476w, https:\/\/karateclubmetz.fr\/wp-content\/uploads\/2022\/11\/dragon_kcm-300x255.png 300w, https:\/\/karateclubmetz.fr\/wp-content\/uploads\/2022\/11\/dragon_kcm-230x195.png 230w, https:\/\/karateclubmetz.fr\/wp-content\/uploads\/2022\/11\/dragon_kcm-350x297.png 350w\" sizes=\"(max-width: 476px) 100vw, 476px\" \/><\/figure><div class=\"elementor-image-box-content\"><h3 class=\"elementor-image-box-title\">      Le karate-do est une philosophie, une attitude devant et un regard sur la vie et le monde\u2026      Gichin Funakoshi<\/h3><p class=\"elementor-image-box-description\">Nous sommes un club de karat\u00e9 Shotokan pour tous les publics et tous les \u00e2ges. Nous portons une attention particuli\u00e8re sur la qualit\u00e9 de la p\u00e9dagogie et la transmission de valeurs. Le KCM aide ses \u00e9l\u00e8ves \u00e0 progresser sur le plan personnel et \u00e0 se d\u00e9passer physiquement.<\/p><\/div><\/div>\t\t<\/div>\n\t\t\t\t<\/div>\n\t\t\t\t\t<\/div>\n\t\t<\/div>\n\t\t\t\t\t<\/div>\n\t\t<\/section>\n\t\t\t\t<section class=\"elementor-section elementor-top-section elementor-element elementor-element-74af306 elementor-section-boxed elementor-section-height-default elementor-section-height-default\" data-id=\"74af306\" data-element_type=\"section\">\n\t\t\t\t\t\t<div class=\"elementor-container elementor-column-gap-default\">\n\t\t\t\t\t<div class=\"elementor-column elementor-col-100 elementor-top-column elementor-element elementor-element-38dd5f8\" data-id=\"38dd5f8\" data-element_type=\"column\">\n\t\t\t<div class=\"elementor-widget-wrap elementor-element-populated\">\n\t\t\t\t\t\t<div class=\"elementor-element elementor-element-72607db elementor-widget elementor-widget-text-editor\" data-id=\"72607db\" data-element_type=\"widget\" data-widget_type=\"text-editor.default\">\n\t\t\t\t<div class=\"elementor-widget-container\">\n\t\t\t\t\t\t\t<h6 style=\"text-align: center;\">Nous vous proposons des cours de Karat\u00e9 Adulte, de Baby Karat\u00e9 (de 5 \u00e0 7 ans), de Karat\u00e9 Enfant (\u00e0 partir de 7 ans), de Karat\u00e9 D\u00e9fense Training et de Body Karat\u00e9.<\/h6>\n<h5 style=\"text-align: center;\">Le Karat\u00e9 Club de Metz est affili\u00e9 \u00e0 la <a href=\"https:\/\/www.ffkarate.fr\/\" target=\"_blank\" rel=\"noopener\">F\u00e9d\u00e9ration Fran\u00e7aise de Karat\u00e9<\/a>.<\/h5>\t\t\t\t\t\t<\/div>\n\t\t\t\t<\/div>\n\t\t\t\t\t<\/div>\n\t\t<\/div>\n\t\t\t\t\t<\/div>\n\t\t<\/section>\n\t\t\t\t<section class=\"elementor-section elementor-top-section elementor-element elementor-element-8135c3c elementor-section-boxed elementor-section-height-default elementor-section-height-default\" data-id=\"8135c3c\" data-element_type=\"section\">\n\t\t\t\t\t\t<div class=\"elementor-container elementor-column-gap-default\">\n\t\t\t\t\t<div class=\"elementor-column elementor-col-100 elementor-top-column elementor-element elementor-element-af7126a\" data-id=\"af7126a\" data-element_type=\"column\">\n\t\t\t<div class=\"elementor-widget-wrap elementor-element-populated\">\n\t\t\t\t\t\t<div class=\"elementor-element elementor-element-402383d elementor-widget-divider--view-line elementor-widget elementor-widget-divider\" data-id=\"402383d\" data-element_type=\"widget\" data-widget_type=\"divider.default\">\n\t\t\t\t<div class=\"elementor-widget-container\">\n\t\t\t\t\t<div class=\"elementor-divider\">\n\t\t\t<span class=\"elementor-divider-separator\">\n\t\t\t\t\t\t<\/span>\n\t\t<\/div>\n\t\t\t\t<\/div>\n\t\t\t\t<\/div>\n\t\t\t\t\t<\/div>\n\t\t<\/div>\n\t\t\t\t\t<\/div>\n\t\t<\/section>\n\t\t\t\t<section class=\"elementor-section elementor-top-section elementor-element elementor-element-bf58036 elementor-section-boxed elementor-section-height-default elementor-section-height-default\" data-id=\"bf58036\" data-element_type=\"section\">\n\t\t\t\t\t\t<div class=\"elementor-container elementor-column-gap-default\">\n\t\t\t\t\t<div class=\"elementor-column elementor-col-100 elementor-top-column elementor-element elementor-element-ec38005\" data-id=\"ec38005\" data-element_type=\"column\">\n\t\t\t<div class=\"elementor-widget-wrap elementor-element-populated\">\n\t\t\t\t\t\t<div class=\"elementor-element elementor-element-3853c1b elementor-widget elementor-widget-text-editor\" data-id=\"3853c1b\" data-element_type=\"widget\" data-widget_type=\"text-editor.default\">\n\t\t\t\t<div class=\"elementor-widget-container\">\n\t\t\t\t\t\t\t<h3>Vacances scolaires de printemps<\/h3><h4>Pas de cours de <span style=\"color: #ff0000;\">baby karat\u00e9<\/span> aux Ar\u00e8nes et \u00e0 Borny<\/h4><h4>Pas de cours \u00e0 Magny<\/h4><h4>Cours aux Ar\u00e8nes et \u00e0 Borny pour les sections enfants, adultes et body karat\u00e9 aux horaires habituels<\/h4>\t\t\t\t\t\t<\/div>\n\t\t\t\t<\/div>\n\t\t\t\t<div class=\"elementor-element elementor-element-55e103f elementor-widget elementor-widget-spacer\" data-id=\"55e103f\" data-element_type=\"widget\" data-widget_type=\"spacer.default\">\n\t\t\t\t<div class=\"elementor-widget-container\">\n\t\t\t\t\t<div class=\"elementor-spacer\">\n\t\t\t<div class=\"elementor-spacer-inner\"><\/div>\n\t\t<\/div>\n\t\t\t\t<\/div>\n\t\t\t\t<\/div>\n\t\t\t\t\t<\/div>\n\t\t<\/div>\n\t\t\t\t\t<\/div>\n\t\t<\/section>\n\t\t\t\t<section class=\"elementor-section elementor-top-section elementor-element elementor-element-b5dea10 elementor-section-boxed elementor-section-height-default elementor-section-height-default\" data-id=\"b5dea10\" data-element_type=\"section\">\n\t\t\t\t\t\t<div class=\"elementor-container elementor-column-gap-default\">\n\t\t\t\t\t<div class=\"elementor-column elementor-col-100 elementor-top-column elementor-element elementor-element-0b20061\" data-id=\"0b20061\" data-element_type=\"column\">\n\t\t\t<div class=\"elementor-widget-wrap elementor-element-populated\">\n\t\t\t\t\t\t<div class=\"elementor-element elementor-element-d58e6f6 elementor-widget elementor-widget-text-editor\" data-id=\"d58e6f6\" data-element_type=\"widget\" data-widget_type=\"text-editor.default\">\n\t\t\t\t<div class=\"elementor-widget-container\">\n\t\t\t\t\t\t\t<h4 style=\"text-align: center;\"><span style=\"color: #ccffff;\">Toutes les informations pratiques (horaires, tarifs, sites&#8230;) en cliquant<span style=\"color: #0000ff;\"> <a style=\"color: #0000ff;\" href=\"https:\/\/karateclubmetz.fr\/?page_id=648\">ici<\/a><\/span><\/span><\/h4>\n<h6 style=\"text-align: center;\"><span style=\"color: #ffffff;\">Et n&rsquo;h\u00e9sitez pas \u00e0 consulter le site, la page <span style=\"color: #0000ff;\"><a style=\"color: #0000ff;\" href=\"https:\/\/www.facebook.com\/karateclubdemetz\/\" target=\"_blank\" rel=\"noopener\">Facebook<\/a><\/span> du Club ou la cha\u00eene <a style=\"color: #ffffff;\" href=\"https:\/\/www.youtube.com\/channel\/UCv897C0MKwzjQJBz9fPmLIw\/featured\" target=\"_blank\" rel=\"noopener\"><span style=\"color: #0000ff;\">Youtube<\/span><\/a>.<\/span><\/h6>\n<h6 style=\"text-align: center;\"><span style=\"color: #ffffff;\">Abonnez-vous \u00e0 la newsletter pour recevoir toutes les informations du club.<\/span><\/h6>\t\t\t\t\t\t<\/div>\n\t\t\t\t<\/div>\n\t\t\t\t\t<\/div>\n\t\t<\/div>\n\t\t\t\t\t<\/div>\n\t\t<\/section>\n\t\t\t\t<\/div>\n\t\t","protected":false},"excerpt":{"rendered":"<p>Le karate-do est une philosophie, une attitude devant et un regard sur la vie et le monde\u2026 Gichin Funakoshi Nous sommes un [&hellip;]<\/p>\n","protected":false},"author":1,"featured_media":0,"parent":0,"menu_order":0,"comment_status":"closed","ping_status":"closed","template":"","meta":{"footnotes":""},"class_list":["post-9","page","type-page","status-publish","hentry"],"yoast_head":"<!-- This site is optimized with the Yoast SEO plugin v23.3 - https:\/\/yoast.com\/wordpress\/plugins\/seo\/ -->\n<title>Karat\u00e9 Club de Metz - Bienvenue sur le site du KCM<\/title>\n<meta name=\"description\" content=\"Le Karat\u00e9 Club de Metz accueille enfants et adultes, du lundi au samedi, pour la pratique du Karat\u00e9 (Shotokan) du baby karat\u00e9 et du body karat\u00e9.\" \/>\n<meta name=\"robots\" content=\"index, follow, max-snippet:-1, max-image-preview:large, max-video-preview:-1\" \/>\n<link rel=\"canonical\" href=\"https:\/\/karateclubmetz.fr\/\" \/>\n<meta property=\"og:locale\" content=\"fr_FR\" \/>\n<meta property=\"og:type\" content=\"article\" \/>\n<meta property=\"og:title\" content=\"Karat\u00e9 Club de Metz - Bienvenue sur le site du KCM\" \/>\n<meta property=\"og:description\" content=\"Le Karat\u00e9 Club de Metz accueille enfants et adultes, du lundi au samedi, pour la pratique du Karat\u00e9 (Shotokan) du baby karat\u00e9 et du body karat\u00e9.\" \/>\n<meta property=\"og:url\" content=\"https:\/\/karateclubmetz.fr\/\" \/>\n<meta property=\"og:site_name\" content=\"Karat\u00e9 Club de Metz\" \/>\n<meta property=\"article:publisher\" content=\"http:\/\/www.facebook.com\/group.php?gid=107459822611766\" \/>\n<meta property=\"article:modified_time\" content=\"2026-04-13T18:46:11+00:00\" \/>\n<meta property=\"og:image\" content=\"https:\/\/karateclubmetz.fr\/wp-content\/uploads\/2022\/11\/dragon_kcm.png\" \/>\n<meta name=\"twitter:card\" content=\"summary_large_image\" \/>\n<meta name=\"twitter:label1\" content=\"Dur\u00e9e de lecture estim\u00e9e\" \/>\n\t<meta name=\"twitter:data1\" content=\"2 minutes\" \/>\n<script type=\"application\/ld+json\" class=\"yoast-schema-graph\">{\"@context\":\"https:\/\/schema.org\",\"@graph\":[{\"@type\":\"WebPage\",\"@id\":\"https:\/\/karateclubmetz.fr\/\",\"url\":\"https:\/\/karateclubmetz.fr\/\",\"name\":\"Karat\u00e9 Club de Metz - Bienvenue sur le site du KCM\",\"isPartOf\":{\"@id\":\"https:\/\/karateclubmetz.fr\/#website\"},\"primaryImageOfPage\":{\"@id\":\"https:\/\/karateclubmetz.fr\/#primaryimage\"},\"image\":{\"@id\":\"https:\/\/karateclubmetz.fr\/#primaryimage\"},\"thumbnailUrl\":\"https:\/\/karateclubmetz.fr\/wp-content\/uploads\/2022\/11\/dragon_kcm.png\",\"datePublished\":\"2019-08-30T07:42:49+00:00\",\"dateModified\":\"2026-04-13T18:46:11+00:00\",\"description\":\"Le Karat\u00e9 Club de Metz accueille enfants et adultes, du lundi au samedi, pour la pratique du Karat\u00e9 (Shotokan) du baby karat\u00e9 et du body karat\u00e9.\",\"breadcrumb\":{\"@id\":\"https:\/\/karateclubmetz.fr\/#breadcrumb\"},\"inLanguage\":\"fr-FR\",\"potentialAction\":[{\"@type\":\"ReadAction\",\"target\":[\"https:\/\/karateclubmetz.fr\/\"]}]},{\"@type\":\"ImageObject\",\"inLanguage\":\"fr-FR\",\"@id\":\"https:\/\/karateclubmetz.fr\/#primaryimage\",\"url\":\"https:\/\/karateclubmetz.fr\/wp-content\/uploads\/2022\/11\/dragon_kcm.png\",\"contentUrl\":\"https:\/\/karateclubmetz.fr\/wp-content\/uploads\/2022\/11\/dragon_kcm.png\",\"width\":476,\"height\":404},{\"@type\":\"BreadcrumbList\",\"@id\":\"https:\/\/karateclubmetz.fr\/#breadcrumb\",\"itemListElement\":[{\"@type\":\"ListItem\",\"position\":1,\"name\":\"Accueil\",\"item\":\"https:\/\/karateclubmetz.fr\/\"},{\"@type\":\"ListItem\",\"position\":2,\"name\":\"Bienvenue sur le site du Karat\u00e9 Club de Metz\"}]},{\"@type\":\"WebSite\",\"@id\":\"https:\/\/karateclubmetz.fr\/#website\",\"url\":\"https:\/\/karateclubmetz.fr\/\",\"name\":\"Karat\u00e9 Club de Metz\",\"description\":\"Le Karat\u00e9 est dans tout ce que vous faites, L\u00e0 est la beaut\u00e9 du travail\",\"publisher\":{\"@id\":\"https:\/\/karateclubmetz.fr\/#organization\"},\"potentialAction\":[{\"@type\":\"SearchAction\",\"target\":{\"@type\":\"EntryPoint\",\"urlTemplate\":\"https:\/\/karateclubmetz.fr\/?s={search_term_string}\"},\"query-input\":\"required name=search_term_string\"}],\"inLanguage\":\"fr-FR\"},{\"@type\":\"Organization\",\"@id\":\"https:\/\/karateclubmetz.fr\/#organization\",\"name\":\"Karat\u00e9 Club de Metz\",\"url\":\"https:\/\/karateclubmetz.fr\/\",\"logo\":{\"@type\":\"ImageObject\",\"inLanguage\":\"fr-FR\",\"@id\":\"https:\/\/karateclubmetz.fr\/#\/schema\/logo\/image\/\",\"url\":\"https:\/\/karateclubmetz.fr\/wp-content\/uploads\/2019\/09\/logo_kcm.jpg\",\"contentUrl\":\"https:\/\/karateclubmetz.fr\/wp-content\/uploads\/2019\/09\/logo_kcm.jpg\",\"width\":157,\"height\":157,\"caption\":\"Karat\u00e9 Club de Metz\"},\"image\":{\"@id\":\"https:\/\/karateclubmetz.fr\/#\/schema\/logo\/image\/\"},\"sameAs\":[\"http:\/\/www.facebook.com\/group.php?gid=107459822611766\",\"https:\/\/instagram.com\/karate_club_de_metz?igshid=181ca0zciwjvq\",\"https:\/\/www.youtube.com\/watch?v=nm26u2MIRwY\"]}]}<\/script>\n<!-- \/ Yoast SEO plugin. -->","yoast_head_json":{"title":"Karat\u00e9 Club de Metz - Bienvenue sur le site du KCM","description":"Le Karat\u00e9 Club de Metz accueille enfants et adultes, du lundi au samedi, pour la pratique du Karat\u00e9 (Shotokan) du baby karat\u00e9 et du body karat\u00e9.","robots":{"index":"index","follow":"follow","max-snippet":"max-snippet:-1","max-image-preview":"max-image-preview:large","max-video-preview":"max-video-preview:-1"},"canonical":"https:\/\/karateclubmetz.fr\/","og_locale":"fr_FR","og_type":"article","og_title":"Karat\u00e9 Club de Metz - Bienvenue sur le site du KCM","og_description":"Le Karat\u00e9 Club de Metz accueille enfants et adultes, du lundi au samedi, pour la pratique du Karat\u00e9 (Shotokan) du baby karat\u00e9 et du body karat\u00e9.","og_url":"https:\/\/karateclubmetz.fr\/","og_site_name":"Karat\u00e9 Club de Metz","article_publisher":"http:\/\/www.facebook.com\/group.php?gid=107459822611766","article_modified_time":"2026-04-13T18:46:11+00:00","og_image":[{"url":"https:\/\/karateclubmetz.fr\/wp-content\/uploads\/2022\/11\/dragon_kcm.png"}],"twitter_card":"summary_large_image","twitter_misc":{"Dur\u00e9e de lecture estim\u00e9e":"2 minutes"},"schema":{"@context":"https:\/\/schema.org","@graph":[{"@type":"WebPage","@id":"https:\/\/karateclubmetz.fr\/","url":"https:\/\/karateclubmetz.fr\/","name":"Karat\u00e9 Club de Metz - Bienvenue sur le site du KCM","isPartOf":{"@id":"https:\/\/karateclubmetz.fr\/#website"},"primaryImageOfPage":{"@id":"https:\/\/karateclubmetz.fr\/#primaryimage"},"image":{"@id":"https:\/\/karateclubmetz.fr\/#primaryimage"},"thumbnailUrl":"https:\/\/karateclubmetz.fr\/wp-content\/uploads\/2022\/11\/dragon_kcm.png","datePublished":"2019-08-30T07:42:49+00:00","dateModified":"2026-04-13T18:46:11+00:00","description":"Le Karat\u00e9 Club de Metz accueille enfants et adultes, du lundi au samedi, pour la pratique du Karat\u00e9 (Shotokan) du baby karat\u00e9 et du body karat\u00e9.","breadcrumb":{"@id":"https:\/\/karateclubmetz.fr\/#breadcrumb"},"inLanguage":"fr-FR","potentialAction":[{"@type":"ReadAction","target":["https:\/\/karateclubmetz.fr\/"]}]},{"@type":"ImageObject","inLanguage":"fr-FR","@id":"https:\/\/karateclubmetz.fr\/#primaryimage","url":"https:\/\/karateclubmetz.fr\/wp-content\/uploads\/2022\/11\/dragon_kcm.png","contentUrl":"https:\/\/karateclubmetz.fr\/wp-content\/uploads\/2022\/11\/dragon_kcm.png","width":476,"height":404},{"@type":"BreadcrumbList","@id":"https:\/\/karateclubmetz.fr\/#breadcrumb","itemListElement":[{"@type":"ListItem","position":1,"name":"Accueil","item":"https:\/\/karateclubmetz.fr\/"},{"@type":"ListItem","position":2,"name":"Bienvenue sur le site du Karat\u00e9 Club de Metz"}]},{"@type":"WebSite","@id":"https:\/\/karateclubmetz.fr\/#website","url":"https:\/\/karateclubmetz.fr\/","name":"Karat\u00e9 Club de Metz","description":"Le Karat\u00e9 est dans tout ce que vous faites, L\u00e0 est la beaut\u00e9 du travail","publisher":{"@id":"https:\/\/karateclubmetz.fr\/#organization"},"potentialAction":[{"@type":"SearchAction","target":{"@type":"EntryPoint","urlTemplate":"https:\/\/karateclubmetz.fr\/?s={search_term_string}"},"query-input":"required name=search_term_string"}],"inLanguage":"fr-FR"},{"@type":"Organization","@id":"https:\/\/karateclubmetz.fr\/#organization","name":"Karat\u00e9 Club de Metz","url":"https:\/\/karateclubmetz.fr\/","logo":{"@type":"ImageObject","inLanguage":"fr-FR","@id":"https:\/\/karateclubmetz.fr\/#\/schema\/logo\/image\/","url":"https:\/\/karateclubmetz.fr\/wp-content\/uploads\/2019\/09\/logo_kcm.jpg","contentUrl":"https:\/\/karateclubmetz.fr\/wp-content\/uploads\/2019\/09\/logo_kcm.jpg","width":157,"height":157,"caption":"Karat\u00e9 Club de Metz"},"image":{"@id":"https:\/\/karateclubmetz.fr\/#\/schema\/logo\/image\/"},"sameAs":["http:\/\/www.facebook.com\/group.php?gid=107459822611766","https:\/\/instagram.com\/karate_club_de_metz?igshid=181ca0zciwjvq","https:\/\/www.youtube.com\/watch?v=nm26u2MIRwY"]}]}},"_links":{"self":[{"href":"https:\/\/karateclubmetz.fr\/index.php?rest_route=\/wp\/v2\/pages\/9"}],"collection":[{"href":"https:\/\/karateclubmetz.fr\/index.php?rest_route=\/wp\/v2\/pages"}],"about":[{"href":"https:\/\/karateclubmetz.fr\/index.php?rest_route=\/wp\/v2\/types\/page"}],"author":[{"embeddable":true,"href":"https:\/\/karateclubmetz.fr\/index.php?rest_route=\/wp\/v2\/users\/1"}],"replies":[{"embeddable":true,"href":"https:\/\/karateclubmetz.fr\/index.php?rest_route=%2Fwp%2Fv2%2Fcomments&post=9"}],"version-history":[{"count":367,"href":"https:\/\/karateclubmetz.fr\/index.php?rest_route=\/wp\/v2\/pages\/9\/revisions"}],"predecessor-version":[{"id":1799,"href":"https:\/\/karateclubmetz.fr\/index.php?rest_route=\/wp\/v2\/pages\/9\/revisions\/1799"}],"wp:attachment":[{"href":"https:\/\/karateclubmetz.fr\/index.php?rest_route=%2Fwp%2Fv2%2Fmedia&parent=9"}],"curies":[{"name":"wp","href":"https:\/\/api.w.org\/{rel}","templated":true}]}}